{"id":4960,"date":"2016-10-17T12:35:03","date_gmt":"2016-10-17T10:35:03","guid":{"rendered":"http:\/\/www.tours-in-provence.com\/en\/liens-partenaires-copy"},"modified":"2016-11-14T11:29:18","modified_gmt":"2016-11-14T10:29:18","slug":"links-partners","status":"publish","type":"page","link":"https:\/\/www.tours-in-provence.com\/en\/links-partners","title":{"rendered":"Links and Partners"},"content":{"rendered":"<p>[vc_row][vc_column width=\u00a0\u00bb1\/2&Prime;][vc_empty_space height=\u00a0\u00bb15px\u00a0\u00bb][vc_single_image image=\u00a0\u00bb4638&Prime; img_size=\u00a0\u00bblarge\u00a0\u00bb onclick=\u00a0\u00bbcustom_link\u00a0\u00bb title=\u00a0\u00bbEnjoy your Tours in Provence\u00a0\u00bb link=\u00a0\u00bbhttp:\/\/www.tours-in-provence.com\/en\/wine-tasting\u00a0\u00bb][vc_empty_space height=\u00a0\u00bb15px\u00a0\u00bb][vc_single_image image=\u00a0\u00bb4779&Prime; img_size=\u00a0\u00bblarge\u00a0\u00bb onclick=\u00a0\u00bbcustom_link\u00a0\u00bb link=\u00a0\u00bbhttp:\/\/www.tours-in-provence.com\/en\/individual-tour-provence\u00a0\u00bb][vc_empty_space height=\u00a0\u00bb15px\u00a0\u00bb][vc_row_inner content_placement=\u00a0\u00bbmiddle\u00a0\u00bb css=\u00a0\u00bb.vc_custom_1464118205599{padding-left: 5px !important;}\u00a0\u00bb][vc_column_inner width=\u00a0\u00bb1\/2&Prime;][vc_single_image image=\u00a0\u00bb4591&Prime; img_size=\u00a0\u00bbmedium\u00a0\u00bb alignment=\u00a0\u00bbcenter\u00a0\u00bb style=\u00a0\u00bbvc_box_shadow\u00a0\u00bb onclick=\u00a0\u00bbimg_link_large\u00a0\u00bb img_link_target=\u00a0\u00bb_blank\u00a0\u00bb][\/vc_column_inner][vc_column_inner width=\u00a0\u00bb1\/2&Prime;][vc_message message_box_style=\u00a0\u00bb3d\u00a0\u00bb message_box_color=\u00a0\u00bbblue\u00a0\u00bb icon_fontawesome=\u00a0\u00bbfa fa-camera-retro\u00a0\u00bb]<span style=\"color: #333333;\"><a style=\"color: #333333;\" href=\"http:\/\/www.tours-in-provence.com\/en\/album-photos\">See Album and all C\u00e9cile&rsquo; s pictures<\/a><\/span>[\/vc_message][\/vc_column_inner][\/vc_row_inner][\/vc_column][vc_column width=\u00a0\u00bb1\/2&Prime; css=\u00a0\u00bb.vc_custom_1464551345831{background-color: #f1edc5 !important;}\u00a0\u00bb][vc_column_text]<\/p>\n<h3><span style=\"color: #000000;\">C\u00e9cile&rsquo;s best addresses<br \/>\n<\/span><\/h3>\n<p>[\/vc_column_text][vc_empty_space height=\u00a0\u00bb15px\u00a0\u00bb][vc_row_inner css=\u00a0\u00bb.vc_custom_1464556789872{background-color: #ffffff !important;}\u00a0\u00bb][vc_column_inner][vc_column_text]KNOWING MORE ABOUT PROVENCE :[\/vc_column_text][\/vc_column_inner][\/vc_row_inner][vc_row_inner][vc_column_inner width=\u00a0\u00bb1\/2&Prime;][vc_column_text]<a href=\"http:\/\/www.aixenprovencetourism.com\/en\/\"><img loading=\"lazy\" decoding=\"async\" class=\"size-full wp-image-4691 alignleft\" src=\"http:\/\/www.tours-in-provence.com\/en\/wp-content\/uploads\/sites\/5\/2016\/05\/aix-en-provence.jpg\" alt=\"Office de Tourisme d'Aix en Provence\" width=\"60\" height=\"60\" \/><\/a><a href=\"http:\/\/www.aixenprovencetourism.com\/\" target=\"_blank\"><br \/>\nTouristboard Aix en Provence<\/a><\/p>\n<p><a href=\"http:\/\/www.marseille-tourisme.com\/en\/\" target=\"_blank\"><img loading=\"lazy\" decoding=\"async\" class=\"alignleft wp-image-4694 size-full\" src=\"http:\/\/www.tours-in-provence.com\/en\/wp-content\/uploads\/sites\/5\/2016\/05\/marseille.jpg\" alt=\"Office de Tourisme de Marseille\" width=\"60\" height=\"60\" \/><\/a><a href=\"http:\/\/www.aixenprovencetourism.com\/\" target=\"_blank\">Touristboard Marseille<\/a>[\/vc_column_text][\/vc_column_inner][vc_column_inner width=\u00a0\u00bb1\/2&Prime;][vc_column_text]<a href=\"http:\/\/tourismepaca.fr\/welcome\/\"><img loading=\"lazy\" decoding=\"async\" class=\"wp-image-4698 size-full alignleft\" src=\"http:\/\/www.tours-in-provence.com\/en\/wp-content\/uploads\/sites\/5\/2016\/05\/provence-alpes-cote-d-azur.jpg\" alt=\"Touristboard area Provence Alpes C\u00f4te d'Azur\" width=\"130\" height=\"18\" \/><\/a><a href=\"http:\/\/tourismepaca.fr\/welcome\/\" target=\"_blank\">Touristboard area Provence Alpes C\u00f4te d&rsquo;Azur<\/a><\/p>\n<p><a href=\"https:\/\/www.myprovence.fr\/en\" target=\"_blank\"><img loading=\"lazy\" decoding=\"async\" class=\"wp-image-4699 size-full alignleft\" src=\"http:\/\/www.tours-in-provence.com\/en\/wp-content\/uploads\/sites\/5\/2016\/05\/cdt-13.jpg\" alt=\"Touristboard area Bouches du Rh\u00f4ne\" width=\"60\" height=\"60\" \/><\/a><\/p>\n<p>&nbsp;<\/p>\n<p><a href=\"https:\/\/www.myprovence.fr\/en\" target=\"_blank\">Touristboard area Bouches du Rh\u00f4ne<\/a>[\/vc_column_text][\/vc_column_inner][\/vc_row_inner][vc_row_inner css=\u00a0\u00bb.vc_custom_1464556802524{background-color: #ffffff !important;}\u00a0\u00bb][vc_column_inner][vc_column_text]HAVE A LOOK TO OTHER LINKS:[\/vc_column_text][\/vc_column_inner][\/vc_row_inner][vc_row_inner][vc_column_inner width=\u00a0\u00bb1\/2&Prime;][vc_column_text][\/vc_column_text][vc_column_text]<a href=\"http:\/\/www.masdeloulivie.com\"><img loading=\"lazy\" decoding=\"async\" class=\"wp-image-4701 size-full alignleft\" src=\"http:\/\/www.tours-in-provence.com\/en\/wp-content\/uploads\/sites\/5\/2016\/05\/mas-oulivie.jpg\" alt=\"mas-oulivie Les Baux de Provence\" width=\"60\" height=\"60\" \/><\/a><strong><a href=\"http:\/\/www.masdeloulivie.com\" target=\"_blank\">H\u00f4tel*** Les Baux de Provence<\/a><\/strong><br \/>\nForfaits Golf, Bien-\u00eatre, d\u00e9couverte,<br \/>\nVisites gourmande \u00e0 v\u00e9lo<br \/>\n<a href=\"http:\/\/www.masdeloulivie.com\" target=\"_blank\">www.masdeloulivie.com <\/a><\/p>\n<p>.<br \/>\n<a href=\"http:\/\/www.thermes-sextius.com\/\" target=\"_blank\"><img loading=\"lazy\" decoding=\"async\" class=\"alignleft wp-image-4704 size-full\" src=\"http:\/\/www.tours-in-provence.com\/en\/wp-content\/uploads\/sites\/5\/2016\/05\/thermes-sextius.jpg\" alt=\"thermes-sextius\" width=\"60\" height=\"60\" \/><\/a><strong><a href=\"http:\/\/www.thermes-sextius.com\/\" target=\"_blank\">Thermes Sextius<\/a><\/strong><br \/>\nSpa et Centre Thalasso<br \/>\n\u00e0 Aix en Provence<br \/>\n<a href=\"http:\/\/www.thermes-sextius.com\/\" target=\"_blank\">www.thermes-sextius.com<\/a><\/p>\n<p>.<br \/>\n<a href=\"https:\/\/www.internations.org\/france-expats\"><img loading=\"lazy\" decoding=\"async\" class=\"alignleft wp-image-4703 size-full\" src=\"http:\/\/www.tours-in-provence.com\/en\/wp-content\/uploads\/sites\/5\/2016\/05\/internations.jpg\" alt=\"internations\" width=\"60\" height=\"60\" \/><\/a><strong><a href=\"https:\/\/www.internations.org\/france-expats\" target=\"_blank\">InterNations<\/a><\/strong><br \/>\nFrance Expat<br \/>\n<a href=\"https:\/\/www.internations.org\/france-expats\" target=\"_blank\">www.internations.org<\/a><\/p>\n<p><a href=\"http:\/\/www.monarbre-matribu.com\/\" target=\"_blank\"><img loading=\"lazy\" decoding=\"async\" class=\"alignleft wp-image-4705 size-full\" src=\"http:\/\/www.tours-in-provence.com\/en\/wp-content\/uploads\/sites\/5\/2016\/05\/planete-urgence.jpg\" alt=\"planete-urgence\" width=\"60\" height=\"60\" \/><\/a><a href=\"http:\/\/www.monarbre-matribu.com\/\" target=\"_blank\"><strong>PLANETE URGENCE<\/strong><\/a><br \/>\nNous vous aidons \u00e0 agir. Pour chaque r\u00e9servation faite avec Tours in Provence, nous nous engageons \u00e0 financer la plantation d&rsquo;un arbre dans des r\u00e9gions d\u00e9favoris\u00e9es avec notre partenaire \u00ab\u00a0Mon Arbre Ma tribu\u00a0\u00bb.<br \/>\n<a href=\"http:\/\/www.monarbre-matribu.com\/\" target=\"_blank\">www.monarbre-matribu.com<\/a>[\/vc_column_text][\/vc_column_inner][vc_column_inner width=\u00a0\u00bb1\/2&Prime;][vc_column_text]<a href=\"http:\/\/theprovencepost.blogspot.fr\/\" target=\"_blank\"><img loading=\"lazy\" decoding=\"async\" class=\"alignleft wp-image-4708 size-full\" src=\"http:\/\/www.tours-in-provence.com\/en\/wp-content\/uploads\/sites\/5\/2016\/05\/tripadvisor-1.jpg\" alt=\"tripadvisor\" width=\"60\" height=\"60\" \/><\/a><strong><a href=\"https:\/\/www.tripadvisor.fr\/Attraction_Review-g187209-d1917572-Reviews-Tours_in_Provence_Day_Tours-Aix_en_Provence_Bouches_du_Rhone_Provence.html\" target=\"_blank\">Tripadvisor<\/a><\/strong><br \/>\nle r\u00e9seau mondial<br \/>\nd&rsquo;avis de voyages<br \/>\n<a href=\"https:\/\/www.tripadvisor.fr\/Attraction_Review-g187209-d1917572-Reviews-Tours_in_Provence_Day_Tours-Aix_en_Provence_Bouches_du_Rhone_Provence.html\" target=\"_blank\">www.tripadvisor.fr<\/a><\/p>\n<p>.<br \/>\n<a href=\"http:\/\/www.provenceweb.fr\/\" target=\"_blank\"><img loading=\"lazy\" decoding=\"async\" class=\"alignleft wp-image-4707 size-full\" src=\"http:\/\/www.tours-in-provence.com\/en\/wp-content\/uploads\/sites\/5\/2016\/05\/provence-web.jpg\" alt=\"provence-web\" width=\"60\" height=\"60\" \/><\/a><strong><a href=\"http:\/\/www.provenceweb.fr\/\" target=\"_blank\">Provenceweb<\/a><\/strong><br \/>\nGuide touristique<br \/>\nProvence et C\u00f4te-d&rsquo;Azur<br \/>\n<a href=\"http:\/\/www.provenceweb.fr\/\" target=\"_blank\">www.provenceweb.fr<\/a><\/p>\n<p>.<br \/>\n<a href=\"http:\/\/theprovencepost.blogspot.fr\/\" target=\"_blank\"><img loading=\"lazy\" decoding=\"async\" class=\"alignleft wp-image-4706\" src=\"http:\/\/www.tours-in-provence.com\/en\/wp-content\/uploads\/sites\/5\/2016\/05\/provence-post.jpg\" alt=\"provence-post\" width=\"60\" height=\"60\" \/><\/a><strong><a href=\"http:\/\/theprovencepost.blogspot.fr\/\" target=\"_blank\">The Provence Post<\/a><\/strong><br \/>\nBlog about Provence<br \/>\n<a href=\"http:\/\/theprovencepost.blogspot.fr\/\" target=\"_blank\">theprovencepost.blogspot.fr<\/a><\/p>\n<p>.<br \/>\n<a href=\"http:\/\/paca.lpo.fr\/\" target=\"_blank\"><img loading=\"lazy\" decoding=\"async\" class=\"alignleft wp-image-5011 size-full\" src=\"http:\/\/www.tours-in-provence.com\/en\/wp-content\/uploads\/sites\/5\/2016\/10\/lpo-paca-60.jpg\" alt=\"birds\" width=\"60\" height=\"60\" \/><\/a><strong>League for the Protection of Birds<br \/>\n<\/strong><a href=\"http:\/\/paca.lpo.fr\/\" target=\"_blank\">paca.lpo.fr<\/a><\/p>\n<p>.<br \/>\n<img loading=\"lazy\" decoding=\"async\" class=\"alignleft size-full wp-image-4709\" src=\"http:\/\/www.tours-in-provence.com\/en\/wp-content\/uploads\/sites\/5\/2016\/05\/myboutiquehotel.jpg\" alt=\"myboutiquehotel\" width=\"60\" height=\"60\" \/><a href=\"http:\/\/www.myboutiquehotel.com\/fr\/\" target=\"_blank\"><strong>Boutique et Design H\u00f4tels<\/strong><\/a><br \/>\nParis<br \/>\n<a href=\"http:\/\/www.myboutiquehotel.com\/fr\/\" target=\"_blank\">www.myboutiquehotel.com<\/a><\/p>\n<p>.<br \/>\n<a href=\"http:\/\/www.clossaintevictoire.com\/en\/\" target=\"_blank\"><img loading=\"lazy\" decoding=\"async\" class=\"alignleft wp-image-5012 size-full\" src=\"http:\/\/www.tours-in-provence.com\/en\/wp-content\/uploads\/sites\/5\/2016\/10\/clos.jpg\" alt=\"clos horseriding\" width=\"60\" height=\"60\" \/><\/a><strong>Horseriding Clos Sainte Victoire<br \/>\n<\/strong><a href=\"http:\/\/www.clossaintevictoire.com\/en\/\" target=\"_blank\">Clos Sainte Victoire<\/a>[\/vc_column_text][\/vc_column_inner][\/vc_row_inner][\/vc_column][\/vc_row]<\/p>\n","protected":false},"excerpt":{"rendered":"<p>[vc_row][vc_column width=\u00a0\u00bb1\/2&Prime;][vc_empty_space height=\u00a0\u00bb15px\u00a0\u00bb][vc_single_image image=\u00a0\u00bb4638&Prime; img_size=\u00a0\u00bblarge\u00a0\u00bb onclick=\u00a0\u00bbcustom_link\u00a0\u00bb title=\u00a0\u00bbEnjoy your Tours in Provence\u00a0\u00bb link=\u00a0\u00bbhttp:\/\/www.tours-in-provence.com\/en\/wine-tasting\u00a0\u00bb][vc_empty_space height=\u00a0\u00bb15px\u00a0\u00bb][vc_single_image image=\u00a0\u00bb4779&Prime; img_size=\u00a0\u00bblarge\u00a0\u00bb onclick=\u00a0\u00bbcustom_link\u00a0\u00bb link=\u00a0\u00bbhttp:\/\/www.tours-in-provence.com\/en\/individual-tour-provence\u00a0\u00bb][vc_empty_space height=\u00a0\u00bb15px\u00a0\u00bb][vc_row_inner content_placement=\u00a0\u00bbmiddle\u00a0\u00bb css=\u00a0\u00bb.vc_custom_1464118205599{padding-left: 5px !important;}\u00a0\u00bb][vc_column_inner width=\u00a0\u00bb1\/2&Prime;][vc_single_image image=\u00a0\u00bb4591&Prime; img_size=\u00a0\u00bbmedium\u00a0\u00bb alignment=\u00a0\u00bbcenter\u00a0\u00bb style=\u00a0\u00bbvc_box_shadow\u00a0\u00bb onclick=\u00a0\u00bbimg_link_large\u00a0\u00bb img_link_target=\u00a0\u00bb_blank\u00a0\u00bb][\/vc_column_inner][vc_column_inner width=\u00a0\u00bb1\/2&Prime;][vc_message message_box_style=\u00a0\u00bb3d\u00a0\u00bb message_box_color=\u00a0\u00bbblue\u00a0\u00bb icon_fontawesome=\u00a0\u00bbfa fa-camera-retro\u00a0\u00bb]See Album and all C\u00e9cile&rsquo; s pictures[\/vc_message][\/vc_column_inner][\/vc_row_inner][\/vc_column][vc_column width=\u00a0\u00bb1\/2&Prime; css=\u00a0\u00bb.vc_custom_1464551345831{background-color: #f1edc5 !important;}\u00a0\u00bb][vc_column_text] C\u00e9cile&rsquo;s best addresses [\/vc_column_text][vc_empty_space height=\u00a0\u00bb15px\u00a0\u00bb][vc_row_inner css=\u00a0\u00bb.vc_custom_1464556789872{background-color: #ffffff !important;}\u00a0\u00bb][vc_column_inner][vc_column_text]KNOWING MORE ABOUT PROVENCE &#8230; <a class=\"excerpt-readmore\" href=\"https:\/\/www.tours-in-provence.com\/en\/links-partners\">Read More<\/a><\/p>\n","protected":false},"author":1,"featured_media":0,"parent":0,"menu_order":0,"comment_status":"closed","ping_status":"closed","template":"","meta":{"footnotes":""},"class_list":["post-4960","page","type-page","status-publish","hentry"],"yoast_head":"<!-- This site is optimized with the Yoast SEO plugin v26.9 - https:\/\/yoast.com\/product\/yoast-seo-wordpress\/ -->\n<title>Links and Partners Tours in Provence<\/title>\n<meta name=\"description\" content=\"Meeting the partners of Tours in Provence, contact C\u00e9cile your personal guide and driver, and find out her best addresses in Provence.\" \/>\n<meta name=\"robots\" content=\"index, follow, max-snippet:-1, max-image-preview:large, max-video-preview:-1\" \/>\n<link rel=\"canonical\" href=\"https:\/\/www.tours-in-provence.com\/en\/links-partners\" \/>\n<meta property=\"og:locale\" content=\"fr_FR\" \/>\n<meta property=\"og:type\" content=\"article\" \/>\n<meta property=\"og:title\" content=\"Links and Partners Tours in Provence\" \/>\n<meta property=\"og:description\" content=\"Meeting the partners of Tours in Provence, contact C\u00e9cile your personal guide and driver, and find out her best addresses in Provence.\" \/>\n<meta property=\"og:url\" content=\"https:\/\/www.tours-in-provence.com\/en\/links-partners\" \/>\n<meta property=\"og:site_name\" content=\"Tours in Provence\" \/>\n<meta property=\"article:modified_time\" content=\"2016-11-14T10:29:18+00:00\" \/>\n<meta property=\"og:image\" content=\"https:\/\/www.tours-in-provence.com\/en\/wp-content\/uploads\/sites\/5\/2016\/05\/aix-en-provence.jpg\" \/>\n\t<meta property=\"og:image:width\" content=\"60\" \/>\n\t<meta property=\"og:image:height\" content=\"60\" \/>\n\t<meta property=\"og:image:type\" content=\"image\/jpeg\" \/>\n<meta name=\"twitter:card\" content=\"summary_large_image\" \/>\n<meta name=\"twitter:label1\" content=\"Dur\u00e9e de lecture estim\u00e9e\" \/>\n\t<meta name=\"twitter:data1\" content=\"2 minutes\" \/>\n<script type=\"application\/ld+json\" class=\"yoast-schema-graph\">{\"@context\":\"https:\/\/schema.org\",\"@graph\":[{\"@type\":\"WebPage\",\"@id\":\"https:\/\/www.tours-in-provence.com\/en\/links-partners\",\"url\":\"https:\/\/www.tours-in-provence.com\/en\/links-partners\",\"name\":\"Links and Partners Tours in Provence\",\"isPartOf\":{\"@id\":\"https:\/\/www.tours-in-provence.com\/en\/#website\"},\"primaryImageOfPage\":{\"@id\":\"https:\/\/www.tours-in-provence.com\/en\/links-partners#primaryimage\"},\"image\":{\"@id\":\"https:\/\/www.tours-in-provence.com\/en\/links-partners#primaryimage\"},\"thumbnailUrl\":\"http:\/\/www.tours-in-provence.com\/en\/wp-content\/uploads\/sites\/5\/2016\/05\/aix-en-provence.jpg\",\"datePublished\":\"2016-10-17T10:35:03+00:00\",\"dateModified\":\"2016-11-14T10:29:18+00:00\",\"description\":\"Meeting the partners of Tours in Provence, contact C\u00e9cile your personal guide and driver, and find out her best addresses in Provence.\",\"breadcrumb\":{\"@id\":\"https:\/\/www.tours-in-provence.com\/en\/links-partners#breadcrumb\"},\"inLanguage\":\"fr-FR\",\"potentialAction\":[{\"@type\":\"ReadAction\",\"target\":[\"https:\/\/www.tours-in-provence.com\/en\/links-partners\"]}]},{\"@type\":\"ImageObject\",\"inLanguage\":\"fr-FR\",\"@id\":\"https:\/\/www.tours-in-provence.com\/en\/links-partners#primaryimage\",\"url\":\"http:\/\/www.tours-in-provence.com\/en\/wp-content\/uploads\/sites\/5\/2016\/05\/aix-en-provence.jpg\",\"contentUrl\":\"http:\/\/www.tours-in-provence.com\/en\/wp-content\/uploads\/sites\/5\/2016\/05\/aix-en-provence.jpg\"},{\"@type\":\"BreadcrumbList\",\"@id\":\"https:\/\/www.tours-in-provence.com\/en\/links-partners#breadcrumb\",\"itemListElement\":[{\"@type\":\"ListItem\",\"position\":1,\"name\":\"Accueil\",\"item\":\"https:\/\/www.tours-in-provence.com\/en\/\"},{\"@type\":\"ListItem\",\"position\":2,\"name\":\"Links and Partners\"}]},{\"@type\":\"WebSite\",\"@id\":\"https:\/\/www.tours-in-provence.com\/en\/#website\",\"url\":\"https:\/\/www.tours-in-provence.com\/en\/\",\"name\":\"Tours in Provence\",\"description\":\"Enjoy your trip with your private guide in Provence\",\"potentialAction\":[{\"@type\":\"SearchAction\",\"target\":{\"@type\":\"EntryPoint\",\"urlTemplate\":\"https:\/\/www.tours-in-provence.com\/en\/?s={search_term_string}\"},\"query-input\":{\"@type\":\"PropertyValueSpecification\",\"valueRequired\":true,\"valueName\":\"search_term_string\"}}],\"inLanguage\":\"fr-FR\"}]}<\/script>\n<!-- \/ Yoast SEO plugin. -->","yoast_head_json":{"title":"Links and Partners Tours in Provence","description":"Meeting the partners of Tours in Provence, contact C\u00e9cile your personal guide and driver, and find out her best addresses in Provence.","robots":{"index":"index","follow":"follow","max-snippet":"max-snippet:-1","max-image-preview":"max-image-preview:large","max-video-preview":"max-video-preview:-1"},"canonical":"https:\/\/www.tours-in-provence.com\/en\/links-partners","og_locale":"fr_FR","og_type":"article","og_title":"Links and Partners Tours in Provence","og_description":"Meeting the partners of Tours in Provence, contact C\u00e9cile your personal guide and driver, and find out her best addresses in Provence.","og_url":"https:\/\/www.tours-in-provence.com\/en\/links-partners","og_site_name":"Tours in Provence","article_modified_time":"2016-11-14T10:29:18+00:00","og_image":[{"width":60,"height":60,"url":"https:\/\/www.tours-in-provence.com\/en\/wp-content\/uploads\/sites\/5\/2016\/05\/aix-en-provence.jpg","type":"image\/jpeg"}],"twitter_card":"summary_large_image","twitter_misc":{"Dur\u00e9e de lecture estim\u00e9e":"2 minutes"},"schema":{"@context":"https:\/\/schema.org","@graph":[{"@type":"WebPage","@id":"https:\/\/www.tours-in-provence.com\/en\/links-partners","url":"https:\/\/www.tours-in-provence.com\/en\/links-partners","name":"Links and Partners Tours in Provence","isPartOf":{"@id":"https:\/\/www.tours-in-provence.com\/en\/#website"},"primaryImageOfPage":{"@id":"https:\/\/www.tours-in-provence.com\/en\/links-partners#primaryimage"},"image":{"@id":"https:\/\/www.tours-in-provence.com\/en\/links-partners#primaryimage"},"thumbnailUrl":"http:\/\/www.tours-in-provence.com\/en\/wp-content\/uploads\/sites\/5\/2016\/05\/aix-en-provence.jpg","datePublished":"2016-10-17T10:35:03+00:00","dateModified":"2016-11-14T10:29:18+00:00","description":"Meeting the partners of Tours in Provence, contact C\u00e9cile your personal guide and driver, and find out her best addresses in Provence.","breadcrumb":{"@id":"https:\/\/www.tours-in-provence.com\/en\/links-partners#breadcrumb"},"inLanguage":"fr-FR","potentialAction":[{"@type":"ReadAction","target":["https:\/\/www.tours-in-provence.com\/en\/links-partners"]}]},{"@type":"ImageObject","inLanguage":"fr-FR","@id":"https:\/\/www.tours-in-provence.com\/en\/links-partners#primaryimage","url":"http:\/\/www.tours-in-provence.com\/en\/wp-content\/uploads\/sites\/5\/2016\/05\/aix-en-provence.jpg","contentUrl":"http:\/\/www.tours-in-provence.com\/en\/wp-content\/uploads\/sites\/5\/2016\/05\/aix-en-provence.jpg"},{"@type":"BreadcrumbList","@id":"https:\/\/www.tours-in-provence.com\/en\/links-partners#breadcrumb","itemListElement":[{"@type":"ListItem","position":1,"name":"Accueil","item":"https:\/\/www.tours-in-provence.com\/en\/"},{"@type":"ListItem","position":2,"name":"Links and Partners"}]},{"@type":"WebSite","@id":"https:\/\/www.tours-in-provence.com\/en\/#website","url":"https:\/\/www.tours-in-provence.com\/en\/","name":"Tours in Provence","description":"Enjoy your trip with your private guide in Provence","potentialAction":[{"@type":"SearchAction","target":{"@type":"EntryPoint","urlTemplate":"https:\/\/www.tours-in-provence.com\/en\/?s={search_term_string}"},"query-input":{"@type":"PropertyValueSpecification","valueRequired":true,"valueName":"search_term_string"}}],"inLanguage":"fr-FR"}]}},"_links":{"self":[{"href":"https:\/\/www.tours-in-provence.com\/en\/wp-json\/wp\/v2\/pages\/4960","targetHints":{"allow":["GET"]}}],"collection":[{"href":"https:\/\/www.tours-in-provence.com\/en\/wp-json\/wp\/v2\/pages"}],"about":[{"href":"https:\/\/www.tours-in-provence.com\/en\/wp-json\/wp\/v2\/types\/page"}],"author":[{"embeddable":true,"href":"https:\/\/www.tours-in-provence.com\/en\/wp-json\/wp\/v2\/users\/1"}],"replies":[{"embeddable":true,"href":"https:\/\/www.tours-in-provence.com\/en\/wp-json\/wp\/v2\/comments?post=4960"}],"version-history":[{"count":0,"href":"https:\/\/www.tours-in-provence.com\/en\/wp-json\/wp\/v2\/pages\/4960\/revisions"}],"wp:attachment":[{"href":"https:\/\/www.tours-in-provence.com\/en\/wp-json\/wp\/v2\/media?parent=4960"}],"curies":[{"name":"wp","href":"https:\/\/api.w.org\/{rel}","templated":true}]}}