{"id":4989,"date":"2016-10-19T22:52:29","date_gmt":"2016-10-19T20:52:29","guid":{"rendered":"http:\/\/www.tours-in-provence.com\/en\/mentions-legales-copy"},"modified":"2016-11-13T17:21:21","modified_gmt":"2016-11-13T16:21:21","slug":"legal-notice","status":"publish","type":"page","link":"https:\/\/www.tours-in-provence.com\/en\/legal-notice","title":{"rendered":"Legal notice"},"content":{"rendered":"<p>[vc_row][vc_column width=\u00a0\u00bb1\/2&Prime;][vc_empty_space height=\u00a0\u00bb15px\u00a0\u00bb][vc_single_image image=\u00a0\u00bb4732&Prime; img_size=\u00a0\u00bblarge\u00a0\u00bb onclick=\u00a0\u00bbcustom_link\u00a0\u00bb link=\u00a0\u00bbhttp:\/\/www.tours-in-provence.com\/en\/individual-tour-provence\u00a0\u00bb][vc_empty_space height=\u00a0\u00bb15px\u00a0\u00bb][vc_column_text]<strong>Rights:<\/strong><br \/>\nAll rights reserved: All material contained on this site are protected by the Code of Intellectual Property. Consequently, any reproduction of these, total or partial, or imitation, without our express prior written consent is prohibited.[\/vc_column_text][\/vc_column][vc_column width=\u00a0\u00bb1\/2&Prime; css=\u00a0\u00bb.vc_custom_1464551345831{background-color: #f1edc5 !important;}\u00a0\u00bb][vc_column_text]<\/p>\n<h3><span style=\"color: #000000;\"><strong>Tours in Provence is a registered trademark<\/strong><\/span><\/h3>\n<p>[\/vc_column_text][vc_empty_space height=\u00a0\u00bb15px\u00a0\u00bb][vc_column_text]<span style=\"color: #000000;\"><strong>C\u00e9cile is an Official Local Guide<\/strong><\/span><br \/>\n<span style=\"color: #000000;\">Telephone: +33 (0) 6 24 19 29 91<\/span><\/p>\n<p><span style=\"color: #000000;\"><strong>.Certificate in Professional Capacity<\/strong> National and International Transport by Road for People.<\/span><br \/>\n<span style=\"color: #000000;\">Licence n\u00b02013\/93 0000036<\/span><\/p>\n<p><span style=\"color: #000000;\"><strong>NAF<\/strong>: 4939B<\/span><br \/>\n<span style=\"color: #000000;\"><strong>Insurance Carrier<\/strong> RCC, maximum 8 Persons<\/span><br \/>\n<span style=\"color: #000000;\"><strong>SIREN \/ SIRET<\/strong> 552 902 444 00010<\/span><\/p>\n<p><span style=\"color: #000000;\"><strong>Credits Photos<\/strong>: <a style=\"color: #000000;\" href=\"http:\/\/www.tours-in-provence.com\/en\/contact\">Tours in Provence<\/a><br \/>\nThe photos are non-contractual.<br \/>\n<\/span><\/p>\n<p><span style=\"color: #000000;\"><strong>The links<\/strong> worked when we set them up.The pages may have disappeared when you go to them. Please inform us, and we will act accordingly. Some links are provided for information purposes and do not engage the responsability of Tours in Provence.<\/span><\/p>\n<p><span style=\"color: #000000;\"><strong>Host<\/strong>:<br \/>\nOVH &#8211; SAS &#8211; <\/span><span style=\"color: #000000;\">2 rue Kellermann &#8211; 59100 Roubaix France<br \/>\n<\/span><\/p>\n<p><span style=\"color: #000000;\"><strong>Webdesign<\/strong>:<br \/>\n<a style=\"color: #000000;\" href=\"http:\/\/www.wimex-webcom.com\/\" target=\"_blank\">wimex-webcom<\/a> \u00e0 Aix en Provence<\/span>[\/vc_column_text][vc_empty_space height=\u00a0\u00bb15px\u00a0\u00bb][\/vc_column][\/vc_row]<\/p>\n","protected":false},"excerpt":{"rendered":"<p>[vc_row][vc_column width=\u00a0\u00bb1\/2&Prime;][vc_empty_space height=\u00a0\u00bb15px\u00a0\u00bb][vc_single_image image=\u00a0\u00bb4732&Prime; img_size=\u00a0\u00bblarge\u00a0\u00bb onclick=\u00a0\u00bbcustom_link\u00a0\u00bb link=\u00a0\u00bbhttp:\/\/www.tours-in-provence.com\/en\/individual-tour-provence\u00a0\u00bb][vc_empty_space height=\u00a0\u00bb15px\u00a0\u00bb][vc_column_text]Rights: All rights reserved: All material contained on this site are protected by the Code of Intellectual Property. Consequently, any reproduction of these, total or partial, or imitation, without our express prior written consent is prohibited.[\/vc_column_text][\/vc_column][vc_column width=\u00a0\u00bb1\/2&Prime; css=\u00a0\u00bb.vc_custom_1464551345831{background-color: #f1edc5 !important;}\u00a0\u00bb][vc_column_text] Tours in Provence is a registered trademark [\/vc_column_text][vc_empty_space &#8230; <a class=\"excerpt-readmore\" href=\"https:\/\/www.tours-in-provence.com\/en\/legal-notice\">Read More<\/a><\/p>\n","protected":false},"author":1,"featured_media":0,"parent":0,"menu_order":0,"comment_status":"closed","ping_status":"closed","template":"","meta":{"footnotes":""},"class_list":["post-4989","page","type-page","status-publish","hentry"],"yoast_head":"<!-- This site is optimized with the Yoast SEO plugin v26.9 - https:\/\/yoast.com\/product\/yoast-seo-wordpress\/ -->\n<title>Mentions l\u00e9gales Excursions en Provence avec Guide Chauffeur<\/title>\n<meta name=\"description\" content=\"Mentions l\u00e9gales de Tours in Provence excursions \u00e0 la carte pour une journ\u00e9e.\" \/>\n<meta name=\"robots\" content=\"index, follow, max-snippet:-1, max-image-preview:large, max-video-preview:-1\" \/>\n<link rel=\"canonical\" href=\"https:\/\/www.tours-in-provence.com\/en\/legal-notice\" \/>\n<meta property=\"og:locale\" content=\"fr_FR\" \/>\n<meta property=\"og:type\" content=\"article\" \/>\n<meta property=\"og:title\" content=\"Mentions l\u00e9gales Excursions en Provence avec Guide Chauffeur\" \/>\n<meta property=\"og:description\" content=\"Mentions l\u00e9gales de Tours in Provence excursions \u00e0 la carte pour une journ\u00e9e.\" \/>\n<meta property=\"og:url\" content=\"https:\/\/www.tours-in-provence.com\/en\/legal-notice\" \/>\n<meta property=\"og:site_name\" content=\"Tours in Provence\" \/>\n<meta property=\"article:modified_time\" content=\"2016-11-13T16:21:21+00:00\" \/>\n<meta name=\"twitter:card\" content=\"summary_large_image\" \/>\n<meta name=\"twitter:label1\" content=\"Dur\u00e9e de lecture estim\u00e9e\" \/>\n\t<meta name=\"twitter:data1\" content=\"1 minute\" \/>\n<script type=\"application\/ld+json\" class=\"yoast-schema-graph\">{\"@context\":\"https:\/\/schema.org\",\"@graph\":[{\"@type\":\"WebPage\",\"@id\":\"https:\/\/www.tours-in-provence.com\/en\/legal-notice\",\"url\":\"https:\/\/www.tours-in-provence.com\/en\/legal-notice\",\"name\":\"Mentions l\u00e9gales Excursions en Provence avec Guide Chauffeur\",\"isPartOf\":{\"@id\":\"https:\/\/www.tours-in-provence.com\/en\/#website\"},\"datePublished\":\"2016-10-19T20:52:29+00:00\",\"dateModified\":\"2016-11-13T16:21:21+00:00\",\"description\":\"Mentions l\u00e9gales de Tours in Provence excursions \u00e0 la carte pour une journ\u00e9e.\",\"breadcrumb\":{\"@id\":\"https:\/\/www.tours-in-provence.com\/en\/legal-notice#breadcrumb\"},\"inLanguage\":\"fr-FR\",\"potentialAction\":[{\"@type\":\"ReadAction\",\"target\":[\"https:\/\/www.tours-in-provence.com\/en\/legal-notice\"]}]},{\"@type\":\"BreadcrumbList\",\"@id\":\"https:\/\/www.tours-in-provence.com\/en\/legal-notice#breadcrumb\",\"itemListElement\":[{\"@type\":\"ListItem\",\"position\":1,\"name\":\"Accueil\",\"item\":\"https:\/\/www.tours-in-provence.com\/en\/\"},{\"@type\":\"ListItem\",\"position\":2,\"name\":\"Legal notice\"}]},{\"@type\":\"WebSite\",\"@id\":\"https:\/\/www.tours-in-provence.com\/en\/#website\",\"url\":\"https:\/\/www.tours-in-provence.com\/en\/\",\"name\":\"Tours in Provence\",\"description\":\"Enjoy your trip with your private guide in Provence\",\"potentialAction\":[{\"@type\":\"SearchAction\",\"target\":{\"@type\":\"EntryPoint\",\"urlTemplate\":\"https:\/\/www.tours-in-provence.com\/en\/?s={search_term_string}\"},\"query-input\":{\"@type\":\"PropertyValueSpecification\",\"valueRequired\":true,\"valueName\":\"search_term_string\"}}],\"inLanguage\":\"fr-FR\"}]}<\/script>\n<!-- \/ Yoast SEO plugin. -->","yoast_head_json":{"title":"Mentions l\u00e9gales Excursions en Provence avec Guide Chauffeur","description":"Mentions l\u00e9gales de Tours in Provence excursions \u00e0 la carte pour une journ\u00e9e.","robots":{"index":"index","follow":"follow","max-snippet":"max-snippet:-1","max-image-preview":"max-image-preview:large","max-video-preview":"max-video-preview:-1"},"canonical":"https:\/\/www.tours-in-provence.com\/en\/legal-notice","og_locale":"fr_FR","og_type":"article","og_title":"Mentions l\u00e9gales Excursions en Provence avec Guide Chauffeur","og_description":"Mentions l\u00e9gales de Tours in Provence excursions \u00e0 la carte pour une journ\u00e9e.","og_url":"https:\/\/www.tours-in-provence.com\/en\/legal-notice","og_site_name":"Tours in Provence","article_modified_time":"2016-11-13T16:21:21+00:00","twitter_card":"summary_large_image","twitter_misc":{"Dur\u00e9e de lecture estim\u00e9e":"1 minute"},"schema":{"@context":"https:\/\/schema.org","@graph":[{"@type":"WebPage","@id":"https:\/\/www.tours-in-provence.com\/en\/legal-notice","url":"https:\/\/www.tours-in-provence.com\/en\/legal-notice","name":"Mentions l\u00e9gales Excursions en Provence avec Guide Chauffeur","isPartOf":{"@id":"https:\/\/www.tours-in-provence.com\/en\/#website"},"datePublished":"2016-10-19T20:52:29+00:00","dateModified":"2016-11-13T16:21:21+00:00","description":"Mentions l\u00e9gales de Tours in Provence excursions \u00e0 la carte pour une journ\u00e9e.","breadcrumb":{"@id":"https:\/\/www.tours-in-provence.com\/en\/legal-notice#breadcrumb"},"inLanguage":"fr-FR","potentialAction":[{"@type":"ReadAction","target":["https:\/\/www.tours-in-provence.com\/en\/legal-notice"]}]},{"@type":"BreadcrumbList","@id":"https:\/\/www.tours-in-provence.com\/en\/legal-notice#breadcrumb","itemListElement":[{"@type":"ListItem","position":1,"name":"Accueil","item":"https:\/\/www.tours-in-provence.com\/en\/"},{"@type":"ListItem","position":2,"name":"Legal notice"}]},{"@type":"WebSite","@id":"https:\/\/www.tours-in-provence.com\/en\/#website","url":"https:\/\/www.tours-in-provence.com\/en\/","name":"Tours in Provence","description":"Enjoy your trip with your private guide in Provence","potentialAction":[{"@type":"SearchAction","target":{"@type":"EntryPoint","urlTemplate":"https:\/\/www.tours-in-provence.com\/en\/?s={search_term_string}"},"query-input":{"@type":"PropertyValueSpecification","valueRequired":true,"valueName":"search_term_string"}}],"inLanguage":"fr-FR"}]}},"_links":{"self":[{"href":"https:\/\/www.tours-in-provence.com\/en\/wp-json\/wp\/v2\/pages\/4989","targetHints":{"allow":["GET"]}}],"collection":[{"href":"https:\/\/www.tours-in-provence.com\/en\/wp-json\/wp\/v2\/pages"}],"about":[{"href":"https:\/\/www.tours-in-provence.com\/en\/wp-json\/wp\/v2\/types\/page"}],"author":[{"embeddable":true,"href":"https:\/\/www.tours-in-provence.com\/en\/wp-json\/wp\/v2\/users\/1"}],"replies":[{"embeddable":true,"href":"https:\/\/www.tours-in-provence.com\/en\/wp-json\/wp\/v2\/comments?post=4989"}],"version-history":[{"count":0,"href":"https:\/\/www.tours-in-provence.com\/en\/wp-json\/wp\/v2\/pages\/4989\/revisions"}],"wp:attachment":[{"href":"https:\/\/www.tours-in-provence.com\/en\/wp-json\/wp\/v2\/media?parent=4989"}],"curies":[{"name":"wp","href":"https:\/\/api.w.org\/{rel}","templated":true}]}}