{"id":4105,"date":"2016-04-27T14:03:28","date_gmt":"2016-04-27T12:03:28","guid":{"rendered":"http:\/\/www.tours-in-provence.com\/es\/?page_id=4105"},"modified":"2020-02-27T00:53:56","modified_gmt":"2020-02-26T23:53:56","slug":"guia-individual","status":"publish","type":"page","link":"https:\/\/www.tours-in-provence.com\/es\/guia-individual","title":{"rendered":"Su Gu\u00eda . Su Coche . Su Circuito en La Provenza"},"content":{"rendered":"<p>[vc_row css=\u00a0\u00bb.vc_custom_1464360469166{background-color: #f1edc5 !important;}\u00a0\u00bb][vc_column width=\u00a0\u00bb1\/2&Prime;][vc_single_image image=\u00a0\u00bb7&Prime; img_size=\u00a0\u00bblarge\u00a0\u00bb title=\u00a0\u00bbC\u00e9cile, Su Gu\u00eda\u00a0\u00bb][vc_empty_space height=\u00a0\u00bb15px\u00a0\u00bb][vc_row_inner][vc_column_inner width=\u00a0\u00bb1\/2&Prime;][vc_column_text]<strong><span style=\"color: #000000;\"><em>Tours in Provence <\/em>es una marca registrada.<\/span><\/strong><br \/>\n<span style=\"color: #000000;\">. Gu\u00eda official de la Region Provenza (franc\u00e9s, ingl\u00e9s, espa\u00f1ol ).<\/span><br \/>\n<span style=\"color: #000000;\">. Certificado de Capacidad Profesional<br \/>\nTransporte Nacional e Internacional por la gente por carretera<\/span><br \/>\n<span style=\"color: #000000;\">. Licence n\u00b0 2020\/93\/0000175.<\/span>[\/vc_column_text][\/vc_column_inner][vc_column_inner el_class=\u00a0\u00bbcadreguide\u00a0\u00bb width=\u00a0\u00bb1\/2&Prime;][vc_column_text]<span style=\"color: #000000;\">Para eventos especiales, tales como la excursiones dedicadas a la:<\/span><br \/>\n<span style=\"color: #000000;\">. <strong>observaci\u00f3n de aves migratorias<\/strong><\/span><br \/>\n<span style=\"color: #000000;\">. <strong>b\u00fasqueda de trufas<\/strong> &#8230;<\/span><br \/>\n<a href=\"http:\/\/www.tours-in-provence.com\/es\/contacto\"><span style=\"color: #ff6600;\">P\u00f3ngase en contacto<\/span> <\/a><span style=\"color: #000000;\">con nosotros para nuestras ofertas y disponibilidad<\/span>[\/vc_column_text][\/vc_column_inner][\/vc_row_inner][vc_empty_space height=\u00a0\u00bb10px\u00a0\u00bb][vc_column_text]<em>\u00ab<strong> Experiencia Maravillosa:<\/strong><\/em><br \/>\n<em>Compartimos con Cecile, un recorrido inolvidable por la Provence. Ella fue una excelente compa\u00f1\u00eda. Muy profesional en lo que hace. Servicio impecable. Habla perfectamente el espa\u00f1ol. Altamente recomendable.\u00bb\u00a0 Opinion dejado en <strong>Tripadvisor<\/strong> de Italoargentina Argentina<\/em><\/p>\n<p><em>\u00ab <strong>Dia en Aix en Provence<\/strong><\/em><br \/>\n<em>Cecile era un placer trabajar con, desde el primer mail hasta que ella nos dej\u00f3 en nuestro barco en el final del d\u00eda. Ella tom\u00f3 mi familia de cuatro (dos adultos y dos adolescentes) en un viaje de un d\u00eda, que era incre\u00edble. Camin\u00f3 con nosotros a trav\u00e9s de los mercados, explic\u00f3 que la arquitectura, la cultura, la experiencia para \u00bb Opinion dejado en <strong>Tripadvisor<\/strong> de ddsottlie Massachusetts<\/em><\/p>\n<p><em>\u00ab <strong>Fantastique!<\/strong><\/em><br \/>\n<em>\u2026Cecile de Tours en la Provenza fue fant\u00e1stica! Ella era muy eficiente, profesional, y hablaba un ingl\u00e9s excelente. Nos mostr\u00f3 la zona de Camargue con una excursi\u00f3n a Sainte Marie de la Mer en el mar Mediterr\u00e1neo. El paseo alrededor de un santuario de aves nos mostr\u00f3 las numerosas variedades de aves en esta zona. Recomiendo encarecidamente su compa\u00f1\u00eda de\u2026 \u00bb Opinion dejado en <strong>Tripadvisor<\/strong> PamRug<\/em>[\/vc_column_text][\/vc_column][vc_column width=\u00a0\u00bb1\/2&Prime;][vc_empty_space height=\u00a0\u00bb15px\u00a0\u00bb][vc_column_text]<\/p>\n<h3><span style=\"color: #000000;\">Su Gu\u00eda Tur\u00edstica de Provenza<\/span><\/h3>\n<p><span style=\"color: #000000;\">Si decide hacer unos recorridos por Provenza con Tours in Provence, descubrir\u00e1 a su ritmo<strong> <span class=\"Style11\">los lugares m\u00e1s<\/span><\/strong><span class=\"Style11\"><strong> excepcionales de la Provenza<\/strong><\/span><span class=\"Style7\">. <\/span><\/span><\/p>\n<p><span style=\"color: #000000;\">Visitar la Provenza con Tours in Provence es viajar en <span class=\"Style11\"><strong>un coche particular con aire acondicionado<\/strong><\/span>. Estar\u00e9 a su disposici\u00f3n para comprender y responder a sus deseos sobre la Provenza.<\/span><\/p>\n<p><span style=\"color: #000000;\">Con nosotros, <span class=\"Style11\"><strong>conocer\u00e1 nuestra Provenza, sus tradiciones, su patrimonio, el trabajo de sus artesanos, su dinamismo cultural<\/strong><\/span><span class=\"Style7\">\u2026 <\/span><\/span><\/p>\n<p><span style=\"color: #000000;\">Soy nativa de Aix-en-Provence, conozco bien mi regi\u00f3n y disfruto de los nuevos paisajes que la adornan en cada estaci\u00f3n. Hablo corrientemente ingl\u00e9s y espa\u00f1ol, ya que he vivido y trabajado durante diez a\u00f1os en el sector del turismo en Londres y en Barcelona.<\/span><br \/>\n<span style=\"color: #000000;\">Le recibir\u00e9 en Provenza con mucho gusto y con toda mi profesionalidad.<\/span><br \/>\n<span style=\"color: #000000;\"><strong>Esta jornada es exclusivamente para usted, ha sido dise\u00f1ada para su familia, pensada para sus amigos.<\/strong><\/span><\/p>\n<p><span class=\"Style9\" style=\"color: #000000;\">Hasta pronto, con \u00a1Tours in Provence!<\/span><\/p>\n<p style=\"text-align: center;\"><strong><a href=\"http:\/\/www.tours-in-provence.com\/es\/contacto\">C\u00e9cile<\/a><\/strong><\/p>\n<p>[\/vc_column_text][vc_empty_space height=\u00a0\u00bb15px\u00a0\u00bb][vc_single_image image=\u00a0\u00bb5310&Prime; img_size=\u00a0\u00bblarge\u00a0\u00bb onclick=\u00a0\u00bbcustom_link\u00a0\u00bb link=\u00a0\u00bbhttp:\/\/www.tours-in-provence.com\/es\/alpilles-arles-van-gogh\u00a0\u00bb][\/vc_column][\/vc_row][vc_row][vc_column][vc_single_image image=\u00a0\u00bb4977&Prime; img_size=\u00a0\u00bbfull\u00a0\u00bb][\/vc_column][\/vc_row]<\/p>\n","protected":false},"excerpt":{"rendered":"<p>[vc_row css=\u00a0\u00bb.vc_custom_1464360469166{background-color: #f1edc5 !important;}\u00a0\u00bb][vc_column width=\u00a0\u00bb1\/2&Prime;][vc_single_image image=\u00a0\u00bb7&Prime; img_size=\u00a0\u00bblarge\u00a0\u00bb title=\u00a0\u00bbC\u00e9cile, Su Gu\u00eda\u00a0\u00bb][vc_empty_space height=\u00a0\u00bb15px\u00a0\u00bb][vc_row_inner][vc_column_inner width=\u00a0\u00bb1\/2&Prime;][vc_column_text]Tours in Provence es una marca registrada. . Gu\u00eda official de la Region Provenza (franc\u00e9s, ingl\u00e9s, espa\u00f1ol ). . Certificado de Capacidad Profesional Transporte Nacional e Internacional por la gente por carretera . Licence n\u00b0 2020\/93\/0000175.[\/vc_column_text][\/vc_column_inner][vc_column_inner el_class=\u00a0\u00bbcadreguide\u00a0\u00bb width=\u00a0\u00bb1\/2&Prime;][vc_column_text]Para eventos especiales, tales como la excursiones &#8230; <a class=\"excerpt-readmore\" href=\"https:\/\/www.tours-in-provence.com\/es\/guia-individual\">Read More<\/a><\/p>\n","protected":false},"author":1,"featured_media":0,"parent":0,"menu_order":0,"comment_status":"closed","ping_status":"closed","template":"","meta":{"footnotes":""},"class_list":["post-4105","page","type-page","status-publish","hentry"],"yoast_head":"<!-- This site is optimized with the Yoast SEO plugin v26.9 - https:\/\/yoast.com\/product\/yoast-seo-wordpress\/ -->\n<title>Gu\u00eda individual, Su Coche, Su Circuito en Provenza con Tours in Provence<\/title>\n<meta name=\"description\" content=\"C\u00e9cile, gu\u00eda individual y conductor, ofrece circuitos de un d\u00eda y traslados privados en Provenza con minivan 7 personas con aire acondicionado.\" \/>\n<meta name=\"robots\" content=\"index, follow, max-snippet:-1, max-image-preview:large, max-video-preview:-1\" \/>\n<link rel=\"canonical\" href=\"https:\/\/www.tours-in-provence.com\/es\/guia-individual\" \/>\n<meta property=\"og:locale\" content=\"fr_FR\" \/>\n<meta property=\"og:type\" content=\"article\" \/>\n<meta property=\"og:title\" content=\"Gu\u00eda individual, Su Coche, Su Circuito en Provenza con Tours in Provence\" \/>\n<meta property=\"og:description\" content=\"C\u00e9cile, gu\u00eda individual y conductor, ofrece circuitos de un d\u00eda y traslados privados en Provenza con minivan 7 personas con aire acondicionado.\" \/>\n<meta property=\"og:url\" content=\"https:\/\/www.tours-in-provence.com\/es\/guia-individual\" \/>\n<meta property=\"og:site_name\" content=\"Circuitos guiados\" \/>\n<meta property=\"article:modified_time\" content=\"2020-02-26T23:53:56+00:00\" \/>\n<meta name=\"twitter:card\" content=\"summary_large_image\" \/>\n<meta name=\"twitter:label1\" content=\"Dur\u00e9e de lecture estim\u00e9e\" \/>\n\t<meta name=\"twitter:data1\" content=\"3 minutes\" \/>\n<script type=\"application\/ld+json\" class=\"yoast-schema-graph\">{\"@context\":\"https:\/\/schema.org\",\"@graph\":[{\"@type\":\"WebPage\",\"@id\":\"https:\/\/www.tours-in-provence.com\/es\/guia-individual\",\"url\":\"https:\/\/www.tours-in-provence.com\/es\/guia-individual\",\"name\":\"Gu\u00eda individual, Su Coche, Su Circuito en Provenza con Tours in Provence\",\"isPartOf\":{\"@id\":\"https:\/\/www.tours-in-provence.com\/es\/#website\"},\"datePublished\":\"2016-04-27T12:03:28+00:00\",\"dateModified\":\"2020-02-26T23:53:56+00:00\",\"description\":\"C\u00e9cile, gu\u00eda individual y conductor, ofrece circuitos de un d\u00eda y traslados privados en Provenza con minivan 7 personas con aire acondicionado.\",\"breadcrumb\":{\"@id\":\"https:\/\/www.tours-in-provence.com\/es\/guia-individual#breadcrumb\"},\"inLanguage\":\"fr-FR\",\"potentialAction\":[{\"@type\":\"ReadAction\",\"target\":[\"https:\/\/www.tours-in-provence.com\/es\/guia-individual\"]}]},{\"@type\":\"BreadcrumbList\",\"@id\":\"https:\/\/www.tours-in-provence.com\/es\/guia-individual#breadcrumb\",\"itemListElement\":[{\"@type\":\"ListItem\",\"position\":1,\"name\":\"Accueil\",\"item\":\"https:\/\/www.tours-in-provence.com\/es\/\"},{\"@type\":\"ListItem\",\"position\":2,\"name\":\"Su Gu\u00eda . Su Coche . Su Circuito en La Provenza\"}]},{\"@type\":\"WebSite\",\"@id\":\"https:\/\/www.tours-in-provence.com\/es\/#website\",\"url\":\"https:\/\/www.tours-in-provence.com\/es\/\",\"name\":\"Circuitos guiados\",\"description\":\"Recorridos por Provenza con total libertad\",\"potentialAction\":[{\"@type\":\"SearchAction\",\"target\":{\"@type\":\"EntryPoint\",\"urlTemplate\":\"https:\/\/www.tours-in-provence.com\/es\/?s={search_term_string}\"},\"query-input\":{\"@type\":\"PropertyValueSpecification\",\"valueRequired\":true,\"valueName\":\"search_term_string\"}}],\"inLanguage\":\"fr-FR\"}]}<\/script>\n<!-- \/ Yoast SEO plugin. -->","yoast_head_json":{"title":"Gu\u00eda individual, Su Coche, Su Circuito en Provenza con Tours in Provence","description":"C\u00e9cile, gu\u00eda individual y conductor, ofrece circuitos de un d\u00eda y traslados privados en Provenza con minivan 7 personas con aire acondicionado.","robots":{"index":"index","follow":"follow","max-snippet":"max-snippet:-1","max-image-preview":"max-image-preview:large","max-video-preview":"max-video-preview:-1"},"canonical":"https:\/\/www.tours-in-provence.com\/es\/guia-individual","og_locale":"fr_FR","og_type":"article","og_title":"Gu\u00eda individual, Su Coche, Su Circuito en Provenza con Tours in Provence","og_description":"C\u00e9cile, gu\u00eda individual y conductor, ofrece circuitos de un d\u00eda y traslados privados en Provenza con minivan 7 personas con aire acondicionado.","og_url":"https:\/\/www.tours-in-provence.com\/es\/guia-individual","og_site_name":"Circuitos guiados","article_modified_time":"2020-02-26T23:53:56+00:00","twitter_card":"summary_large_image","twitter_misc":{"Dur\u00e9e de lecture estim\u00e9e":"3 minutes"},"schema":{"@context":"https:\/\/schema.org","@graph":[{"@type":"WebPage","@id":"https:\/\/www.tours-in-provence.com\/es\/guia-individual","url":"https:\/\/www.tours-in-provence.com\/es\/guia-individual","name":"Gu\u00eda individual, Su Coche, Su Circuito en Provenza con Tours in Provence","isPartOf":{"@id":"https:\/\/www.tours-in-provence.com\/es\/#website"},"datePublished":"2016-04-27T12:03:28+00:00","dateModified":"2020-02-26T23:53:56+00:00","description":"C\u00e9cile, gu\u00eda individual y conductor, ofrece circuitos de un d\u00eda y traslados privados en Provenza con minivan 7 personas con aire acondicionado.","breadcrumb":{"@id":"https:\/\/www.tours-in-provence.com\/es\/guia-individual#breadcrumb"},"inLanguage":"fr-FR","potentialAction":[{"@type":"ReadAction","target":["https:\/\/www.tours-in-provence.com\/es\/guia-individual"]}]},{"@type":"BreadcrumbList","@id":"https:\/\/www.tours-in-provence.com\/es\/guia-individual#breadcrumb","itemListElement":[{"@type":"ListItem","position":1,"name":"Accueil","item":"https:\/\/www.tours-in-provence.com\/es\/"},{"@type":"ListItem","position":2,"name":"Su Gu\u00eda . Su Coche . Su Circuito en La Provenza"}]},{"@type":"WebSite","@id":"https:\/\/www.tours-in-provence.com\/es\/#website","url":"https:\/\/www.tours-in-provence.com\/es\/","name":"Circuitos guiados","description":"Recorridos por Provenza con total libertad","potentialAction":[{"@type":"SearchAction","target":{"@type":"EntryPoint","urlTemplate":"https:\/\/www.tours-in-provence.com\/es\/?s={search_term_string}"},"query-input":{"@type":"PropertyValueSpecification","valueRequired":true,"valueName":"search_term_string"}}],"inLanguage":"fr-FR"}]}},"_links":{"self":[{"href":"https:\/\/www.tours-in-provence.com\/es\/wp-json\/wp\/v2\/pages\/4105","targetHints":{"allow":["GET"]}}],"collection":[{"href":"https:\/\/www.tours-in-provence.com\/es\/wp-json\/wp\/v2\/pages"}],"about":[{"href":"https:\/\/www.tours-in-provence.com\/es\/wp-json\/wp\/v2\/types\/page"}],"author":[{"embeddable":true,"href":"https:\/\/www.tours-in-provence.com\/es\/wp-json\/wp\/v2\/users\/1"}],"replies":[{"embeddable":true,"href":"https:\/\/www.tours-in-provence.com\/es\/wp-json\/wp\/v2\/comments?post=4105"}],"version-history":[{"count":1,"href":"https:\/\/www.tours-in-provence.com\/es\/wp-json\/wp\/v2\/pages\/4105\/revisions"}],"predecessor-version":[{"id":5875,"href":"https:\/\/www.tours-in-provence.com\/es\/wp-json\/wp\/v2\/pages\/4105\/revisions\/5875"}],"wp:attachment":[{"href":"https:\/\/www.tours-in-provence.com\/es\/wp-json\/wp\/v2\/media?parent=4105"}],"curies":[{"name":"wp","href":"https:\/\/api.w.org\/{rel}","templated":true}]}}