{"id":4113,"date":"2016-04-27T14:04:24","date_gmt":"2016-04-27T12:04:24","guid":{"rendered":"http:\/\/www.tours-in-provence.com\/es\/?page_id=4113"},"modified":"2016-11-13T17:47:49","modified_gmt":"2016-11-13T16:47:49","slug":"album-photos","status":"publish","type":"page","link":"https:\/\/www.tours-in-provence.com\/es\/album-photos","title":{"rendered":"Album Fotos de Provenza"},"content":{"rendered":"<p><span style=\"color: #000000;\">\u00a1 RECOBRE TODOS LOS CIRCUITOS PROPUESTOS POR TOURS IN PROVENCE!<\/span><\/p>\n<h3><a href=\"http:\/\/www.tours-in-provence.com\/es\/alpilles-arles-van-gogh\">Les Alpilles<\/a>:<\/h3>\n<p>Les Alpilles y Arles<\/p>\n<h3><a href=\"http:\/\/www.tours-in-provence.com\/es\/circuito-verdon-canon\">Les Gargantas del Verdon<\/a>:<\/h3>\n<p>Puntos de vista sorprendentes, paisaje grandioso, este ca\u00f1\u00f3n es uno de los sitios naturales m\u00e1s bellos de Provenza.<\/p>\n<h3><a href=\"http:\/\/www.tours-in-provence.com\/es\/circuito-luberon\">El Luberon<\/a>:<\/h3>\n<p>Un d\u00eda a trav\u00e9s del Parque natural Regional de Luberon<br \/>\nEsta regi\u00f3n situada entre los Alpes y el Mediterr\u00e1neo ofrece una gran diversidad de paisajes.<\/p>\n<h3><a href=\"http:\/\/www.tours-in-provence.com\/es\/circuito-camarga\">La Camarga<\/a>:<\/h3>\n<p>a Camargue, una inmensa llanura aluvial, nacida y formada debido a la acci\u00f3n combinada del r\u00edo R\u00f3dano, Le Rh\u00f4ne del mar Mediterr\u00e1neo y del Mistral, nos sorprender\u00e1 con la riqueza de su fauna y de su flora.<\/p>\n<h3><a href=\"http:\/\/www.tours-in-provence.com\/es\/circuito-individual\">Circuito individual Provenza<\/a><\/h3>\n<p>&nbsp;<\/p>\n","protected":false},"excerpt":{"rendered":"<p>\u00a1 RECOBRE TODOS LOS CIRCUITOS PROPUESTOS POR TOURS IN PROVENCE! Les Alpilles: Les Alpilles y Arles Les Gargantas del Verdon: Puntos de vista sorprendentes, paisaje grandioso, este ca\u00f1\u00f3n es uno de los sitios naturales m\u00e1s bellos de Provenza. El Luberon: Un d\u00eda a trav\u00e9s del Parque natural Regional de Luberon Esta regi\u00f3n situada entre los &#8230; <a class=\"excerpt-readmore\" href=\"https:\/\/www.tours-in-provence.com\/es\/album-photos\">Read More<\/a><\/p>\n","protected":false},"author":1,"featured_media":0,"parent":0,"menu_order":0,"comment_status":"closed","ping_status":"closed","template":"","meta":{"footnotes":""},"class_list":["post-4113","page","type-page","status-publish","hentry"],"yoast_head":"<!-- This site is optimized with the Yoast SEO plugin v26.9 - https:\/\/yoast.com\/product\/yoast-seo-wordpress\/ -->\n<title>Album Photos Provenza, Alpilles, Camargue, Luberon<\/title>\n<meta name=\"description\" content=\"Album Photos de Tours in Provence Alpilles, Camargue, Luberon, Arles, Aix, Marseille, Avignon ...\" \/>\n<meta name=\"robots\" content=\"index, follow, max-snippet:-1, max-image-preview:large, max-video-preview:-1\" \/>\n<link rel=\"canonical\" href=\"https:\/\/www.tours-in-provence.com\/es\/album-photos\" \/>\n<meta property=\"og:locale\" content=\"fr_FR\" \/>\n<meta property=\"og:type\" content=\"article\" \/>\n<meta property=\"og:title\" content=\"Album Photos Provenza, Alpilles, Camargue, Luberon\" \/>\n<meta property=\"og:description\" content=\"Album Photos de Tours in Provence Alpilles, Camargue, Luberon, Arles, Aix, Marseille, Avignon ...\" \/>\n<meta property=\"og:url\" content=\"https:\/\/www.tours-in-provence.com\/es\/album-photos\" \/>\n<meta property=\"og:site_name\" content=\"Circuitos guiados\" \/>\n<meta property=\"article:modified_time\" content=\"2016-11-13T16:47:49+00:00\" \/>\n<meta name=\"twitter:card\" content=\"summary_large_image\" \/>\n<meta name=\"twitter:label1\" content=\"Dur\u00e9e de lecture estim\u00e9e\" \/>\n\t<meta name=\"twitter:data1\" content=\"1 minute\" \/>\n<script type=\"application\/ld+json\" class=\"yoast-schema-graph\">{\"@context\":\"https:\/\/schema.org\",\"@graph\":[{\"@type\":\"WebPage\",\"@id\":\"https:\/\/www.tours-in-provence.com\/es\/album-photos\",\"url\":\"https:\/\/www.tours-in-provence.com\/es\/album-photos\",\"name\":\"Album Photos Provenza, Alpilles, Camargue, Luberon\",\"isPartOf\":{\"@id\":\"https:\/\/www.tours-in-provence.com\/es\/#website\"},\"datePublished\":\"2016-04-27T12:04:24+00:00\",\"dateModified\":\"2016-11-13T16:47:49+00:00\",\"description\":\"Album Photos de Tours in Provence Alpilles, Camargue, Luberon, Arles, Aix, Marseille, Avignon ...\",\"breadcrumb\":{\"@id\":\"https:\/\/www.tours-in-provence.com\/es\/album-photos#breadcrumb\"},\"inLanguage\":\"fr-FR\",\"potentialAction\":[{\"@type\":\"ReadAction\",\"target\":[\"https:\/\/www.tours-in-provence.com\/es\/album-photos\"]}]},{\"@type\":\"BreadcrumbList\",\"@id\":\"https:\/\/www.tours-in-provence.com\/es\/album-photos#breadcrumb\",\"itemListElement\":[{\"@type\":\"ListItem\",\"position\":1,\"name\":\"Accueil\",\"item\":\"https:\/\/www.tours-in-provence.com\/es\/\"},{\"@type\":\"ListItem\",\"position\":2,\"name\":\"Album Fotos de Provenza\"}]},{\"@type\":\"WebSite\",\"@id\":\"https:\/\/www.tours-in-provence.com\/es\/#website\",\"url\":\"https:\/\/www.tours-in-provence.com\/es\/\",\"name\":\"Circuitos guiados\",\"description\":\"Recorridos por Provenza con total libertad\",\"potentialAction\":[{\"@type\":\"SearchAction\",\"target\":{\"@type\":\"EntryPoint\",\"urlTemplate\":\"https:\/\/www.tours-in-provence.com\/es\/?s={search_term_string}\"},\"query-input\":{\"@type\":\"PropertyValueSpecification\",\"valueRequired\":true,\"valueName\":\"search_term_string\"}}],\"inLanguage\":\"fr-FR\"}]}<\/script>\n<!-- \/ Yoast SEO plugin. -->","yoast_head_json":{"title":"Album Photos Provenza, Alpilles, Camargue, Luberon","description":"Album Photos de Tours in Provence Alpilles, Camargue, Luberon, Arles, Aix, Marseille, Avignon ...","robots":{"index":"index","follow":"follow","max-snippet":"max-snippet:-1","max-image-preview":"max-image-preview:large","max-video-preview":"max-video-preview:-1"},"canonical":"https:\/\/www.tours-in-provence.com\/es\/album-photos","og_locale":"fr_FR","og_type":"article","og_title":"Album Photos Provenza, Alpilles, Camargue, Luberon","og_description":"Album Photos de Tours in Provence Alpilles, Camargue, Luberon, Arles, Aix, Marseille, Avignon ...","og_url":"https:\/\/www.tours-in-provence.com\/es\/album-photos","og_site_name":"Circuitos guiados","article_modified_time":"2016-11-13T16:47:49+00:00","twitter_card":"summary_large_image","twitter_misc":{"Dur\u00e9e de lecture estim\u00e9e":"1 minute"},"schema":{"@context":"https:\/\/schema.org","@graph":[{"@type":"WebPage","@id":"https:\/\/www.tours-in-provence.com\/es\/album-photos","url":"https:\/\/www.tours-in-provence.com\/es\/album-photos","name":"Album Photos Provenza, Alpilles, Camargue, Luberon","isPartOf":{"@id":"https:\/\/www.tours-in-provence.com\/es\/#website"},"datePublished":"2016-04-27T12:04:24+00:00","dateModified":"2016-11-13T16:47:49+00:00","description":"Album Photos de Tours in Provence Alpilles, Camargue, Luberon, Arles, Aix, Marseille, Avignon ...","breadcrumb":{"@id":"https:\/\/www.tours-in-provence.com\/es\/album-photos#breadcrumb"},"inLanguage":"fr-FR","potentialAction":[{"@type":"ReadAction","target":["https:\/\/www.tours-in-provence.com\/es\/album-photos"]}]},{"@type":"BreadcrumbList","@id":"https:\/\/www.tours-in-provence.com\/es\/album-photos#breadcrumb","itemListElement":[{"@type":"ListItem","position":1,"name":"Accueil","item":"https:\/\/www.tours-in-provence.com\/es\/"},{"@type":"ListItem","position":2,"name":"Album Fotos de Provenza"}]},{"@type":"WebSite","@id":"https:\/\/www.tours-in-provence.com\/es\/#website","url":"https:\/\/www.tours-in-provence.com\/es\/","name":"Circuitos guiados","description":"Recorridos por Provenza con total libertad","potentialAction":[{"@type":"SearchAction","target":{"@type":"EntryPoint","urlTemplate":"https:\/\/www.tours-in-provence.com\/es\/?s={search_term_string}"},"query-input":{"@type":"PropertyValueSpecification","valueRequired":true,"valueName":"search_term_string"}}],"inLanguage":"fr-FR"}]}},"_links":{"self":[{"href":"https:\/\/www.tours-in-provence.com\/es\/wp-json\/wp\/v2\/pages\/4113","targetHints":{"allow":["GET"]}}],"collection":[{"href":"https:\/\/www.tours-in-provence.com\/es\/wp-json\/wp\/v2\/pages"}],"about":[{"href":"https:\/\/www.tours-in-provence.com\/es\/wp-json\/wp\/v2\/types\/page"}],"author":[{"embeddable":true,"href":"https:\/\/www.tours-in-provence.com\/es\/wp-json\/wp\/v2\/users\/1"}],"replies":[{"embeddable":true,"href":"https:\/\/www.tours-in-provence.com\/es\/wp-json\/wp\/v2\/comments?post=4113"}],"version-history":[{"count":0,"href":"https:\/\/www.tours-in-provence.com\/es\/wp-json\/wp\/v2\/pages\/4113\/revisions"}],"wp:attachment":[{"href":"https:\/\/www.tours-in-provence.com\/es\/wp-json\/wp\/v2\/media?parent=4113"}],"curies":[{"name":"wp","href":"https:\/\/api.w.org\/{rel}","templated":true}]}}