{"id":4542,"date":"2016-05-24T19:06:40","date_gmt":"2016-05-24T17:06:40","guid":{"rendered":"http:\/\/www.tours-in-provence.com\/es\/alpilles-copy"},"modified":"2020-02-28T19:37:21","modified_gmt":"2020-02-28T18:37:21","slug":"circuito-camarga","status":"publish","type":"page","link":"https:\/\/www.tours-in-provence.com\/es\/circuito-camarga","title":{"rendered":"Excursi\u00f3n por Camarga"},"content":{"rendered":"<p>[vc_row][vc_column width=\u00a0\u00bb1\/2&Prime;][vc_empty_space height=\u00a0\u00bb15px\u00a0\u00bb][rev_slider_vc alias=\u00a0\u00bbcamargue-ptt\u00a0\u00bb][vc_empty_space height=\u00a0\u00bb15px\u00a0\u00bb][vc_row_inner content_placement=\u00a0\u00bbmiddle\u00a0\u00bb css=\u00a0\u00bb.vc_custom_1464118205599{padding-left: 5px !important;}\u00a0\u00bb][vc_column_inner width=\u00a0\u00bb1\/2&Prime;][vc_single_image image=\u00a0\u00bb4591&Prime; img_size=\u00a0\u00bbmedium\u00a0\u00bb alignment=\u00a0\u00bbcenter\u00a0\u00bb style=\u00a0\u00bbvc_box_shadow\u00a0\u00bb onclick=\u00a0\u00bbimg_link_large\u00a0\u00bb img_link_target=\u00a0\u00bb_blank\u00a0\u00bb][\/vc_column_inner][vc_column_inner width=\u00a0\u00bb1\/2&Prime;][vc_message message_box_style=\u00a0\u00bb3d\u00a0\u00bb message_box_color=\u00a0\u00bbblue\u00a0\u00bb icon_fontawesome=\u00a0\u00bbfa fa-camera-retro\u00a0\u00bb]<span style=\"color: #333333;\"><a style=\"color: #333333;\" href=\"http:\/\/www.tours-in-provence.com\/es\/album-photos\">Ver el \u00e1lbum con las fotos de C\u00e9cile<\/a><\/span>[\/vc_message][\/vc_column_inner][\/vc_row_inner][\/vc_column][vc_column width=\u00a0\u00bb1\/2&Prime;][vc_column_text]<\/p>\n<h3>\u00a1Explorar Camarga!<\/h3>\n<p><span style=\"color: #000000;\">Visitar la Provenza es descubrir tambi\u00e9n por un recorrido la Camarga.<\/span><br \/>\n<span style=\"color: #000000;\">La Camargue, una inmensa llanura aluvial, nacida y formada debido a la acci\u00f3n combinada del r\u00edo R\u00f3dano, Le Rh\u00f4ne del mar Mediterr\u00e1neo y del Mistral, nos sorprender\u00e1 con la <strong>riqueza de su fauna y de su flora.<\/strong><\/span><\/p>\n<p><span style=\"color: #000000;\">El delta del R\u00f3dano es un paisaje \u00fanico en Francia, el <strong>Parque natural de Camargue<\/strong> fue creado en 1970, pero la naturaleza se ha conservado desde 1928, fecha en que fue creada la Reserva nacional.<\/span><\/p>\n<p><span style=\"color: #000000;\"><strong>El cultivo del arroz<\/strong> dibuja el paisaje de la Camargue y contribuye al equilibrio ecol\u00f3gico del delta. De hecho, aporta la cantidad necesaria de agua dulce para este delicado ecosistema.<\/span><br \/>\n<span style=\"color: #000000;\">Denominaci\u00f3n: Arroz de Camarga certifica la originalidad de este producto de la tierra.<\/span><\/p>\n<p><span style=\"color: #000000;\"><strong>Los flamencos rosados ,los caballos blancos y los toros son los s\u00edmbolos inequ\u00edvocos de la regi\u00f3n.<\/strong><\/span><\/p>\n<p><span style=\"color: #000000;\">Tambi\u00e9n podr\u00e1 <a href=\"https:\/\/www.tours-in-provence.com\/es\/circuito-ornitologico\">observar muchos p\u00e1jaros<\/a> migratorios que utilizan este humedal rico en aluviones como lugar ideal para su estancia en primavera y en oto\u00f1o. Los amantes de los p\u00e1jaros podr\u00e1n observar multitudes aves en la reserva de Pont de Gau.<\/span><br \/>\n<span style=\"color: #000000;\">Garza Real, Garcilla Bueyera, Garceta Azul, Garceta Com\u00fan, Ibis Sagrado, Cig\u00fce\u00f1a Com\u00fan, Busardo Ratonero,<\/span><\/p>\n<p><span style=\"color: #000000;\">Iremos a <strong>Saintes-Maries-de-la-Mer<\/strong>, centro de peregrinaci\u00f3n y de tradiciones provenzales, este pueblo, situado entre el cielo y el mar, posee una iglesia fortificada del siglo IX, y un museo consagrado a las tradiciones camarguesas..<img loading=\"lazy\" decoding=\"async\" class=\"alignright wp-image-4577 size-thumbnail\" src=\"http:\/\/www.tours-in-provence.com\/es\/wp-content\/uploads\/sites\/7\/2016\/05\/flamant-rose-150x150.jpg\" alt=\"flamant-rose\" width=\"150\" height=\"150\" \/><\/span><\/p>\n<p>&nbsp;<\/p>\n<p><span style=\"color: #000000;\"><strong>Opci\u00f3n:<\/strong> para montar a caballo<\/span><\/p>\n<p><span style=\"color: #000000;\"><strong>Opci\u00f3n:<\/strong> visita del santuario de P\u00e1jaros de Pont de Gau.<\/span>[\/vc_column_text][vc_empty_space height=\u00a0\u00bb15px\u00a0\u00bb][vc_row_inner][vc_column_inner width=\u00a0\u00bb1\/3&Prime;][\/vc_column_inner][vc_column_inner width=\u00a0\u00bb1\/3&Prime;][vc_btn title=\u00a0\u00bbTARIFAS &amp; INFORMACIONES\u00a0\u00bb color=\u00a0\u00bbwarning\u00a0\u00bb align=\u00a0\u00bbcenter\u00a0\u00bb link=\u00a0\u00bburl:http%3A%2F%2Fwww.tours-in-provence.com%2Fes%2Freservar||\u00a0\u00bb][\/vc_column_inner][vc_column_inner width=\u00a0\u00bb1\/3&Prime;][\/vc_column_inner][\/vc_row_inner][\/vc_column][\/vc_row][vc_row css=\u00a0\u00bb.vc_custom_1463128062500{background-color: #dd9933 !important;}\u00a0\u00bb][vc_column width=\u00a0\u00bb1\/3&Prime;][vc_empty_space height=\u00a0\u00bb5px\u00a0\u00bb][vc_column_text]<\/p>\n<h3><span style=\"color: #ffffff;\">Ideas Circuitos \u00e0 la Carta<\/span><\/h3>\n<hr \/>\n<p><span style=\"color: #ffffff;\"> <a style=\"color: #ffffff;\" href=\"http:\/\/paca.lpo.fr\/\" target=\"_blank\" rel=\"noopener noreferrer\"><img loading=\"lazy\" decoding=\"async\" class=\"alignleft wp-image-5309\" src=\"http:\/\/www.tours-in-provence.com\/fr\/wp-content\/uploads\/sites\/9\/2016\/05\/lpo-paca-150x150.jpg\" alt=\"oiseaux camargue\" width=\"73\" height=\"73\" \/><\/a><strong>Liga para la Protecci\u00f3n de las Aves<br \/>\n<\/strong>Salvaguardia de la fauna salvaje. Acci\u00f3n para la biodiversidad &#8230;<br \/>\n+ <a style=\"color: #ffffff;\" href=\"http:\/\/paca.lpo.fr\/\">m\u00e1s<\/a><\/span><\/p>\n<hr \/>\n<p><span style=\"color: #ffffff;\"> <a style=\"color: #ffffff;\" href=\"http:\/\/www.tours-in-provence.com\/es\/cata-de-vino\"><img loading=\"lazy\" decoding=\"async\" class=\"alignleft wp-image-4779\" src=\"http:\/\/www.tours-in-provence.com\/es\/wp-content\/uploads\/sites\/7\/2016\/06\/vignoble-150x150.jpg\" alt=\"vinos\" width=\"100\" height=\"66\" srcset=\"https:\/\/www.tours-in-provence.com\/es\/wp-content\/uploads\/sites\/7\/2016\/06\/vignoble-300x199.jpg 300w, https:\/\/www.tours-in-provence.com\/es\/wp-content\/uploads\/sites\/7\/2016\/06\/vignoble-768x510.jpg 768w, https:\/\/www.tours-in-provence.com\/es\/wp-content\/uploads\/sites\/7\/2016\/06\/vignoble-1024x680.jpg 1024w, https:\/\/www.tours-in-provence.com\/es\/wp-content\/uploads\/sites\/7\/2016\/06\/vignoble.jpg 2000w\" sizes=\"auto, (max-width: 100px) 100vw, 100px\" \/><\/a><strong>Cata de vino<br \/>\n<\/strong>Circuito por los vi\u00f1edos. Cata de vinos Ros\u00e9 &#8230; + <a style=\"color: #ffffff;\" href=\"http:\/\/www.tours-in-provence.com\/es\/cata-de-vino\">m\u00e1s<\/a><\/span><\/p>\n<hr \/>\n<p><span style=\"color: #ffffff;\"> <a style=\"color: #ffffff;\" href=\"http:\/\/www.tours-in-provence.com\/es\/costa-mediterranea\"><img loading=\"lazy\" decoding=\"async\" class=\"alignleft wp-image-4872\" src=\"http:\/\/www.tours-in-provence.com\/es\/wp-content\/uploads\/sites\/7\/2016\/10\/cassis-sea-side-150x150.jpg\" alt=\"cassis-mar\" width=\"100\" height=\"75\" srcset=\"https:\/\/www.tours-in-provence.com\/es\/wp-content\/uploads\/sites\/7\/2016\/10\/cassis-sea-side-300x225.jpg 300w, https:\/\/www.tours-in-provence.com\/es\/wp-content\/uploads\/sites\/7\/2016\/10\/cassis-sea-side-768x576.jpg 768w, https:\/\/www.tours-in-provence.com\/es\/wp-content\/uploads\/sites\/7\/2016\/10\/cassis-sea-side-1024x768.jpg 1024w, https:\/\/www.tours-in-provence.com\/es\/wp-content\/uploads\/sites\/7\/2016\/10\/cassis-sea-side.jpg 1038w\" sizes=\"auto, (max-width: 100px) 100vw, 100px\" \/><\/a><strong>Un d\u00eda por la costa mediterr\u00e1nea<br \/>\n<\/strong>Visita al pueblo de Cassis y la gran ciudad de Marsella. &#8230;<br \/>\n+ <a style=\"color: #ffffff;\" href=\"http:\/\/www.tours-in-provence.com\/es\/costa-mediterranea\">m\u00e1s<\/a><\/span><\/p>\n<hr \/>\n<p><span style=\"color: #ffffff;\"> <a style=\"color: #ffffff;\" href=\"http:\/\/www.tours-in-provence.com\/es\/van-gogh-arles-st-remy\"><img loading=\"lazy\" decoding=\"async\" class=\"alignleft wp-image-4980\" src=\"http:\/\/www.tours-in-provence.com\/es\/wp-content\/uploads\/sites\/7\/2016\/10\/van-gogh-la-moisson-gd-150x150.jpg\" alt=\"van-gogh-la-moisson\" width=\"100\" height=\"66\" srcset=\"https:\/\/www.tours-in-provence.com\/es\/wp-content\/uploads\/sites\/7\/2016\/10\/van-gogh-la-moisson-gd-300x199.jpg 300w, https:\/\/www.tours-in-provence.com\/es\/wp-content\/uploads\/sites\/7\/2016\/10\/van-gogh-la-moisson-gd-768x510.jpg 768w, https:\/\/www.tours-in-provence.com\/es\/wp-content\/uploads\/sites\/7\/2016\/10\/van-gogh-la-moisson-gd-1024x680.jpg 1024w, https:\/\/www.tours-in-provence.com\/es\/wp-content\/uploads\/sites\/7\/2016\/10\/van-gogh-la-moisson-gd.jpg 2000w\" sizes=\"auto, (max-width: 100px) 100vw, 100px\" \/><\/a><strong> Van Gogh Arles St R\u00e9my<br \/>\n<\/strong>En Arles y St R\u00e9my, Van Gogh pint\u00f3 obras maestras &#8230; + <a style=\"color: #ffffff;\" href=\"http:\/\/www.tours-in-provence.com\/es\/van-gogh-arles-st-remy\">m\u00e1s<\/a><\/span><\/p>\n<hr \/>\n<p><span style=\"color: #ffffff;\"> <a style=\"color: #ffffff;\" href=\"http:\/\/www.tours-in-provence.com\/es\/cezanne-paisajes\"><img loading=\"lazy\" decoding=\"async\" class=\"alignleft wp-image-4910\" src=\"http:\/\/www.tours-in-provence.com\/es\/wp-content\/uploads\/sites\/7\/2015\/07\/La-montagne-Sainte-Victoire-au-grand-pin-Vers-1887-huile-sur-toile-66-x-90-cm-Londres-Courtauld-Institute-Galleries-150x150.jpg\" alt=\"la-montagne-sainte-victoire\" width=\"100\" height=\"73\" srcset=\"https:\/\/www.tours-in-provence.com\/es\/wp-content\/uploads\/sites\/7\/2015\/07\/La-montagne-Sainte-Victoire-au-grand-pin-Vers-1887-huile-sur-toile-66-x-90-cm-Londres-Courtauld-Institute-Galleries-300x220.jpg 300w, https:\/\/www.tours-in-provence.com\/es\/wp-content\/uploads\/sites\/7\/2015\/07\/La-montagne-Sainte-Victoire-au-grand-pin-Vers-1887-huile-sur-toile-66-x-90-cm-Londres-Courtauld-Institute-Galleries-768x562.jpg 768w, https:\/\/www.tours-in-provence.com\/es\/wp-content\/uploads\/sites\/7\/2015\/07\/La-montagne-Sainte-Victoire-au-grand-pin-Vers-1887-huile-sur-toile-66-x-90-cm-Londres-Courtauld-Institute-Galleries.jpg 960w\" sizes=\"auto, (max-width: 100px) 100vw, 100px\" \/><\/a><strong>Los paisajes de Paul Cezanne<br \/>\n<\/strong>Los paisajes que inspiraron al pintor conocido en todo el mundo&#8230; + <a style=\"color: #ffffff;\" href=\"http:\/\/www.tours-in-provence.com\/es\/cezanne-paisajes\">m\u00e1s<\/a><\/span><\/p>\n<hr \/>\n<p style=\"text-align: center;\"><span style=\"color: #ffffff;\">&#8230; <strong><a style=\"color: #ffffff;\" href=\"http:\/\/www.tours-in-provence.com\/es\/circuito-individual\">y mucho m\u00e1s<\/a><\/strong><\/span><\/p>\n<p><span style=\"color: #dd9933;\">.<\/span>[\/vc_column_text][\/vc_column][vc_column width=\u00a0\u00bb1\/3&Prime;][vc_row_inner][vc_column_inner][vc_cta h2=\u00a0\u00bbCamargue\u00a0\u00bb style=\u00a0\u00bb3d\u00a0\u00bb add_button=\u00a0\u00bbbottom\u00a0\u00bb btn_title=\u00a0\u00bbTARIFAS &#8211; RESERVAS\u00a0\u00bb btn_color=\u00a0\u00bbwarning\u00a0\u00bb btn_align=\u00a0\u00bbcenter\u00a0\u00bb add_icon=\u00a0\u00bbtop\u00a0\u00bb i_icon_fontawesome=\u00a0\u00bbfa fa-info\u00a0\u00bb i_color=\u00a0\u00bborange\u00a0\u00bb i_background_style=\u00a0\u00bbboxed\u00a0\u00bb i_background_color=\u00a0\u00bbwhite\u00a0\u00bb i_on_border=\u00a0\u00bbtrue\u00a0\u00bb btn_link=\u00a0\u00bburl:http%3A%2F%2Fwww.tours-in-provence.com%2Fes%2Freservar||\u00a0\u00bb btn_button_block=\u00a0\u00bbtrue\u00a0\u00bb btn_add_icon=\u00a0\u00bbtrue\u00a0\u00bb]<\/p>\n<h3>Tour de un d\u00eda<\/h3>\n<p><span style=\"color: #000000;\"><strong>Salida<\/strong> de la excursi\u00f3n por Camarga a las 9h15 <strong>Regreso<\/strong> hacia las 17h.<\/span><\/p>\n<p><span style=\"color: #000000;\">El almuerzo no est\u00e1 incluido en el precio.<\/span><\/p>\n<p><span style=\"color: #000000;\"><em>Se recomienda usar ropa ligera, pantal\u00f3n y camisa de manga larga, no olvide el sombrero en verano. No olvide utilizar un repelente para mosquitos, o una prenda de abrigo si viene en primavera y en oto\u00f1o. Utilice prism\u00e1ticos para observar los p\u00e1jaros, le prestare m\u00edos y una c\u00e1mara de fotos para sus recuerdos.<\/em><\/span><\/p>\n<p><span style=\"color: #000000;\"><a style=\"color: #000000;\" href=\"http:\/\/www.tours-in-provence.com\/es\/contacto\">Contacto para m\u00e1s detalles y comprobar la disponibilidad.<\/a><\/span><strong><br \/>\n<\/strong>[\/vc_cta][\/vc_column_inner][\/vc_row_inner][\/vc_column][vc_column width=\u00a0\u00bb1\/3&Prime;][vc_single_image image=\u00a0\u00bb4344&Prime; img_size=\u00a0\u00bbmedium\u00a0\u00bb alignment=\u00a0\u00bbcenter\u00a0\u00bb onclick=\u00a0\u00bbcustom_link\u00a0\u00bb link=\u00a0\u00bbhttp:\/\/www.tours-in-provence.com\/es\/reservar\u00a0\u00bb][vc_empty_space][vc_column_text]<\/p>\n<h3>\u00bfAlguna otra Pregunta?<\/h3>\n<p>[\/vc_column_text][vc_tta_accordion color=\u00a0\u00bbgreen\u00a0\u00bb active_section=\u00a0\u00bb\u00a0\u00bb collapsible_all=\u00a0\u00bbtrue\u00a0\u00bb][vc_tta_section title=\u00a0\u00bb\u00a1Deja un mensaje!\u00a0\u00bb tab_id=\u00a0\u00bb1463497319728-7ab31417-69ae\u00a0\u00bb][vc_column_text]\n<div class=\"wpcf7 no-js\" id=\"wpcf7-f4377-o1\" lang=\"fr-FR\" dir=\"ltr\" data-wpcf7-id=\"4377\">\n<div class=\"screen-reader-response\"><p role=\"status\" aria-live=\"polite\" aria-atomic=\"true\"><\/p> <ul><\/ul><\/div>\n<form action=\"\/es\/wp-json\/wp\/v2\/pages\/4542#wpcf7-f4377-o1\" method=\"post\" class=\"wpcf7-form init\" aria-label=\"Formulaire de contact\" novalidate=\"novalidate\" data-status=\"init\">\n<fieldset class=\"hidden-fields-container\"><input type=\"hidden\" name=\"_wpcf7\" value=\"4377\" \/><input type=\"hidden\" name=\"_wpcf7_version\" value=\"6.1.5\" \/><input type=\"hidden\" name=\"_wpcf7_locale\" value=\"fr_FR\" \/><input type=\"hidden\" name=\"_wpcf7_unit_tag\" value=\"wpcf7-f4377-o1\" \/><input type=\"hidden\" name=\"_wpcf7_container_post\" value=\"0\" \/><input type=\"hidden\" name=\"_wpcf7_posted_data_hash\" value=\"\" \/><input type=\"hidden\" name=\"_wpcf7_recaptcha_response\" value=\"\" \/>\n<\/fieldset>\n<p>Apellido*\n<\/p>\n<p><span class=\"wpcf7-form-control-wrap\" data-name=\"your-name\"><input size=\"40\" maxlength=\"400\" class=\"wpcf7-form-control wpcf7-text wpcf7-validates-as-required\" aria-required=\"true\" aria-invalid=\"false\" value=\"\" type=\"text\" name=\"your-name\" \/><\/span>\n<\/p>\n<p>E-mail*\n<\/p>\n<p><span class=\"wpcf7-form-control-wrap\" data-name=\"your-email\"><input size=\"40\" maxlength=\"400\" class=\"wpcf7-form-control wpcf7-email wpcf7-validates-as-required wpcf7-text wpcf7-validates-as-email\" aria-required=\"true\" aria-invalid=\"false\" value=\"\" type=\"email\" name=\"your-email\" \/><\/span>\n<\/p>\n<p>Objeto*\n<\/p>\n<p><span class=\"wpcf7-form-control-wrap\" data-name=\"your-subject\"><input size=\"40\" maxlength=\"400\" class=\"wpcf7-form-control wpcf7-text wpcf7-validates-as-required\" aria-required=\"true\" aria-invalid=\"false\" value=\"\" type=\"text\" name=\"your-subject\" \/><\/span>\n<\/p>\n<p>Mensage\n<\/p>\n<p><span class=\"wpcf7-form-control-wrap\" data-name=\"your-message\"><textarea cols=\"40\" rows=\"10\" maxlength=\"2000\" class=\"wpcf7-form-control wpcf7-textarea\" aria-invalid=\"false\" name=\"your-message\"><\/textarea><\/span>\n<\/p>\n<p> Copie los caracteres verdes abajo\n<\/p>\n<p><input type=\"hidden\" name=\"_wpcf7_captcha_challenge_captcha-118\" value=\"934037664\" \/><img loading=\"lazy\" decoding=\"async\" class=\"wpcf7-form-control wpcf7-captchac wpcf7-captcha-captcha-118\" width=\"84\" height=\"28\" alt=\"captcha\" src=\"https:\/\/www.tours-in-provence.com\/es\/wp-content\/uploads\/sites\/7\/wpcf7_captcha\/934037664.png\" \/><br \/>\n<span class=\"wpcf7-form-control-wrap\" data-name=\"captcha-118\"><input size=\"4\" maxlength=\"4\" class=\"wpcf7-form-control wpcf7-captchar\" autocomplete=\"off\" aria-invalid=\"false\" value=\"\" type=\"text\" name=\"captcha-118\" \/><\/span>\n<\/p>\n<p><input class=\"wpcf7-form-control wpcf7-submit has-spinner\" type=\"submit\" value=\"Enviar\" \/>\n<\/p><div class=\"wpcf7-response-output\" aria-hidden=\"true\"><\/div>\n<\/form>\n<\/div>\n[\/vc_column_text][\/vc_tta_section][\/vc_tta_accordion][\/vc_column][\/vc_row]<\/p>\n","protected":false},"excerpt":{"rendered":"<p>[vc_row][vc_column width=\u00a0\u00bb1\/2&Prime;][vc_empty_space height=\u00a0\u00bb15px\u00a0\u00bb][rev_slider_vc alias=\u00a0\u00bbcamargue-ptt\u00a0\u00bb][vc_empty_space height=\u00a0\u00bb15px\u00a0\u00bb][vc_row_inner content_placement=\u00a0\u00bbmiddle\u00a0\u00bb css=\u00a0\u00bb.vc_custom_1464118205599{padding-left: 5px !important;}\u00a0\u00bb][vc_column_inner width=\u00a0\u00bb1\/2&Prime;][vc_single_image image=\u00a0\u00bb4591&Prime; img_size=\u00a0\u00bbmedium\u00a0\u00bb alignment=\u00a0\u00bbcenter\u00a0\u00bb style=\u00a0\u00bbvc_box_shadow\u00a0\u00bb onclick=\u00a0\u00bbimg_link_large\u00a0\u00bb img_link_target=\u00a0\u00bb_blank\u00a0\u00bb][\/vc_column_inner][vc_column_inner width=\u00a0\u00bb1\/2&Prime;][vc_message message_box_style=\u00a0\u00bb3d\u00a0\u00bb message_box_color=\u00a0\u00bbblue\u00a0\u00bb icon_fontawesome=\u00a0\u00bbfa fa-camera-retro\u00a0\u00bb]Ver el \u00e1lbum con las fotos de C\u00e9cile[\/vc_message][\/vc_column_inner][\/vc_row_inner][\/vc_column][vc_column width=\u00a0\u00bb1\/2&Prime;][vc_column_text] \u00a1Explorar Camarga! Visitar la Provenza es descubrir tambi\u00e9n por un recorrido la Camarga. La Camargue, una inmensa llanura aluvial, nacida y formada debido a la acci\u00f3n &#8230; <a class=\"excerpt-readmore\" href=\"https:\/\/www.tours-in-provence.com\/es\/circuito-camarga\">Read More<\/a><\/p>\n","protected":false},"author":1,"featured_media":0,"parent":0,"menu_order":0,"comment_status":"closed","ping_status":"closed","template":"","meta":{"footnotes":""},"class_list":["post-4542","page","type-page","status-publish","hentry"],"yoast_head":"<!-- This site is optimized with the Yoast SEO plugin v26.9 - https:\/\/yoast.com\/product\/yoast-seo-wordpress\/ -->\n<title>Camarga circuito individual entre el R\u00f3dano R\u00edo y Mar Mediterr\u00e1neo<\/title>\n<meta name=\"description\" content=\"Paisaje excepcional entre el R\u00f3dano R\u00edo y Mar Mediterr\u00e1neo. Flamencos, Caballos, Toros durante su circuito individual en Camarga.\" \/>\n<meta name=\"robots\" content=\"index, follow, max-snippet:-1, max-image-preview:large, max-video-preview:-1\" \/>\n<link rel=\"canonical\" href=\"https:\/\/www.tours-in-provence.com\/es\/circuito-camarga\" \/>\n<meta property=\"og:locale\" content=\"fr_FR\" \/>\n<meta property=\"og:type\" content=\"article\" \/>\n<meta property=\"og:title\" content=\"Camarga circuito individual entre el R\u00f3dano R\u00edo y Mar Mediterr\u00e1neo\" \/>\n<meta property=\"og:description\" content=\"Paisaje excepcional entre el R\u00f3dano R\u00edo y Mar Mediterr\u00e1neo. Flamencos, Caballos, Toros durante su circuito individual en Camarga.\" \/>\n<meta property=\"og:url\" content=\"https:\/\/www.tours-in-provence.com\/es\/circuito-camarga\" \/>\n<meta property=\"og:site_name\" content=\"Circuitos guiados\" \/>\n<meta property=\"article:modified_time\" content=\"2020-02-28T18:37:21+00:00\" \/>\n<meta property=\"og:image\" content=\"https:\/\/www.tours-in-provence.com\/es\/wp-content\/uploads\/sites\/7\/2016\/05\/flamant-rose.jpg\" \/>\n\t<meta property=\"og:image:width\" content=\"300\" \/>\n\t<meta property=\"og:image:height\" content=\"319\" \/>\n\t<meta property=\"og:image:type\" content=\"image\/jpeg\" \/>\n<meta name=\"twitter:card\" content=\"summary_large_image\" \/>\n<meta name=\"twitter:label1\" content=\"Dur\u00e9e de lecture estim\u00e9e\" \/>\n\t<meta name=\"twitter:data1\" content=\"4 minutes\" \/>\n<script type=\"application\/ld+json\" class=\"yoast-schema-graph\">{\"@context\":\"https:\/\/schema.org\",\"@graph\":[{\"@type\":\"WebPage\",\"@id\":\"https:\/\/www.tours-in-provence.com\/es\/circuito-camarga\",\"url\":\"https:\/\/www.tours-in-provence.com\/es\/circuito-camarga\",\"name\":\"Camarga circuito individual entre el R\u00f3dano R\u00edo y Mar Mediterr\u00e1neo\",\"isPartOf\":{\"@id\":\"https:\/\/www.tours-in-provence.com\/es\/#website\"},\"primaryImageOfPage\":{\"@id\":\"https:\/\/www.tours-in-provence.com\/es\/circuito-camarga#primaryimage\"},\"image\":{\"@id\":\"https:\/\/www.tours-in-provence.com\/es\/circuito-camarga#primaryimage\"},\"thumbnailUrl\":\"http:\/\/www.tours-in-provence.com\/es\/wp-content\/uploads\/sites\/7\/2016\/05\/flamant-rose-150x150.jpg\",\"datePublished\":\"2016-05-24T17:06:40+00:00\",\"dateModified\":\"2020-02-28T18:37:21+00:00\",\"description\":\"Paisaje excepcional entre el R\u00f3dano R\u00edo y Mar Mediterr\u00e1neo. Flamencos, Caballos, Toros durante su circuito individual en Camarga.\",\"breadcrumb\":{\"@id\":\"https:\/\/www.tours-in-provence.com\/es\/circuito-camarga#breadcrumb\"},\"inLanguage\":\"fr-FR\",\"potentialAction\":[{\"@type\":\"ReadAction\",\"target\":[\"https:\/\/www.tours-in-provence.com\/es\/circuito-camarga\"]}]},{\"@type\":\"ImageObject\",\"inLanguage\":\"fr-FR\",\"@id\":\"https:\/\/www.tours-in-provence.com\/es\/circuito-camarga#primaryimage\",\"url\":\"http:\/\/www.tours-in-provence.com\/es\/wp-content\/uploads\/sites\/7\/2016\/05\/flamant-rose-150x150.jpg\",\"contentUrl\":\"http:\/\/www.tours-in-provence.com\/es\/wp-content\/uploads\/sites\/7\/2016\/05\/flamant-rose-150x150.jpg\"},{\"@type\":\"BreadcrumbList\",\"@id\":\"https:\/\/www.tours-in-provence.com\/es\/circuito-camarga#breadcrumb\",\"itemListElement\":[{\"@type\":\"ListItem\",\"position\":1,\"name\":\"Accueil\",\"item\":\"https:\/\/www.tours-in-provence.com\/es\/\"},{\"@type\":\"ListItem\",\"position\":2,\"name\":\"Excursi\u00f3n por Camarga\"}]},{\"@type\":\"WebSite\",\"@id\":\"https:\/\/www.tours-in-provence.com\/es\/#website\",\"url\":\"https:\/\/www.tours-in-provence.com\/es\/\",\"name\":\"Circuitos guiados\",\"description\":\"Recorridos por Provenza con total libertad\",\"potentialAction\":[{\"@type\":\"SearchAction\",\"target\":{\"@type\":\"EntryPoint\",\"urlTemplate\":\"https:\/\/www.tours-in-provence.com\/es\/?s={search_term_string}\"},\"query-input\":{\"@type\":\"PropertyValueSpecification\",\"valueRequired\":true,\"valueName\":\"search_term_string\"}}],\"inLanguage\":\"fr-FR\"}]}<\/script>\n<!-- \/ Yoast SEO plugin. -->","yoast_head_json":{"title":"Camarga circuito individual entre el R\u00f3dano R\u00edo y Mar Mediterr\u00e1neo","description":"Paisaje excepcional entre el R\u00f3dano R\u00edo y Mar Mediterr\u00e1neo. Flamencos, Caballos, Toros durante su circuito individual en Camarga.","robots":{"index":"index","follow":"follow","max-snippet":"max-snippet:-1","max-image-preview":"max-image-preview:large","max-video-preview":"max-video-preview:-1"},"canonical":"https:\/\/www.tours-in-provence.com\/es\/circuito-camarga","og_locale":"fr_FR","og_type":"article","og_title":"Camarga circuito individual entre el R\u00f3dano R\u00edo y Mar Mediterr\u00e1neo","og_description":"Paisaje excepcional entre el R\u00f3dano R\u00edo y Mar Mediterr\u00e1neo. Flamencos, Caballos, Toros durante su circuito individual en Camarga.","og_url":"https:\/\/www.tours-in-provence.com\/es\/circuito-camarga","og_site_name":"Circuitos guiados","article_modified_time":"2020-02-28T18:37:21+00:00","og_image":[{"width":300,"height":319,"url":"https:\/\/www.tours-in-provence.com\/es\/wp-content\/uploads\/sites\/7\/2016\/05\/flamant-rose.jpg","type":"image\/jpeg"}],"twitter_card":"summary_large_image","twitter_misc":{"Dur\u00e9e de lecture estim\u00e9e":"4 minutes"},"schema":{"@context":"https:\/\/schema.org","@graph":[{"@type":"WebPage","@id":"https:\/\/www.tours-in-provence.com\/es\/circuito-camarga","url":"https:\/\/www.tours-in-provence.com\/es\/circuito-camarga","name":"Camarga circuito individual entre el R\u00f3dano R\u00edo y Mar Mediterr\u00e1neo","isPartOf":{"@id":"https:\/\/www.tours-in-provence.com\/es\/#website"},"primaryImageOfPage":{"@id":"https:\/\/www.tours-in-provence.com\/es\/circuito-camarga#primaryimage"},"image":{"@id":"https:\/\/www.tours-in-provence.com\/es\/circuito-camarga#primaryimage"},"thumbnailUrl":"http:\/\/www.tours-in-provence.com\/es\/wp-content\/uploads\/sites\/7\/2016\/05\/flamant-rose-150x150.jpg","datePublished":"2016-05-24T17:06:40+00:00","dateModified":"2020-02-28T18:37:21+00:00","description":"Paisaje excepcional entre el R\u00f3dano R\u00edo y Mar Mediterr\u00e1neo. Flamencos, Caballos, Toros durante su circuito individual en Camarga.","breadcrumb":{"@id":"https:\/\/www.tours-in-provence.com\/es\/circuito-camarga#breadcrumb"},"inLanguage":"fr-FR","potentialAction":[{"@type":"ReadAction","target":["https:\/\/www.tours-in-provence.com\/es\/circuito-camarga"]}]},{"@type":"ImageObject","inLanguage":"fr-FR","@id":"https:\/\/www.tours-in-provence.com\/es\/circuito-camarga#primaryimage","url":"http:\/\/www.tours-in-provence.com\/es\/wp-content\/uploads\/sites\/7\/2016\/05\/flamant-rose-150x150.jpg","contentUrl":"http:\/\/www.tours-in-provence.com\/es\/wp-content\/uploads\/sites\/7\/2016\/05\/flamant-rose-150x150.jpg"},{"@type":"BreadcrumbList","@id":"https:\/\/www.tours-in-provence.com\/es\/circuito-camarga#breadcrumb","itemListElement":[{"@type":"ListItem","position":1,"name":"Accueil","item":"https:\/\/www.tours-in-provence.com\/es\/"},{"@type":"ListItem","position":2,"name":"Excursi\u00f3n por Camarga"}]},{"@type":"WebSite","@id":"https:\/\/www.tours-in-provence.com\/es\/#website","url":"https:\/\/www.tours-in-provence.com\/es\/","name":"Circuitos guiados","description":"Recorridos por Provenza con total libertad","potentialAction":[{"@type":"SearchAction","target":{"@type":"EntryPoint","urlTemplate":"https:\/\/www.tours-in-provence.com\/es\/?s={search_term_string}"},"query-input":{"@type":"PropertyValueSpecification","valueRequired":true,"valueName":"search_term_string"}}],"inLanguage":"fr-FR"}]}},"_links":{"self":[{"href":"https:\/\/www.tours-in-provence.com\/es\/wp-json\/wp\/v2\/pages\/4542","targetHints":{"allow":["GET"]}}],"collection":[{"href":"https:\/\/www.tours-in-provence.com\/es\/wp-json\/wp\/v2\/pages"}],"about":[{"href":"https:\/\/www.tours-in-provence.com\/es\/wp-json\/wp\/v2\/types\/page"}],"author":[{"embeddable":true,"href":"https:\/\/www.tours-in-provence.com\/es\/wp-json\/wp\/v2\/users\/1"}],"replies":[{"embeddable":true,"href":"https:\/\/www.tours-in-provence.com\/es\/wp-json\/wp\/v2\/comments?post=4542"}],"version-history":[{"count":1,"href":"https:\/\/www.tours-in-provence.com\/es\/wp-json\/wp\/v2\/pages\/4542\/revisions"}],"predecessor-version":[{"id":5900,"href":"https:\/\/www.tours-in-provence.com\/es\/wp-json\/wp\/v2\/pages\/4542\/revisions\/5900"}],"wp:attachment":[{"href":"https:\/\/www.tours-in-provence.com\/es\/wp-json\/wp\/v2\/media?parent=4542"}],"curies":[{"name":"wp","href":"https:\/\/api.w.org\/{rel}","templated":true}]}}