{"id":4862,"date":"2016-10-10T20:30:46","date_gmt":"2016-10-10T18:30:46","guid":{"rendered":"http:\/\/www.tours-in-provence.com\/es\/alpilles-copy"},"modified":"2016-11-22T20:13:42","modified_gmt":"2016-11-22T19:13:42","slug":"alpilles-arles-van-gogh","status":"publish","type":"page","link":"https:\/\/www.tours-in-provence.com\/es\/alpilles-arles-van-gogh","title":{"rendered":"Les Alpilles"},"content":{"rendered":"<p>[vc_row][vc_column width=\u00a0\u00bb1\/2&Prime;][vc_single_image image=\u00a0\u00bb4184&Prime; img_size=\u00a0\u00bblarge\u00a0\u00bb alignment=\u00a0\u00bbcenter\u00a0\u00bb css=\u00a0\u00bb.vc_custom_1463127757661{background-color: #ededc0 !important;}\u00a0\u00bb][vc_empty_space height=\u00a0\u00bb15px\u00a0\u00bb][vc_column_text]<\/p>\n<h3>Circuito Alpilles 1 : Saint R\u00e9my de Provence, Les Alpilles, Les Baux de Provence.<\/h3>\n<p><span style=\"color: #000000;\">Para descubrir y visitar Les<strong> Alpilles,<\/strong> le\u00a0propongo\u00a0de visitar <strong>Saint R\u00e9my de Provence.<\/strong> Es un pueblo de mucho car\u00e1cter, con sus calles peatonales, sus plazas y casas de \u00e9pocas distintas, del g\u00f3tico, al renacimiento. A las afueras de St Remy se situa, los sitios griegos y romanos de Glanum, con el arco triunfal y su mausoleo.<\/span><\/p>\n<p><span style=\"color: #000000;\">Opci\u00f3n se puede visitar <strong>Saint-Paul de Mausole<\/strong> en St R\u00e9my, donde\u00a0vivi\u00f3<strong>\u00a0Vincent\u00a0van Gogh<\/strong> durante 1 ano en 1889.<\/span><\/p>\n<p><span style=\"color: #000000;\">Desde St R\u00e9my iremos por el camino a trav\u00e9s Les Alpilles, para visitar el pueblo de medievo de <strong>Baux de Provence<\/strong><\/span><\/p>\n<p><span style=\"color: #000000;\">En\u00a0 la valle de los Alpilles, se cultivan olivos desde la \u00e9poca de la griega y romana.\u00a0<strong>El aceite de oliva <\/strong>cuenta con denominaci\u00f3n de origen.<\/span><\/p>\n<p><span style=\"color: #000000;\">El pueblo des <strong>Baux de Provence<\/strong> ofrece un rico patrimonio arquitect\u00f3nico que podr\u00e1 descubrir paseando por sus callejuelas adoquinadas, hasta la vista panor\u00e1mica excepcional del valle: un verdadero <strong>mar de olivos<\/strong>, azul plateado.<\/span><\/p>\n<p><span style=\"color: #000000;\">Opci\u00f3n: podremos visitar un <strong>molino<\/strong> para comprender su elaboraci\u00f3n y disfrutar de los sabores de la tierra.<\/span><\/p>\n<p><span style=\"color: #000000;\">Opci\u00f3n: Visitar el pueblo de <strong>Eygali\u00e8res\u00a0<\/strong><\/span><\/p>\n<p><span style=\"color: #000000;\">Opcion: Visitar <\/span><strong><span style=\"color: #000000;\">Les Carri\u00e8re de Lumi\u00e8re<\/span><br \/>\n<\/strong>[\/vc_column_text][vc_empty_space height=\u00a0\u00bb15px\u00a0\u00bb][vc_btn title=\u00a0\u00bbTARIFAS &amp; INFORMACIONES\u00a0\u00bb color=\u00a0\u00bbwarning\u00a0\u00bb align=\u00a0\u00bbcenter\u00a0\u00bb link=\u00a0\u00bburl:http%3A%2F%2Fwww.tours-in-provence.com%2Fes%2Freservar||\u00a0\u00bb][\/vc_column][vc_column width=\u00a0\u00bb1\/2&Prime;][vc_single_image image=\u00a0\u00bb4980&Prime; img_size=\u00a0\u00bblarge\u00a0\u00bb][vc_empty_space height=\u00a0\u00bb15px\u00a0\u00bb][vc_column_text]<\/p>\n<h3>Circuito Les Alpilles 2: Vincent Van Gogh Arles and St Remy de Provence<\/h3>\n<p><span style=\"color: #000000;\">Nuestro recorrido nos llevar\u00e1 a la ciudad de <strong>Arles<\/strong>, Les Alpilles y el pueblo de St Remy de Provence.<\/span><\/p>\n<p><span style=\"color: #000000;\">Visitar Arles es como viajar en el tiempo. Arles es una antigua colonia romana en la \u00e9poca de Julio Cesar, su urbanismo se desarroll\u00f3 bajo el emperador Augusto, del que son testigos sus numerosos monumentos: <strong>el teatro, el anfiteatro<\/strong>.<\/span><\/p>\n<p><span style=\"color: #000000;\">En la plaza del ayuntamiento, la iglesia de<strong> San Trophime<\/strong>, cuya portada y claustro son joyas del <strong>arte rom\u00e1nico tard\u00edo<\/strong> del sur de Francia, es una visita obligada para los amantes del arte.<\/span><\/p>\n<p><span style=\"color: #000000;\">Caminando por la ciudad, descubrir\u00e1n los sitios elegido por Vincent Van Gogh hizo durante su estancia de una ano en Arles y en el hospice Hotel Dieu.<\/span><\/p>\n<p><span style=\"color: #000000;\">Opci\u00f3n: ir a la <strong>Foundation Vincent Van Gogh<\/strong>\u00a0en Arles, para descubrir las exhibici\u00f3n temporal y la colecci\u00f3n que cuenta cuadros de Vincent Van Gogh.<\/span><\/p>\n<p><span style=\"color: #000000;\">Por la tarde visitaremos <strong>Saint R\u00e9my de Provence y Saint-Paul de Mausole<\/strong> donde\u00a0vivi\u00f3<strong>\u00a0Vincent\u00a0van Gogh<\/strong> durante 1 ano en 1889.<\/span><\/p>\n<p><span style=\"color: #000000;\">A las afueras de St R\u00e9my se situa, los sitios griegos y romanos de Glanum, con el arco triunfal y su mausoleo.<\/span>[\/vc_column_text][vc_empty_space height=\u00a0\u00bb15px\u00a0\u00bb][vc_btn title=\u00a0\u00bbTARIFAS &amp; INFORMACIONES\u00a0\u00bb color=\u00a0\u00bbwarning\u00a0\u00bb align=\u00a0\u00bbcenter\u00a0\u00bb link=\u00a0\u00bburl:http%3A%2F%2Fwww.tours-in-provence.com%2Fes%2Freservar||\u00a0\u00bb][\/vc_column][\/vc_row][vc_row css=\u00a0\u00bb.vc_custom_1463128062500{background-color: #dd9933 !important;}\u00a0\u00bb][vc_column width=\u00a0\u00bb1\/3&Prime;][vc_empty_space height=\u00a0\u00bb5px\u00a0\u00bb][vc_column_text]<\/p>\n<h3><span style=\"color: #ffffff;\">Ideas Circuitos \u00e0 la Carta<\/span><\/h3>\n<hr \/>\n<p><span style=\"color: #ffffff;\"> <a style=\"color: #ffffff;\" href=\"http:\/\/www.tours-in-provence.com\/es\/cata-de-vino\"><img loading=\"lazy\" decoding=\"async\" class=\"alignleft wp-image-4779\" src=\"http:\/\/www.tours-in-provence.com\/es\/wp-content\/uploads\/sites\/7\/2016\/06\/vignoble-150x150.jpg\" alt=\"vinos\" width=\"100\" height=\"66\" srcset=\"https:\/\/www.tours-in-provence.com\/es\/wp-content\/uploads\/sites\/7\/2016\/06\/vignoble-300x199.jpg 300w, https:\/\/www.tours-in-provence.com\/es\/wp-content\/uploads\/sites\/7\/2016\/06\/vignoble-768x510.jpg 768w, https:\/\/www.tours-in-provence.com\/es\/wp-content\/uploads\/sites\/7\/2016\/06\/vignoble-1024x680.jpg 1024w, https:\/\/www.tours-in-provence.com\/es\/wp-content\/uploads\/sites\/7\/2016\/06\/vignoble.jpg 2000w\" sizes=\"auto, (max-width: 100px) 100vw, 100px\" \/><\/a><strong>Cata de vino<br \/>\n<\/strong>Circuito por los vi\u00f1edos. Cata de vinos Ros\u00e9 &#8230; + <a style=\"color: #ffffff;\" href=\"http:\/\/www.tours-in-provence.com\/es\/cata-de-vino\">m\u00e1s<\/a><\/span><\/p>\n<hr \/>\n<p><span style=\"color: #ffffff;\"> <a style=\"color: #ffffff;\" href=\"http:\/\/www.tours-in-provence.com\/es\/costa-mediterranea\"><img loading=\"lazy\" decoding=\"async\" class=\"alignleft wp-image-4872\" src=\"http:\/\/www.tours-in-provence.com\/es\/wp-content\/uploads\/sites\/7\/2016\/10\/cassis-sea-side-150x150.jpg\" alt=\"cassis-mar\" width=\"100\" height=\"75\" srcset=\"https:\/\/www.tours-in-provence.com\/es\/wp-content\/uploads\/sites\/7\/2016\/10\/cassis-sea-side-300x225.jpg 300w, https:\/\/www.tours-in-provence.com\/es\/wp-content\/uploads\/sites\/7\/2016\/10\/cassis-sea-side-768x576.jpg 768w, https:\/\/www.tours-in-provence.com\/es\/wp-content\/uploads\/sites\/7\/2016\/10\/cassis-sea-side-1024x768.jpg 1024w, https:\/\/www.tours-in-provence.com\/es\/wp-content\/uploads\/sites\/7\/2016\/10\/cassis-sea-side.jpg 1038w\" sizes=\"auto, (max-width: 100px) 100vw, 100px\" \/><\/a><strong>Un d\u00eda por la costa mediterr\u00e1nea<br \/>\n<\/strong>Visita al pueblo de Cassis y la gran ciudad de Marsella. &#8230; + <a style=\"color: #ffffff;\" href=\"http:\/\/www.tours-in-provence.com\/es\/costa-mediterranea\">m\u00e1s<\/a><\/span><\/p>\n<hr \/>\n<p><span style=\"color: #ffffff;\"> <a style=\"color: #ffffff;\" href=\"http:\/\/www.tours-in-provence.com\/es\/van-gogh-arles-st-remy\"><img loading=\"lazy\" decoding=\"async\" class=\"alignleft wp-image-4980\" src=\"http:\/\/www.tours-in-provence.com\/es\/wp-content\/uploads\/sites\/7\/2016\/10\/van-gogh-la-moisson-gd-150x150.jpg\" alt=\"van-gogh-la-moisson\" width=\"100\" height=\"66\" srcset=\"https:\/\/www.tours-in-provence.com\/es\/wp-content\/uploads\/sites\/7\/2016\/10\/van-gogh-la-moisson-gd-300x199.jpg 300w, https:\/\/www.tours-in-provence.com\/es\/wp-content\/uploads\/sites\/7\/2016\/10\/van-gogh-la-moisson-gd-768x510.jpg 768w, https:\/\/www.tours-in-provence.com\/es\/wp-content\/uploads\/sites\/7\/2016\/10\/van-gogh-la-moisson-gd-1024x680.jpg 1024w, https:\/\/www.tours-in-provence.com\/es\/wp-content\/uploads\/sites\/7\/2016\/10\/van-gogh-la-moisson-gd.jpg 2000w\" sizes=\"auto, (max-width: 100px) 100vw, 100px\" \/><\/a><strong> Van Gogh Arles St R\u00e9my<br \/>\n<\/strong>En Arles y St R\u00e9my, Van Gogh pint\u00f3 obras maestras &#8230; + <a style=\"color: #ffffff;\" href=\"http:\/\/www.tours-in-provence.com\/es\/van-gogh-arles-st-remy\">m\u00e1s<\/a><\/span><\/p>\n<hr \/>\n<p><span style=\"color: #ffffff;\"> <a style=\"color: #ffffff;\" href=\"http:\/\/www.tours-in-provence.com\/es\/cezanne-paisajes\"><img loading=\"lazy\" decoding=\"async\" class=\"alignleft wp-image-4910\" src=\"http:\/\/www.tours-in-provence.com\/es\/wp-content\/uploads\/sites\/7\/2015\/07\/La-montagne-Sainte-Victoire-au-grand-pin-Vers-1887-huile-sur-toile-66-x-90-cm-Londres-Courtauld-Institute-Galleries-150x150.jpg\" alt=\"la-montagne-sainte-victoire\" width=\"100\" height=\"73\" srcset=\"https:\/\/www.tours-in-provence.com\/es\/wp-content\/uploads\/sites\/7\/2015\/07\/La-montagne-Sainte-Victoire-au-grand-pin-Vers-1887-huile-sur-toile-66-x-90-cm-Londres-Courtauld-Institute-Galleries-300x220.jpg 300w, https:\/\/www.tours-in-provence.com\/es\/wp-content\/uploads\/sites\/7\/2015\/07\/La-montagne-Sainte-Victoire-au-grand-pin-Vers-1887-huile-sur-toile-66-x-90-cm-Londres-Courtauld-Institute-Galleries-768x562.jpg 768w, https:\/\/www.tours-in-provence.com\/es\/wp-content\/uploads\/sites\/7\/2015\/07\/La-montagne-Sainte-Victoire-au-grand-pin-Vers-1887-huile-sur-toile-66-x-90-cm-Londres-Courtauld-Institute-Galleries.jpg 960w\" sizes=\"auto, (max-width: 100px) 100vw, 100px\" \/><\/a><strong>Los paisajes de Paul Cezanne<br \/>\n<\/strong>Los paisajes que inspiraron al pintor conocido en todo el mundo&#8230; + <a style=\"color: #ffffff;\" href=\"http:\/\/www.tours-in-provence.com\/es\/cezanne-paisajes\">m\u00e1s<\/a><\/span><\/p>\n<hr \/>\n<p style=\"text-align: center;\"><span style=\"color: #ffffff;\">&#8230; <strong><a style=\"color: #ffffff;\" href=\"http:\/\/www.tours-in-provence.com\/es\/circuito-individual\">y mucho m\u00e1s<\/a><\/strong><\/span><\/p>\n<p><span style=\"color: #dd9933;\">.<\/span>[\/vc_column_text][\/vc_column][vc_column width=\u00a0\u00bb1\/3&Prime;][vc_row_inner][vc_column_inner][vc_cta h2=\u00a0\u00bbExplorar Les Alpilles\u00a0\u00bb style=\u00a0\u00bb3d\u00a0\u00bb add_button=\u00a0\u00bbbottom\u00a0\u00bb btn_title=\u00a0\u00bbTARIFAS &#8211; RESERVAS\u00a0\u00bb btn_color=\u00a0\u00bbwarning\u00a0\u00bb btn_align=\u00a0\u00bbcenter\u00a0\u00bb add_icon=\u00a0\u00bbtop\u00a0\u00bb i_icon_fontawesome=\u00a0\u00bbfa fa-info\u00a0\u00bb i_color=\u00a0\u00bborange\u00a0\u00bb i_background_style=\u00a0\u00bbboxed\u00a0\u00bb i_background_color=\u00a0\u00bbwhite\u00a0\u00bb i_on_border=\u00a0\u00bbtrue\u00a0\u00bb btn_link=\u00a0\u00bburl:http%3A%2F%2Fwww.tours-in-provence.com%2Fes%2Freservar||\u00a0\u00bb btn_button_block=\u00a0\u00bbtrue\u00a0\u00bb btn_add_icon=\u00a0\u00bbtrue\u00a0\u00bb]<\/p>\n<h3>Tour de un d\u00eda<\/h3>\n<p>Por esa excursi\u00f3n vendr\u00e9 a recogerle en el lugar de residencia 9.15 horas regresando a las 4h de la tarde.<\/p>\n<p><a href=\"http:\/\/www.tours-in-provence.com\/es\/contacto\">P\u00f3ngase en contacto<\/a> con nosotros si tiene alguna pregunta y para comprobar la disponibilidad.[\/vc_cta][\/vc_column_inner][\/vc_row_inner][\/vc_column][vc_column width=\u00a0\u00bb1\/3&Prime;][vc_single_image image=\u00a0\u00bb4344&Prime; img_size=\u00a0\u00bbmedium\u00a0\u00bb alignment=\u00a0\u00bbcenter\u00a0\u00bb onclick=\u00a0\u00bbcustom_link\u00a0\u00bb link=\u00a0\u00bbhttp:\/\/www.tours-in-provence.com\/es\/reservar\u00a0\u00bb][vc_empty_space][vc_column_text]<\/p>\n<h3>\u00bfAlguna otra Pregunta?<\/h3>\n<p>[\/vc_column_text][vc_tta_accordion color=\u00a0\u00bbgreen\u00a0\u00bb active_section=\u00a0\u00bb\u00a0\u00bb collapsible_all=\u00a0\u00bbtrue\u00a0\u00bb][vc_tta_section title=\u00a0\u00bb\u00a1Deja un mensaje!\u00a0\u00bb tab_id=\u00a0\u00bb1463497319728-7ab31417-69ae\u00a0\u00bb][vc_column_text]\n<div class=\"wpcf7 no-js\" id=\"wpcf7-f4377-o1\" lang=\"fr-FR\" dir=\"ltr\" data-wpcf7-id=\"4377\">\n<div class=\"screen-reader-response\"><p role=\"status\" aria-live=\"polite\" aria-atomic=\"true\"><\/p> <ul><\/ul><\/div>\n<form action=\"\/es\/wp-json\/wp\/v2\/pages\/4862#wpcf7-f4377-o1\" method=\"post\" class=\"wpcf7-form init\" aria-label=\"Formulaire de contact\" novalidate=\"novalidate\" data-status=\"init\">\n<fieldset class=\"hidden-fields-container\"><input type=\"hidden\" name=\"_wpcf7\" value=\"4377\" \/><input type=\"hidden\" name=\"_wpcf7_version\" value=\"6.1.5\" \/><input type=\"hidden\" name=\"_wpcf7_locale\" value=\"fr_FR\" \/><input type=\"hidden\" name=\"_wpcf7_unit_tag\" value=\"wpcf7-f4377-o1\" \/><input type=\"hidden\" name=\"_wpcf7_container_post\" value=\"0\" \/><input type=\"hidden\" name=\"_wpcf7_posted_data_hash\" value=\"\" \/><input type=\"hidden\" name=\"_wpcf7_recaptcha_response\" value=\"\" \/>\n<\/fieldset>\n<p>Apellido*\n<\/p>\n<p><span class=\"wpcf7-form-control-wrap\" data-name=\"your-name\"><input size=\"40\" maxlength=\"400\" class=\"wpcf7-form-control wpcf7-text wpcf7-validates-as-required\" aria-required=\"true\" aria-invalid=\"false\" value=\"\" type=\"text\" name=\"your-name\" \/><\/span>\n<\/p>\n<p>E-mail*\n<\/p>\n<p><span class=\"wpcf7-form-control-wrap\" data-name=\"your-email\"><input size=\"40\" maxlength=\"400\" class=\"wpcf7-form-control wpcf7-email wpcf7-validates-as-required wpcf7-text wpcf7-validates-as-email\" aria-required=\"true\" aria-invalid=\"false\" value=\"\" type=\"email\" name=\"your-email\" \/><\/span>\n<\/p>\n<p>Objeto*\n<\/p>\n<p><span class=\"wpcf7-form-control-wrap\" data-name=\"your-subject\"><input size=\"40\" maxlength=\"400\" class=\"wpcf7-form-control wpcf7-text wpcf7-validates-as-required\" aria-required=\"true\" aria-invalid=\"false\" value=\"\" type=\"text\" name=\"your-subject\" \/><\/span>\n<\/p>\n<p>Mensage\n<\/p>\n<p><span class=\"wpcf7-form-control-wrap\" data-name=\"your-message\"><textarea cols=\"40\" rows=\"10\" maxlength=\"2000\" class=\"wpcf7-form-control wpcf7-textarea\" aria-invalid=\"false\" name=\"your-message\"><\/textarea><\/span>\n<\/p>\n<p> Copie los caracteres verdes abajo\n<\/p>\n<p><input type=\"hidden\" name=\"_wpcf7_captcha_challenge_captcha-118\" value=\"985074897\" \/><img loading=\"lazy\" decoding=\"async\" class=\"wpcf7-form-control wpcf7-captchac wpcf7-captcha-captcha-118\" width=\"84\" height=\"28\" alt=\"captcha\" src=\"https:\/\/www.tours-in-provence.com\/es\/wp-content\/uploads\/sites\/7\/wpcf7_captcha\/985074897.png\" \/><br \/>\n<span class=\"wpcf7-form-control-wrap\" data-name=\"captcha-118\"><input size=\"4\" maxlength=\"4\" class=\"wpcf7-form-control wpcf7-captchar\" autocomplete=\"off\" aria-invalid=\"false\" value=\"\" type=\"text\" name=\"captcha-118\" \/><\/span>\n<\/p>\n<p><input class=\"wpcf7-form-control wpcf7-submit has-spinner\" type=\"submit\" value=\"Enviar\" \/>\n<\/p><div class=\"wpcf7-response-output\" aria-hidden=\"true\"><\/div>\n<\/form>\n<\/div>\n[\/vc_column_text][\/vc_tta_section][\/vc_tta_accordion][\/vc_column][\/vc_row]<\/p>\n","protected":false},"excerpt":{"rendered":"<p>[vc_row][vc_column width=\u00a0\u00bb1\/2&Prime;][vc_single_image image=\u00a0\u00bb4184&Prime; img_size=\u00a0\u00bblarge\u00a0\u00bb alignment=\u00a0\u00bbcenter\u00a0\u00bb css=\u00a0\u00bb.vc_custom_1463127757661{background-color: #ededc0 !important;}\u00a0\u00bb][vc_empty_space height=\u00a0\u00bb15px\u00a0\u00bb][vc_column_text] Circuito Alpilles 1 : Saint R\u00e9my de Provence, Les Alpilles, Les Baux de Provence. Para descubrir y visitar Les Alpilles, le\u00a0propongo\u00a0de visitar Saint R\u00e9my de Provence. Es un pueblo de mucho car\u00e1cter, con sus calles peatonales, sus plazas y casas de \u00e9pocas distintas, del g\u00f3tico, al &#8230; <a class=\"excerpt-readmore\" href=\"https:\/\/www.tours-in-provence.com\/es\/alpilles-arles-van-gogh\">Read More<\/a><\/p>\n","protected":false},"author":1,"featured_media":0,"parent":0,"menu_order":0,"comment_status":"closed","ping_status":"closed","template":"","meta":{"footnotes":""},"class_list":["post-4862","page","type-page","status-publish","hentry"],"yoast_head":"<!-- This site is optimized with the Yoast SEO plugin v26.9 - https:\/\/yoast.com\/product\/yoast-seo-wordpress\/ -->\n<title>Circuito guidado les Alpilles, Arles, St R\u00e9my, les Baux de Provence<\/title>\n<meta name=\"description\" content=\"Circuito guidado en les Alpilles, Arles, St R\u00e9my, les Baux. Disfrutan del placer de descubrir una excursi\u00f3n principal en Provenza en un coche privado.\" \/>\n<meta name=\"robots\" content=\"index, nofollow, max-snippet:-1, max-image-preview:large, max-video-preview:-1\" \/>\n<link rel=\"canonical\" href=\"https:\/\/www.tours-in-provence.com\/es\/alpilles-arles-van-gogh\" \/>\n<meta property=\"og:locale\" content=\"fr_FR\" \/>\n<meta property=\"og:type\" content=\"article\" \/>\n<meta property=\"og:title\" content=\"Circuito guidado les Alpilles, Arles, St R\u00e9my, les Baux de Provence\" \/>\n<meta property=\"og:description\" content=\"Circuito guidado en les Alpilles, Arles, St R\u00e9my, les Baux. Disfrutan del placer de descubrir una excursi\u00f3n principal en Provenza en un coche privado.\" \/>\n<meta property=\"og:url\" content=\"https:\/\/www.tours-in-provence.com\/es\/alpilles-arles-van-gogh\" \/>\n<meta property=\"og:site_name\" content=\"Circuitos guiados\" \/>\n<meta property=\"article:modified_time\" content=\"2016-11-22T19:13:42+00:00\" \/>\n<meta property=\"og:image\" content=\"https:\/\/www.tours-in-provence.com\/es\/wp-content\/uploads\/sites\/7\/2016\/06\/vignoble.jpg\" \/>\n\t<meta property=\"og:image:width\" content=\"2000\" \/>\n\t<meta property=\"og:image:height\" content=\"1328\" \/>\n\t<meta property=\"og:image:type\" content=\"image\/jpeg\" \/>\n<meta name=\"twitter:card\" content=\"summary_large_image\" \/>\n<meta name=\"twitter:label1\" content=\"Dur\u00e9e de lecture estim\u00e9e\" \/>\n\t<meta name=\"twitter:data1\" content=\"4 minutes\" \/>\n<script type=\"application\/ld+json\" class=\"yoast-schema-graph\">{\"@context\":\"https:\/\/schema.org\",\"@graph\":[{\"@type\":\"WebPage\",\"@id\":\"https:\/\/www.tours-in-provence.com\/es\/alpilles-arles-van-gogh\",\"url\":\"https:\/\/www.tours-in-provence.com\/es\/alpilles-arles-van-gogh\",\"name\":\"Circuito guidado les Alpilles, Arles, St R\u00e9my, les Baux de Provence\",\"isPartOf\":{\"@id\":\"https:\/\/www.tours-in-provence.com\/es\/#website\"},\"primaryImageOfPage\":{\"@id\":\"https:\/\/www.tours-in-provence.com\/es\/alpilles-arles-van-gogh#primaryimage\"},\"image\":{\"@id\":\"https:\/\/www.tours-in-provence.com\/es\/alpilles-arles-van-gogh#primaryimage\"},\"thumbnailUrl\":\"http:\/\/www.tours-in-provence.com\/es\/wp-content\/uploads\/sites\/7\/2016\/06\/vignoble-150x150.jpg\",\"datePublished\":\"2016-10-10T18:30:46+00:00\",\"dateModified\":\"2016-11-22T19:13:42+00:00\",\"description\":\"Circuito guidado en les Alpilles, Arles, St R\u00e9my, les Baux. Disfrutan del placer de descubrir una excursi\u00f3n principal en Provenza en un coche privado.\",\"breadcrumb\":{\"@id\":\"https:\/\/www.tours-in-provence.com\/es\/alpilles-arles-van-gogh#breadcrumb\"},\"inLanguage\":\"fr-FR\",\"potentialAction\":[{\"@type\":\"ReadAction\",\"target\":[\"https:\/\/www.tours-in-provence.com\/es\/alpilles-arles-van-gogh\"]}]},{\"@type\":\"ImageObject\",\"inLanguage\":\"fr-FR\",\"@id\":\"https:\/\/www.tours-in-provence.com\/es\/alpilles-arles-van-gogh#primaryimage\",\"url\":\"http:\/\/www.tours-in-provence.com\/es\/wp-content\/uploads\/sites\/7\/2016\/06\/vignoble-150x150.jpg\",\"contentUrl\":\"http:\/\/www.tours-in-provence.com\/es\/wp-content\/uploads\/sites\/7\/2016\/06\/vignoble-150x150.jpg\"},{\"@type\":\"BreadcrumbList\",\"@id\":\"https:\/\/www.tours-in-provence.com\/es\/alpilles-arles-van-gogh#breadcrumb\",\"itemListElement\":[{\"@type\":\"ListItem\",\"position\":1,\"name\":\"Accueil\",\"item\":\"https:\/\/www.tours-in-provence.com\/es\/\"},{\"@type\":\"ListItem\",\"position\":2,\"name\":\"Les Alpilles\"}]},{\"@type\":\"WebSite\",\"@id\":\"https:\/\/www.tours-in-provence.com\/es\/#website\",\"url\":\"https:\/\/www.tours-in-provence.com\/es\/\",\"name\":\"Circuitos guiados\",\"description\":\"Recorridos por Provenza con total libertad\",\"potentialAction\":[{\"@type\":\"SearchAction\",\"target\":{\"@type\":\"EntryPoint\",\"urlTemplate\":\"https:\/\/www.tours-in-provence.com\/es\/?s={search_term_string}\"},\"query-input\":{\"@type\":\"PropertyValueSpecification\",\"valueRequired\":true,\"valueName\":\"search_term_string\"}}],\"inLanguage\":\"fr-FR\"}]}<\/script>\n<!-- \/ Yoast SEO plugin. -->","yoast_head_json":{"title":"Circuito guidado les Alpilles, Arles, St R\u00e9my, les Baux de Provence","description":"Circuito guidado en les Alpilles, Arles, St R\u00e9my, les Baux. Disfrutan del placer de descubrir una excursi\u00f3n principal en Provenza en un coche privado.","robots":{"index":"index","follow":"nofollow","max-snippet":"max-snippet:-1","max-image-preview":"max-image-preview:large","max-video-preview":"max-video-preview:-1"},"canonical":"https:\/\/www.tours-in-provence.com\/es\/alpilles-arles-van-gogh","og_locale":"fr_FR","og_type":"article","og_title":"Circuito guidado les Alpilles, Arles, St R\u00e9my, les Baux de Provence","og_description":"Circuito guidado en les Alpilles, Arles, St R\u00e9my, les Baux. Disfrutan del placer de descubrir una excursi\u00f3n principal en Provenza en un coche privado.","og_url":"https:\/\/www.tours-in-provence.com\/es\/alpilles-arles-van-gogh","og_site_name":"Circuitos guiados","article_modified_time":"2016-11-22T19:13:42+00:00","og_image":[{"width":2000,"height":1328,"url":"https:\/\/www.tours-in-provence.com\/es\/wp-content\/uploads\/sites\/7\/2016\/06\/vignoble.jpg","type":"image\/jpeg"}],"twitter_card":"summary_large_image","twitter_misc":{"Dur\u00e9e de lecture estim\u00e9e":"4 minutes"},"schema":{"@context":"https:\/\/schema.org","@graph":[{"@type":"WebPage","@id":"https:\/\/www.tours-in-provence.com\/es\/alpilles-arles-van-gogh","url":"https:\/\/www.tours-in-provence.com\/es\/alpilles-arles-van-gogh","name":"Circuito guidado les Alpilles, Arles, St R\u00e9my, les Baux de Provence","isPartOf":{"@id":"https:\/\/www.tours-in-provence.com\/es\/#website"},"primaryImageOfPage":{"@id":"https:\/\/www.tours-in-provence.com\/es\/alpilles-arles-van-gogh#primaryimage"},"image":{"@id":"https:\/\/www.tours-in-provence.com\/es\/alpilles-arles-van-gogh#primaryimage"},"thumbnailUrl":"http:\/\/www.tours-in-provence.com\/es\/wp-content\/uploads\/sites\/7\/2016\/06\/vignoble-150x150.jpg","datePublished":"2016-10-10T18:30:46+00:00","dateModified":"2016-11-22T19:13:42+00:00","description":"Circuito guidado en les Alpilles, Arles, St R\u00e9my, les Baux. Disfrutan del placer de descubrir una excursi\u00f3n principal en Provenza en un coche privado.","breadcrumb":{"@id":"https:\/\/www.tours-in-provence.com\/es\/alpilles-arles-van-gogh#breadcrumb"},"inLanguage":"fr-FR","potentialAction":[{"@type":"ReadAction","target":["https:\/\/www.tours-in-provence.com\/es\/alpilles-arles-van-gogh"]}]},{"@type":"ImageObject","inLanguage":"fr-FR","@id":"https:\/\/www.tours-in-provence.com\/es\/alpilles-arles-van-gogh#primaryimage","url":"http:\/\/www.tours-in-provence.com\/es\/wp-content\/uploads\/sites\/7\/2016\/06\/vignoble-150x150.jpg","contentUrl":"http:\/\/www.tours-in-provence.com\/es\/wp-content\/uploads\/sites\/7\/2016\/06\/vignoble-150x150.jpg"},{"@type":"BreadcrumbList","@id":"https:\/\/www.tours-in-provence.com\/es\/alpilles-arles-van-gogh#breadcrumb","itemListElement":[{"@type":"ListItem","position":1,"name":"Accueil","item":"https:\/\/www.tours-in-provence.com\/es\/"},{"@type":"ListItem","position":2,"name":"Les Alpilles"}]},{"@type":"WebSite","@id":"https:\/\/www.tours-in-provence.com\/es\/#website","url":"https:\/\/www.tours-in-provence.com\/es\/","name":"Circuitos guiados","description":"Recorridos por Provenza con total libertad","potentialAction":[{"@type":"SearchAction","target":{"@type":"EntryPoint","urlTemplate":"https:\/\/www.tours-in-provence.com\/es\/?s={search_term_string}"},"query-input":{"@type":"PropertyValueSpecification","valueRequired":true,"valueName":"search_term_string"}}],"inLanguage":"fr-FR"}]}},"_links":{"self":[{"href":"https:\/\/www.tours-in-provence.com\/es\/wp-json\/wp\/v2\/pages\/4862","targetHints":{"allow":["GET"]}}],"collection":[{"href":"https:\/\/www.tours-in-provence.com\/es\/wp-json\/wp\/v2\/pages"}],"about":[{"href":"https:\/\/www.tours-in-provence.com\/es\/wp-json\/wp\/v2\/types\/page"}],"author":[{"embeddable":true,"href":"https:\/\/www.tours-in-provence.com\/es\/wp-json\/wp\/v2\/users\/1"}],"replies":[{"embeddable":true,"href":"https:\/\/www.tours-in-provence.com\/es\/wp-json\/wp\/v2\/comments?post=4862"}],"version-history":[{"count":0,"href":"https:\/\/www.tours-in-provence.com\/es\/wp-json\/wp\/v2\/pages\/4862\/revisions"}],"wp:attachment":[{"href":"https:\/\/www.tours-in-provence.com\/es\/wp-json\/wp\/v2\/media?parent=4862"}],"curies":[{"name":"wp","href":"https:\/\/api.w.org\/{rel}","templated":true}]}}