{"id":4868,"date":"2016-10-10T21:51:53","date_gmt":"2016-10-10T19:51:53","guid":{"rendered":"http:\/\/www.tours-in-provence.com\/es\/van-gogh-arles-st-remy-copy"},"modified":"2016-11-22T20:17:01","modified_gmt":"2016-11-22T19:17:01","slug":"costa-mediterranea","status":"publish","type":"page","link":"https:\/\/www.tours-in-provence.com\/es\/costa-mediterranea","title":{"rendered":"Un d\u00eda por la costa mediterr\u00e1nea"},"content":{"rendered":"<p>[vc_row][vc_column width=\u00a0\u00bb1\/2&Prime;][vc_empty_space height=\u00a0\u00bb15px\u00a0\u00bb][rev_slider_vc alias=\u00a0\u00bbmediterranean\u00a0\u00bb][vc_empty_space height=\u00a0\u00bb15px\u00a0\u00bb][vc_row_inner content_placement=\u00a0\u00bbmiddle\u00a0\u00bb css=\u00a0\u00bb.vc_custom_1464118205599{padding-left: 5px !important;}\u00a0\u00bb][vc_column_inner width=\u00a0\u00bb1\/2&Prime;][vc_single_image image=\u00a0\u00bb4591&Prime; img_size=\u00a0\u00bbmedium\u00a0\u00bb alignment=\u00a0\u00bbcenter\u00a0\u00bb style=\u00a0\u00bbvc_box_shadow\u00a0\u00bb onclick=\u00a0\u00bbimg_link_large\u00a0\u00bb img_link_target=\u00a0\u00bb_blank\u00a0\u00bb][\/vc_column_inner][vc_column_inner width=\u00a0\u00bb1\/2&Prime;][vc_message message_box_style=\u00a0\u00bb3d\u00a0\u00bb message_box_color=\u00a0\u00bbblue\u00a0\u00bb icon_fontawesome=\u00a0\u00bbfa fa-camera-retro\u00a0\u00bb]<span style=\"color: #333333;\"><a style=\"color: #333333;\" href=\"http:\/\/www.tours-in-provence.com\/es\/album-photos\">Ver el \u00e1lbum con las fotos de C\u00e9cile<\/a><\/span>[\/vc_message][\/vc_column_inner][\/vc_row_inner][vc_column_text]<em>Aproveche al maximo su tiempo en Provence.<\/em><br \/>\n<em>C\u00e9cile, quien habla 3 idiomas, le mostrar\u00e1 lo que m\u00e1s quieren ver en Provenza y ayudarle a planear el resto de tu viaje! Desde ella tiene una persona negocios, cuando reserves con ella siempre ser\u00e1 su gu\u00eda! Al haber crecido en Aix-en-Provence, conoce bien la zona. nos mostr\u00f3 lo que hab\u00edamos solicitado y m\u00e1s\u2026\u201c Opinion dejado en <strong>Tripadvisor<\/strong> Nueva Jersey<\/em>[\/vc_column_text][\/vc_column][vc_column width=\u00a0\u00bb1\/2&Prime;][vc_column_text]<\/p>\n<h3><span style=\"color: #000000;\">Los pueblos de la costa mediterr\u00e1nea.<\/span><\/h3>\n<h3><span style=\"color: #000000;\">Una dia entre Aix en Provence y Cassis.<\/span><\/h3>\n<p><span style=\"color: #000000;\">Si est\u00e1n haciendo un<strong> crucero por el mar mediterr\u00e1neo <\/strong>y su puerto es <strong>Toulon le Seyne sur Mer<\/strong>, podemos planificar una visita de Aix en Provence por la ma\u00f1ana para disfrutar de su mercado y pasear por su barrios antiguos. \u00a0Es una ciudad muy agradable con inter\u00e9s historico ciertos.<strong> La Catedral Saint Sauveur<\/strong> Sus plazas y avenida <strong>Cours Mirabeau<\/strong> con las fuentes tiene mucho encanto.<\/span><\/p>\n<p><span style=\"color: #000000;\">De vuelta al puerto una parada por <strong>Cassis,<\/strong> tiempo por un helado y de un <strong>vino blanco<\/strong> especialidad local aop.<\/span><\/p>\n<p><span style=\"color: #000000;\">Los pueblos de la costa mediterr\u00e1nea. Un d\u00eda por la orilla del mar, un <strong>d\u00eda perfecto<\/strong>, si es un dia en junio u septiembre a\u00fan mejor.<\/span><br \/>\n<span style=\"color: #000000;\"> En un d\u00eda podr\u00edamos planear ir a <strong>Cassis<\/strong>, es un pueblo encantador, colorido, con un hermoso puerto y sus embarcaciones t\u00edpicas, \u00ables pointus\u00bb.<\/span><br \/>\n<span style=\"color: #000000;\"> Cassis es tambi\u00e9n conocido por sus <strong>vi\u00f1edos<\/strong>. Los vinos blancos elaborados por el mar son perfectos con un pescado al parrilla.<\/span><br \/>\n<span style=\"color: #000000;\"> Usted puede tomar la opci\u00f3n de un viaje en barco durante una hora usted descubrir\u00e1 las Calanques.<\/span><\/p>\n<p><span style=\"color: #000000;\">Otro pueblo que le gustaran ir es <strong>Sanary sur Mer<\/strong>, est\u00e1 cerca de Bandol.<\/span><br \/>\n<span style=\"color: #000000;\"> Podr\u00edamos visitar en el mismo d\u00eda en que el pueblo de <strong>Le Castellet<\/strong>.<\/span><\/p>\n<p><span style=\"color: #000000;\"><strong>Opci\u00f3n:<\/strong> Cata, vino Bandol y de Cassis.<\/span><\/p>\n<p><span style=\"color: #000000;\"><strong>Opci\u00f3n:<\/strong> Paseo en barcos a las calanques (16 \u20ac \/ per)<\/span><\/p>\n<p><span style=\"color: #000000;\"><strong>Otro circuito que puedo organizar es visitar el pueblo de Cassis y la gran ciudad de Marsella.<\/strong><\/span><\/p>\n<p><span style=\"color: #000000;\">Desde el pueblo de Cassis pasaremos por sus vi\u00f1edos hacia Marsella. Un recorrido en coche por la ciudad para conocer la ciudad por la Corniche hacia la bas\u00edlica de Notre Dame de la Garde.\u00a0 Desde la colina tiene una vista impresionante sobre el mar, la ciudad, el puerto, las islas del Friuli, y el castillo de If, prison donde estaba encarcelado el conde de Montecristo en el libro de Alexandre Dumas. Bajando la colina pasaremos por el puerto, el Musem construido en el a\u00f1o 2013.<\/span>[\/vc_column_text][vc_empty_space height=\u00a0\u00bb15px\u00a0\u00bb][vc_row_inner][vc_column_inner width=\u00a0\u00bb1\/3&Prime;][\/vc_column_inner][vc_column_inner width=\u00a0\u00bb1\/3&Prime;][vc_btn title=\u00a0\u00bbTARIFAS &amp; INFORMACIONES\u00a0\u00bb color=\u00a0\u00bbwarning\u00a0\u00bb align=\u00a0\u00bbcenter\u00a0\u00bb link=\u00a0\u00bburl:http%3A%2F%2Fwww.tours-in-provence.com%2Fes%2Freservar||\u00a0\u00bb][\/vc_column_inner][vc_column_inner width=\u00a0\u00bb1\/3&Prime;][\/vc_column_inner][\/vc_row_inner][\/vc_column][\/vc_row][vc_row css=\u00a0\u00bb.vc_custom_1463128062500{background-color: #dd9933 !important;}\u00a0\u00bb][vc_column width=\u00a0\u00bb1\/3&Prime;][vc_empty_space height=\u00a0\u00bb5px\u00a0\u00bb][vc_column_text]<\/p>\n<h3><span style=\"color: #ffffff;\">Ideas Circuitos \u00e0 la Carta<\/span><\/h3>\n<hr \/>\n<p><span style=\"color: #ffffff;\"> <a style=\"color: #ffffff;\" href=\"http:\/\/www.tours-in-provence.com\/es\/cata-de-vino\"><img loading=\"lazy\" decoding=\"async\" class=\"alignleft wp-image-4779\" src=\"http:\/\/www.tours-in-provence.com\/es\/wp-content\/uploads\/sites\/7\/2016\/06\/vignoble-150x150.jpg\" alt=\"vinos\" width=\"100\" height=\"66\" srcset=\"https:\/\/www.tours-in-provence.com\/es\/wp-content\/uploads\/sites\/7\/2016\/06\/vignoble-300x199.jpg 300w, https:\/\/www.tours-in-provence.com\/es\/wp-content\/uploads\/sites\/7\/2016\/06\/vignoble-768x510.jpg 768w, https:\/\/www.tours-in-provence.com\/es\/wp-content\/uploads\/sites\/7\/2016\/06\/vignoble-1024x680.jpg 1024w, https:\/\/www.tours-in-provence.com\/es\/wp-content\/uploads\/sites\/7\/2016\/06\/vignoble.jpg 2000w\" sizes=\"auto, (max-width: 100px) 100vw, 100px\" \/><\/a><strong>Cata de vino<br \/>\n<\/strong>Circuito por los vi\u00f1edos. Cata de vinos Ros\u00e9 &#8230; + <a style=\"color: #ffffff;\" href=\"http:\/\/www.tours-in-provence.com\/es\/cata-de-vino\">m\u00e1s<\/a><\/span><\/p>\n<hr \/>\n<p><span style=\"color: #ffffff;\"> <a style=\"color: #ffffff;\" href=\"http:\/\/www.tours-in-provence.com\/es\/van-gogh-arles-st-remy\"><img loading=\"lazy\" decoding=\"async\" class=\"alignleft wp-image-4980\" src=\"http:\/\/www.tours-in-provence.com\/es\/wp-content\/uploads\/sites\/7\/2016\/10\/van-gogh-la-moisson-gd-150x150.jpg\" alt=\"van-gogh-la-moisson\" width=\"100\" height=\"66\" srcset=\"https:\/\/www.tours-in-provence.com\/es\/wp-content\/uploads\/sites\/7\/2016\/10\/van-gogh-la-moisson-gd-300x199.jpg 300w, https:\/\/www.tours-in-provence.com\/es\/wp-content\/uploads\/sites\/7\/2016\/10\/van-gogh-la-moisson-gd-768x510.jpg 768w, https:\/\/www.tours-in-provence.com\/es\/wp-content\/uploads\/sites\/7\/2016\/10\/van-gogh-la-moisson-gd-1024x680.jpg 1024w, https:\/\/www.tours-in-provence.com\/es\/wp-content\/uploads\/sites\/7\/2016\/10\/van-gogh-la-moisson-gd.jpg 2000w\" sizes=\"auto, (max-width: 100px) 100vw, 100px\" \/><\/a><strong> Van Gogh Arles St R\u00e9my<br \/>\n<\/strong>En Arles y St R\u00e9my, Van Gogh pint\u00f3 obras maestras &#8230; + <a style=\"color: #ffffff;\" href=\"http:\/\/www.tours-in-provence.com\/es\/van-gogh-arles-st-remy\">m\u00e1s<\/a><\/span><\/p>\n<hr \/>\n<p><span style=\"color: #ffffff;\"> <a style=\"color: #ffffff;\" href=\"http:\/\/www.tours-in-provence.com\/es\/cezanne-paisajes\"><img loading=\"lazy\" decoding=\"async\" class=\"alignleft wp-image-4910\" src=\"http:\/\/www.tours-in-provence.com\/es\/wp-content\/uploads\/sites\/7\/2015\/07\/La-montagne-Sainte-Victoire-au-grand-pin-Vers-1887-huile-sur-toile-66-x-90-cm-Londres-Courtauld-Institute-Galleries-150x150.jpg\" alt=\"la-montagne-sainte-victoire\" width=\"100\" height=\"73\" srcset=\"https:\/\/www.tours-in-provence.com\/es\/wp-content\/uploads\/sites\/7\/2015\/07\/La-montagne-Sainte-Victoire-au-grand-pin-Vers-1887-huile-sur-toile-66-x-90-cm-Londres-Courtauld-Institute-Galleries-300x220.jpg 300w, https:\/\/www.tours-in-provence.com\/es\/wp-content\/uploads\/sites\/7\/2015\/07\/La-montagne-Sainte-Victoire-au-grand-pin-Vers-1887-huile-sur-toile-66-x-90-cm-Londres-Courtauld-Institute-Galleries-768x562.jpg 768w, https:\/\/www.tours-in-provence.com\/es\/wp-content\/uploads\/sites\/7\/2015\/07\/La-montagne-Sainte-Victoire-au-grand-pin-Vers-1887-huile-sur-toile-66-x-90-cm-Londres-Courtauld-Institute-Galleries.jpg 960w\" sizes=\"auto, (max-width: 100px) 100vw, 100px\" \/><\/a><strong>Los paisajes de Paul Cezanne<br \/>\n<\/strong>Los paisajes que inspiraron al pintor conocido en todo el mundo&#8230; + <a style=\"color: #ffffff;\" href=\"http:\/\/www.tours-in-provence.com\/es\/cezanne-paisajes\">m\u00e1s<\/a><\/span><\/p>\n<hr \/>\n<p style=\"text-align: center;\"><span style=\"color: #ffffff;\">&#8230; <strong><a style=\"color: #ffffff;\" href=\"http:\/\/www.tours-in-provence.com\/es\/circuito-individual\">y mucho m\u00e1s<\/a><\/strong><\/span><\/p>\n<p><span style=\"color: #dd9933;\">.<\/span>[\/vc_column_text][\/vc_column][vc_column width=\u00a0\u00bb1\/3&Prime;][vc_row_inner][vc_column_inner][vc_cta h2=\u00a0\u00bbPor la costa mediterr\u00e1nea\u00a0\u00bb style=\u00a0\u00bb3d\u00a0\u00bb add_button=\u00a0\u00bbbottom\u00a0\u00bb btn_title=\u00a0\u00bbTARIFAS &#8211; RESERVAS\u00a0\u00bb btn_color=\u00a0\u00bbwarning\u00a0\u00bb btn_align=\u00a0\u00bbcenter\u00a0\u00bb add_icon=\u00a0\u00bbtop\u00a0\u00bb i_icon_fontawesome=\u00a0\u00bbfa fa-info\u00a0\u00bb i_color=\u00a0\u00bborange\u00a0\u00bb i_background_style=\u00a0\u00bbboxed\u00a0\u00bb i_background_color=\u00a0\u00bbwhite\u00a0\u00bb i_on_border=\u00a0\u00bbtrue\u00a0\u00bb btn_link=\u00a0\u00bburl:http%3A%2F%2Fwww.tours-in-provence.com%2Fes%2Freservar||\u00a0\u00bb btn_button_block=\u00a0\u00bbtrue\u00a0\u00bb btn_add_icon=\u00a0\u00bbtrue\u00a0\u00bb]<\/p>\n<h3>Tour de un d\u00eda<\/h3>\n<p>Para volver a su Crucero u su hotel.<\/p>\n<p>Por esa excursi\u00f3n vendr\u00e9 a recogerle en el lugar de residencia<\/p>\n<p>9.15 horas regresando a las 4h de la tarde.<\/p>\n<p>Salida de Aix en Provence,<\/p>\n<p><a href=\"http:\/\/www.tours-in-provence.com\/es\/contacto\">P\u00f3ngase en contacto con nosotros si tiene alguna pregunta y para comprobar la disponibilidad. <\/a>[\/vc_cta][\/vc_column_inner][\/vc_row_inner][\/vc_column][vc_column width=\u00a0\u00bb1\/3&Prime;][vc_single_image image=\u00a0\u00bb4344&Prime; img_size=\u00a0\u00bbmedium\u00a0\u00bb alignment=\u00a0\u00bbcenter\u00a0\u00bb onclick=\u00a0\u00bbcustom_link\u00a0\u00bb link=\u00a0\u00bbhttp:\/\/www.tours-in-provence.com\/es\/guia-individual\u00a0\u00bb][vc_empty_space][vc_column_text]<\/p>\n<h3>\u00bfAlguna otra Pregunta?<\/h3>\n<p>[\/vc_column_text][vc_tta_accordion color=\u00a0\u00bbgreen\u00a0\u00bb active_section=\u00a0\u00bb\u00a0\u00bb collapsible_all=\u00a0\u00bbtrue\u00a0\u00bb][vc_tta_section title=\u00a0\u00bb\u00a1Deja un mensaje!\u00a0\u00bb tab_id=\u00a0\u00bb1463497319728-7ab31417-69ae\u00a0\u00bb][vc_column_text]\n<div class=\"wpcf7 no-js\" id=\"wpcf7-f4377-o1\" lang=\"fr-FR\" dir=\"ltr\" data-wpcf7-id=\"4377\">\n<div class=\"screen-reader-response\"><p role=\"status\" aria-live=\"polite\" aria-atomic=\"true\"><\/p> <ul><\/ul><\/div>\n<form action=\"\/es\/wp-json\/wp\/v2\/pages\/4868#wpcf7-f4377-o1\" method=\"post\" class=\"wpcf7-form init\" aria-label=\"Formulaire de contact\" novalidate=\"novalidate\" data-status=\"init\">\n<fieldset class=\"hidden-fields-container\"><input type=\"hidden\" name=\"_wpcf7\" value=\"4377\" \/><input type=\"hidden\" name=\"_wpcf7_version\" value=\"6.1.5\" \/><input type=\"hidden\" name=\"_wpcf7_locale\" value=\"fr_FR\" \/><input type=\"hidden\" name=\"_wpcf7_unit_tag\" value=\"wpcf7-f4377-o1\" \/><input type=\"hidden\" name=\"_wpcf7_container_post\" value=\"0\" \/><input type=\"hidden\" name=\"_wpcf7_posted_data_hash\" value=\"\" \/><input type=\"hidden\" name=\"_wpcf7_recaptcha_response\" value=\"\" \/>\n<\/fieldset>\n<p>Apellido*\n<\/p>\n<p><span class=\"wpcf7-form-control-wrap\" data-name=\"your-name\"><input size=\"40\" maxlength=\"400\" class=\"wpcf7-form-control wpcf7-text wpcf7-validates-as-required\" aria-required=\"true\" aria-invalid=\"false\" value=\"\" type=\"text\" name=\"your-name\" \/><\/span>\n<\/p>\n<p>E-mail*\n<\/p>\n<p><span class=\"wpcf7-form-control-wrap\" data-name=\"your-email\"><input size=\"40\" maxlength=\"400\" class=\"wpcf7-form-control wpcf7-email wpcf7-validates-as-required wpcf7-text wpcf7-validates-as-email\" aria-required=\"true\" aria-invalid=\"false\" value=\"\" type=\"email\" name=\"your-email\" \/><\/span>\n<\/p>\n<p>Objeto*\n<\/p>\n<p><span class=\"wpcf7-form-control-wrap\" data-name=\"your-subject\"><input size=\"40\" maxlength=\"400\" class=\"wpcf7-form-control wpcf7-text wpcf7-validates-as-required\" aria-required=\"true\" aria-invalid=\"false\" value=\"\" type=\"text\" name=\"your-subject\" \/><\/span>\n<\/p>\n<p>Mensage\n<\/p>\n<p><span class=\"wpcf7-form-control-wrap\" data-name=\"your-message\"><textarea cols=\"40\" rows=\"10\" maxlength=\"2000\" class=\"wpcf7-form-control wpcf7-textarea\" aria-invalid=\"false\" name=\"your-message\"><\/textarea><\/span>\n<\/p>\n<p> Copie los caracteres verdes abajo\n<\/p>\n<p><input type=\"hidden\" name=\"_wpcf7_captcha_challenge_captcha-118\" value=\"2415459505\" \/><img loading=\"lazy\" decoding=\"async\" class=\"wpcf7-form-control wpcf7-captchac wpcf7-captcha-captcha-118\" width=\"84\" height=\"28\" alt=\"captcha\" src=\"https:\/\/www.tours-in-provence.com\/es\/wp-content\/uploads\/sites\/7\/wpcf7_captcha\/2415459505.png\" \/><br \/>\n<span class=\"wpcf7-form-control-wrap\" data-name=\"captcha-118\"><input size=\"4\" maxlength=\"4\" class=\"wpcf7-form-control wpcf7-captchar\" autocomplete=\"off\" aria-invalid=\"false\" value=\"\" type=\"text\" name=\"captcha-118\" \/><\/span>\n<\/p>\n<p><input class=\"wpcf7-form-control wpcf7-submit has-spinner\" type=\"submit\" value=\"Enviar\" \/>\n<\/p><div class=\"wpcf7-response-output\" aria-hidden=\"true\"><\/div>\n<\/form>\n<\/div>\n[\/vc_column_text][\/vc_tta_section][\/vc_tta_accordion][\/vc_column][\/vc_row]<\/p>\n","protected":false},"excerpt":{"rendered":"<p>[vc_row][vc_column width=\u00a0\u00bb1\/2&Prime;][vc_empty_space height=\u00a0\u00bb15px\u00a0\u00bb][rev_slider_vc alias=\u00a0\u00bbmediterranean\u00a0\u00bb][vc_empty_space height=\u00a0\u00bb15px\u00a0\u00bb][vc_row_inner content_placement=\u00a0\u00bbmiddle\u00a0\u00bb css=\u00a0\u00bb.vc_custom_1464118205599{padding-left: 5px !important;}\u00a0\u00bb][vc_column_inner width=\u00a0\u00bb1\/2&Prime;][vc_single_image image=\u00a0\u00bb4591&Prime; img_size=\u00a0\u00bbmedium\u00a0\u00bb alignment=\u00a0\u00bbcenter\u00a0\u00bb style=\u00a0\u00bbvc_box_shadow\u00a0\u00bb onclick=\u00a0\u00bbimg_link_large\u00a0\u00bb img_link_target=\u00a0\u00bb_blank\u00a0\u00bb][\/vc_column_inner][vc_column_inner width=\u00a0\u00bb1\/2&Prime;][vc_message message_box_style=\u00a0\u00bb3d\u00a0\u00bb message_box_color=\u00a0\u00bbblue\u00a0\u00bb icon_fontawesome=\u00a0\u00bbfa fa-camera-retro\u00a0\u00bb]Ver el \u00e1lbum con las fotos de C\u00e9cile[\/vc_message][\/vc_column_inner][\/vc_row_inner][vc_column_text]Aproveche al maximo su tiempo en Provence. C\u00e9cile, quien habla 3 idiomas, le mostrar\u00e1 lo que m\u00e1s quieren ver en Provenza y ayudarle a planear el resto de &#8230; <a class=\"excerpt-readmore\" href=\"https:\/\/www.tours-in-provence.com\/es\/costa-mediterranea\">Read More<\/a><\/p>\n","protected":false},"author":1,"featured_media":0,"parent":0,"menu_order":0,"comment_status":"closed","ping_status":"closed","template":"","meta":{"footnotes":""},"class_list":["post-4868","page","type-page","status-publish","hentry"],"yoast_head":"<!-- This site is optimized with the Yoast SEO plugin v26.9 - https:\/\/yoast.com\/product\/yoast-seo-wordpress\/ -->\n<title>Tour individual de un d\u00eda por la Costa Mediterr\u00e1nea y Marseille<\/title>\n<meta name=\"description\" content=\"En la costa mediterr\u00e1nea circuito individual de un d\u00eda por los pueblos y Marseille con coche particular dotado de aire acondicionado\" \/>\n<meta name=\"robots\" content=\"index, nofollow, max-snippet:-1, max-image-preview:large, max-video-preview:-1\" \/>\n<link rel=\"canonical\" href=\"https:\/\/www.tours-in-provence.com\/es\/costa-mediterranea\" \/>\n<meta property=\"og:locale\" content=\"fr_FR\" \/>\n<meta property=\"og:type\" content=\"article\" \/>\n<meta property=\"og:title\" content=\"Tour individual de un d\u00eda por la Costa Mediterr\u00e1nea y Marseille\" \/>\n<meta property=\"og:description\" content=\"En la costa mediterr\u00e1nea circuito individual de un d\u00eda por los pueblos y Marseille con coche particular dotado de aire acondicionado\" \/>\n<meta property=\"og:url\" content=\"https:\/\/www.tours-in-provence.com\/es\/costa-mediterranea\" \/>\n<meta property=\"og:site_name\" content=\"Circuitos guiados\" \/>\n<meta property=\"article:modified_time\" content=\"2016-11-22T19:17:01+00:00\" \/>\n<meta property=\"og:image\" content=\"https:\/\/www.tours-in-provence.com\/es\/wp-content\/uploads\/sites\/7\/2016\/06\/vignoble.jpg\" \/>\n\t<meta property=\"og:image:width\" content=\"2000\" \/>\n\t<meta property=\"og:image:height\" content=\"1328\" \/>\n\t<meta property=\"og:image:type\" content=\"image\/jpeg\" \/>\n<meta name=\"twitter:card\" content=\"summary_large_image\" \/>\n<meta name=\"twitter:label1\" content=\"Dur\u00e9e de lecture estim\u00e9e\" \/>\n\t<meta name=\"twitter:data1\" content=\"4 minutes\" \/>\n<script type=\"application\/ld+json\" class=\"yoast-schema-graph\">{\"@context\":\"https:\/\/schema.org\",\"@graph\":[{\"@type\":\"WebPage\",\"@id\":\"https:\/\/www.tours-in-provence.com\/es\/costa-mediterranea\",\"url\":\"https:\/\/www.tours-in-provence.com\/es\/costa-mediterranea\",\"name\":\"Tour individual de un d\u00eda por la Costa Mediterr\u00e1nea y Marseille\",\"isPartOf\":{\"@id\":\"https:\/\/www.tours-in-provence.com\/es\/#website\"},\"primaryImageOfPage\":{\"@id\":\"https:\/\/www.tours-in-provence.com\/es\/costa-mediterranea#primaryimage\"},\"image\":{\"@id\":\"https:\/\/www.tours-in-provence.com\/es\/costa-mediterranea#primaryimage\"},\"thumbnailUrl\":\"http:\/\/www.tours-in-provence.com\/es\/wp-content\/uploads\/sites\/7\/2016\/06\/vignoble-150x150.jpg\",\"datePublished\":\"2016-10-10T19:51:53+00:00\",\"dateModified\":\"2016-11-22T19:17:01+00:00\",\"description\":\"En la costa mediterr\u00e1nea circuito individual de un d\u00eda por los pueblos y Marseille con coche particular dotado de aire acondicionado\",\"breadcrumb\":{\"@id\":\"https:\/\/www.tours-in-provence.com\/es\/costa-mediterranea#breadcrumb\"},\"inLanguage\":\"fr-FR\",\"potentialAction\":[{\"@type\":\"ReadAction\",\"target\":[\"https:\/\/www.tours-in-provence.com\/es\/costa-mediterranea\"]}]},{\"@type\":\"ImageObject\",\"inLanguage\":\"fr-FR\",\"@id\":\"https:\/\/www.tours-in-provence.com\/es\/costa-mediterranea#primaryimage\",\"url\":\"http:\/\/www.tours-in-provence.com\/es\/wp-content\/uploads\/sites\/7\/2016\/06\/vignoble-150x150.jpg\",\"contentUrl\":\"http:\/\/www.tours-in-provence.com\/es\/wp-content\/uploads\/sites\/7\/2016\/06\/vignoble-150x150.jpg\"},{\"@type\":\"BreadcrumbList\",\"@id\":\"https:\/\/www.tours-in-provence.com\/es\/costa-mediterranea#breadcrumb\",\"itemListElement\":[{\"@type\":\"ListItem\",\"position\":1,\"name\":\"Accueil\",\"item\":\"https:\/\/www.tours-in-provence.com\/es\/\"},{\"@type\":\"ListItem\",\"position\":2,\"name\":\"Un d\u00eda por la costa mediterr\u00e1nea\"}]},{\"@type\":\"WebSite\",\"@id\":\"https:\/\/www.tours-in-provence.com\/es\/#website\",\"url\":\"https:\/\/www.tours-in-provence.com\/es\/\",\"name\":\"Circuitos guiados\",\"description\":\"Recorridos por Provenza con total libertad\",\"potentialAction\":[{\"@type\":\"SearchAction\",\"target\":{\"@type\":\"EntryPoint\",\"urlTemplate\":\"https:\/\/www.tours-in-provence.com\/es\/?s={search_term_string}\"},\"query-input\":{\"@type\":\"PropertyValueSpecification\",\"valueRequired\":true,\"valueName\":\"search_term_string\"}}],\"inLanguage\":\"fr-FR\"}]}<\/script>\n<!-- \/ Yoast SEO plugin. -->","yoast_head_json":{"title":"Tour individual de un d\u00eda por la Costa Mediterr\u00e1nea y Marseille","description":"En la costa mediterr\u00e1nea circuito individual de un d\u00eda por los pueblos y Marseille con coche particular dotado de aire acondicionado","robots":{"index":"index","follow":"nofollow","max-snippet":"max-snippet:-1","max-image-preview":"max-image-preview:large","max-video-preview":"max-video-preview:-1"},"canonical":"https:\/\/www.tours-in-provence.com\/es\/costa-mediterranea","og_locale":"fr_FR","og_type":"article","og_title":"Tour individual de un d\u00eda por la Costa Mediterr\u00e1nea y Marseille","og_description":"En la costa mediterr\u00e1nea circuito individual de un d\u00eda por los pueblos y Marseille con coche particular dotado de aire acondicionado","og_url":"https:\/\/www.tours-in-provence.com\/es\/costa-mediterranea","og_site_name":"Circuitos guiados","article_modified_time":"2016-11-22T19:17:01+00:00","og_image":[{"width":2000,"height":1328,"url":"https:\/\/www.tours-in-provence.com\/es\/wp-content\/uploads\/sites\/7\/2016\/06\/vignoble.jpg","type":"image\/jpeg"}],"twitter_card":"summary_large_image","twitter_misc":{"Dur\u00e9e de lecture estim\u00e9e":"4 minutes"},"schema":{"@context":"https:\/\/schema.org","@graph":[{"@type":"WebPage","@id":"https:\/\/www.tours-in-provence.com\/es\/costa-mediterranea","url":"https:\/\/www.tours-in-provence.com\/es\/costa-mediterranea","name":"Tour individual de un d\u00eda por la Costa Mediterr\u00e1nea y Marseille","isPartOf":{"@id":"https:\/\/www.tours-in-provence.com\/es\/#website"},"primaryImageOfPage":{"@id":"https:\/\/www.tours-in-provence.com\/es\/costa-mediterranea#primaryimage"},"image":{"@id":"https:\/\/www.tours-in-provence.com\/es\/costa-mediterranea#primaryimage"},"thumbnailUrl":"http:\/\/www.tours-in-provence.com\/es\/wp-content\/uploads\/sites\/7\/2016\/06\/vignoble-150x150.jpg","datePublished":"2016-10-10T19:51:53+00:00","dateModified":"2016-11-22T19:17:01+00:00","description":"En la costa mediterr\u00e1nea circuito individual de un d\u00eda por los pueblos y Marseille con coche particular dotado de aire acondicionado","breadcrumb":{"@id":"https:\/\/www.tours-in-provence.com\/es\/costa-mediterranea#breadcrumb"},"inLanguage":"fr-FR","potentialAction":[{"@type":"ReadAction","target":["https:\/\/www.tours-in-provence.com\/es\/costa-mediterranea"]}]},{"@type":"ImageObject","inLanguage":"fr-FR","@id":"https:\/\/www.tours-in-provence.com\/es\/costa-mediterranea#primaryimage","url":"http:\/\/www.tours-in-provence.com\/es\/wp-content\/uploads\/sites\/7\/2016\/06\/vignoble-150x150.jpg","contentUrl":"http:\/\/www.tours-in-provence.com\/es\/wp-content\/uploads\/sites\/7\/2016\/06\/vignoble-150x150.jpg"},{"@type":"BreadcrumbList","@id":"https:\/\/www.tours-in-provence.com\/es\/costa-mediterranea#breadcrumb","itemListElement":[{"@type":"ListItem","position":1,"name":"Accueil","item":"https:\/\/www.tours-in-provence.com\/es\/"},{"@type":"ListItem","position":2,"name":"Un d\u00eda por la costa mediterr\u00e1nea"}]},{"@type":"WebSite","@id":"https:\/\/www.tours-in-provence.com\/es\/#website","url":"https:\/\/www.tours-in-provence.com\/es\/","name":"Circuitos guiados","description":"Recorridos por Provenza con total libertad","potentialAction":[{"@type":"SearchAction","target":{"@type":"EntryPoint","urlTemplate":"https:\/\/www.tours-in-provence.com\/es\/?s={search_term_string}"},"query-input":{"@type":"PropertyValueSpecification","valueRequired":true,"valueName":"search_term_string"}}],"inLanguage":"fr-FR"}]}},"_links":{"self":[{"href":"https:\/\/www.tours-in-provence.com\/es\/wp-json\/wp\/v2\/pages\/4868","targetHints":{"allow":["GET"]}}],"collection":[{"href":"https:\/\/www.tours-in-provence.com\/es\/wp-json\/wp\/v2\/pages"}],"about":[{"href":"https:\/\/www.tours-in-provence.com\/es\/wp-json\/wp\/v2\/types\/page"}],"author":[{"embeddable":true,"href":"https:\/\/www.tours-in-provence.com\/es\/wp-json\/wp\/v2\/users\/1"}],"replies":[{"embeddable":true,"href":"https:\/\/www.tours-in-provence.com\/es\/wp-json\/wp\/v2\/comments?post=4868"}],"version-history":[{"count":0,"href":"https:\/\/www.tours-in-provence.com\/es\/wp-json\/wp\/v2\/pages\/4868\/revisions"}],"wp:attachment":[{"href":"https:\/\/www.tours-in-provence.com\/es\/wp-json\/wp\/v2\/media?parent=4868"}],"curies":[{"name":"wp","href":"https:\/\/api.w.org\/{rel}","templated":true}]}}