{"id":4901,"date":"2016-10-12T10:41:19","date_gmt":"2016-10-12T08:41:19","guid":{"rendered":"http:\/\/www.tours-in-provence.com\/es\/circuits-luberon-copy"},"modified":"2016-11-22T20:15:22","modified_gmt":"2016-11-22T19:15:22","slug":"circuito-luberon","status":"publish","type":"page","link":"https:\/\/www.tours-in-provence.com\/es\/circuito-luberon","title":{"rendered":"Luberon"},"content":{"rendered":"<p>[vc_row][vc_column width=\u00a0\u00bb1\/2&Prime;][vc_empty_space height=\u00a0\u00bb15px\u00a0\u00bb][rev_slider_vc alias=\u00a0\u00bbluberon-ptt\u00a0\u00bb][vc_empty_space height=\u00a0\u00bb15px\u00a0\u00bb][vc_row_inner content_placement=\u00a0\u00bbmiddle\u00a0\u00bb css=\u00a0\u00bb.vc_custom_1464118205599{padding-left: 5px !important;}\u00a0\u00bb][vc_column_inner width=\u00a0\u00bb1\/2&Prime;][vc_single_image image=\u00a0\u00bb4591&Prime; img_size=\u00a0\u00bbmedium\u00a0\u00bb alignment=\u00a0\u00bbcenter\u00a0\u00bb style=\u00a0\u00bbvc_box_shadow\u00a0\u00bb onclick=\u00a0\u00bbimg_link_large\u00a0\u00bb img_link_target=\u00a0\u00bb_blank\u00a0\u00bb][\/vc_column_inner][vc_column_inner width=\u00a0\u00bb1\/2&Prime;][vc_message message_box_style=\u00a0\u00bb3d\u00a0\u00bb message_box_color=\u00a0\u00bbblue\u00a0\u00bb icon_fontawesome=\u00a0\u00bbfa fa-camera-retro\u00a0\u00bb]<span style=\"color: #333333;\"><a style=\"color: #333333;\" href=\"http:\/\/www.tours-in-provence.com\/es\/album-photos\">Ver el \u00e1lbum con las fotos de C\u00e9cile<\/a><\/span>[\/vc_message][\/vc_column_inner][\/vc_row_inner][\/vc_column][vc_column width=\u00a0\u00bb1\/2&Prime;][vc_column_text]<\/p>\n<h3>El Luberon y sus pueblos mas bellos<\/h3>\n<p><span style=\"color: #000000;\">El Luberon se sit\u00faa entre los Alpes y el Mediterr\u00e1neo, ofrece una gran <strong>diversidad de paisajes<\/strong>, por su distintos cultivos y su pueblos.<\/span><\/p>\n<p><span style=\"color: #000000;\">El pueblo de <strong>Lourmarin<\/strong> y su castillo, construido en el siglo XV y ampliado durante el Renacimiento ser\u00e1n nuestra primera etapa.<\/span><\/p>\n<p><span style=\"color: #000000;\">A continuaci\u00f3n, por el camino de las gargantas de Aigue Brun, cruzaremos la monta\u00f1a del Luberon, para llegar al pueblo de <strong>Bonnieux <\/strong>y observar desde sus murallas un panorama excepcional del valle del Calavon.<\/span><\/p>\n<p><span style=\"color: #000000;\">A lo lejos, los pueblos de <strong>Gordes <\/strong>y de <strong>Roussillon<\/strong>, colgados de los Montes del Vaucluse, son las etapas siguientes.<\/span><\/p>\n<p><span style=\"color: #000000;\"><strong>Mejores semanas <\/strong>para ver<strong> los campos de lavanda la primera semana de junio y dos primeras de julio<\/strong>.<\/span><\/p>\n<p><span style=\"color: #000000;\">Despu\u00e9s de almorzar, podr\u00e1 conocer el magn\u00edfico pueblo de Gordes, que ha acogido a numerosos artistas, como el pintor Vasarely y el fot\u00f3grafo Willy Ronis<\/span><\/p>\n<p><span style=\"color: #000000;\"><strong>La Abad\u00eda de S\u00e9nanque <\/strong>: l<strong>os campos de lavanda<\/strong> cultivados a su alrededor ofrecen un contraste admirable con el estilo cisterciense. La abad\u00eda fue construida en el siglo XII. Se caracteriza por su gran sobriedad, est\u00e1 declarado hoy Monumento Hist\u00f3rico.<\/span><br \/>\n<span style=\"color: #000000;\">Una visita guiada le permitir\u00e1 descubrir el claustro y la iglesia abacial.<\/span><\/p>\n<p><span style=\"color: #000000;\"><strong>Las Boris<\/strong> una construcci\u00f3n de piedras secas, son refugios de pastores que pertenecen a los paisajes del Luberon.<\/span><\/p>\n<p><span style=\"color: #000000;\">Visitar el sorprendente pueblo de <strong>Roussillon<\/strong>. Esta construido en la cima de una colina cuyas tierras han sido explotadas por sus <strong>ocres<\/strong>. Estas antiguas canteras han elaborado un paisaje fant\u00e1stico de colores impresionantes, en el que se han organizado recorridos.<\/span><\/p>\n<p><span style=\"color: #000000;\">Nuestra jornada en el Luberon concluir\u00e1 con estos bellos colores.<\/span>[\/vc_column_text][vc_empty_space height=\u00a0\u00bb15px\u00a0\u00bb][vc_row_inner][vc_column_inner width=\u00a0\u00bb1\/3&Prime;][\/vc_column_inner][vc_column_inner width=\u00a0\u00bb1\/3&Prime;][vc_btn title=\u00a0\u00bbTARIFAS &amp; INFORMACIONES\u00a0\u00bb color=\u00a0\u00bbwarning\u00a0\u00bb align=\u00a0\u00bbcenter\u00a0\u00bb link=\u00a0\u00bburl:http%3A%2F%2Fwww.tours-in-provence.com%2Fes%2Freservar||\u00a0\u00bb][\/vc_column_inner][vc_column_inner width=\u00a0\u00bb1\/3&Prime;][\/vc_column_inner][\/vc_row_inner][\/vc_column][\/vc_row][vc_row css=\u00a0\u00bb.vc_custom_1463128062500{background-color: #dd9933 !important;}\u00a0\u00bb][vc_column width=\u00a0\u00bb1\/3&Prime;][vc_empty_space height=\u00a0\u00bb5px\u00a0\u00bb][vc_column_text]<\/p>\n<h3><span style=\"color: #ffffff;\">Ideas Circuitos \u00e0 la Carta<\/span><\/h3>\n<hr \/>\n<p><span style=\"color: #ffffff;\"> <a style=\"color: #ffffff;\" href=\"http:\/\/www.tours-in-provence.com\/es\/cata-de-vino\"><img loading=\"lazy\" decoding=\"async\" class=\"alignleft wp-image-4779\" src=\"http:\/\/www.tours-in-provence.com\/es\/wp-content\/uploads\/sites\/7\/2016\/06\/vignoble-150x150.jpg\" alt=\"vinos\" width=\"100\" height=\"66\" srcset=\"https:\/\/www.tours-in-provence.com\/es\/wp-content\/uploads\/sites\/7\/2016\/06\/vignoble-300x199.jpg 300w, https:\/\/www.tours-in-provence.com\/es\/wp-content\/uploads\/sites\/7\/2016\/06\/vignoble-768x510.jpg 768w, https:\/\/www.tours-in-provence.com\/es\/wp-content\/uploads\/sites\/7\/2016\/06\/vignoble-1024x680.jpg 1024w, https:\/\/www.tours-in-provence.com\/es\/wp-content\/uploads\/sites\/7\/2016\/06\/vignoble.jpg 2000w\" sizes=\"auto, (max-width: 100px) 100vw, 100px\" \/><\/a><strong>Cata de vino<br \/>\n<\/strong>Circuito por los vi\u00f1edos. Cata de vinos Ros\u00e9 &#8230; + <a style=\"color: #ffffff;\" href=\"http:\/\/www.tours-in-provence.com\/es\/cata-de-vino\">m\u00e1s<\/a><\/span><\/p>\n<hr \/>\n<p><span style=\"color: #ffffff;\"> <a style=\"color: #ffffff;\" href=\"http:\/\/www.tours-in-provence.com\/es\/costa-mediterranea\"><img loading=\"lazy\" decoding=\"async\" class=\"alignleft wp-image-4872\" src=\"http:\/\/www.tours-in-provence.com\/es\/wp-content\/uploads\/sites\/7\/2016\/10\/cassis-sea-side-150x150.jpg\" alt=\"cassis-mar\" width=\"100\" height=\"75\" srcset=\"https:\/\/www.tours-in-provence.com\/es\/wp-content\/uploads\/sites\/7\/2016\/10\/cassis-sea-side-300x225.jpg 300w, https:\/\/www.tours-in-provence.com\/es\/wp-content\/uploads\/sites\/7\/2016\/10\/cassis-sea-side-768x576.jpg 768w, https:\/\/www.tours-in-provence.com\/es\/wp-content\/uploads\/sites\/7\/2016\/10\/cassis-sea-side-1024x768.jpg 1024w, https:\/\/www.tours-in-provence.com\/es\/wp-content\/uploads\/sites\/7\/2016\/10\/cassis-sea-side.jpg 1038w\" sizes=\"auto, (max-width: 100px) 100vw, 100px\" \/><\/a><strong>Un d\u00eda por la costa mediterr\u00e1nea<br \/>\n<\/strong>Visita al pueblo de Cassis y la gran ciudad de Marsella. &#8230; + <a style=\"color: #ffffff;\" href=\"http:\/\/www.tours-in-provence.com\/es\/costa-mediterranea\">m\u00e1s<\/a><\/span><\/p>\n<hr \/>\n<p><span style=\"color: #ffffff;\"> <a style=\"color: #ffffff;\" href=\"http:\/\/www.tours-in-provence.com\/es\/van-gogh-arles-st-remy\"><img loading=\"lazy\" decoding=\"async\" class=\"alignleft wp-image-4980\" src=\"http:\/\/www.tours-in-provence.com\/es\/wp-content\/uploads\/sites\/7\/2016\/10\/van-gogh-la-moisson-gd-150x150.jpg\" alt=\"van-gogh-la-moisson\" width=\"100\" height=\"66\" srcset=\"https:\/\/www.tours-in-provence.com\/es\/wp-content\/uploads\/sites\/7\/2016\/10\/van-gogh-la-moisson-gd-300x199.jpg 300w, https:\/\/www.tours-in-provence.com\/es\/wp-content\/uploads\/sites\/7\/2016\/10\/van-gogh-la-moisson-gd-768x510.jpg 768w, https:\/\/www.tours-in-provence.com\/es\/wp-content\/uploads\/sites\/7\/2016\/10\/van-gogh-la-moisson-gd-1024x680.jpg 1024w, https:\/\/www.tours-in-provence.com\/es\/wp-content\/uploads\/sites\/7\/2016\/10\/van-gogh-la-moisson-gd.jpg 2000w\" sizes=\"auto, (max-width: 100px) 100vw, 100px\" \/><\/a><strong> Van Gogh Arles St R\u00e9my<br \/>\n<\/strong>En Arles y St R\u00e9my, Van Gogh pint\u00f3 obras maestras &#8230; + <a style=\"color: #ffffff;\" href=\"http:\/\/www.tours-in-provence.com\/es\/van-gogh-arles-st-remy\">m\u00e1s<\/a><\/span><\/p>\n<hr \/>\n<p><span style=\"color: #ffffff;\"> <a style=\"color: #ffffff;\" href=\"http:\/\/www.tours-in-provence.com\/es\/cezanne-paisajes\"><img loading=\"lazy\" decoding=\"async\" class=\"alignleft wp-image-4910\" src=\"http:\/\/www.tours-in-provence.com\/es\/wp-content\/uploads\/sites\/7\/2015\/07\/La-montagne-Sainte-Victoire-au-grand-pin-Vers-1887-huile-sur-toile-66-x-90-cm-Londres-Courtauld-Institute-Galleries-150x150.jpg\" alt=\"la-montagne-sainte-victoire\" width=\"100\" height=\"73\" srcset=\"https:\/\/www.tours-in-provence.com\/es\/wp-content\/uploads\/sites\/7\/2015\/07\/La-montagne-Sainte-Victoire-au-grand-pin-Vers-1887-huile-sur-toile-66-x-90-cm-Londres-Courtauld-Institute-Galleries-300x220.jpg 300w, https:\/\/www.tours-in-provence.com\/es\/wp-content\/uploads\/sites\/7\/2015\/07\/La-montagne-Sainte-Victoire-au-grand-pin-Vers-1887-huile-sur-toile-66-x-90-cm-Londres-Courtauld-Institute-Galleries-768x562.jpg 768w, https:\/\/www.tours-in-provence.com\/es\/wp-content\/uploads\/sites\/7\/2015\/07\/La-montagne-Sainte-Victoire-au-grand-pin-Vers-1887-huile-sur-toile-66-x-90-cm-Londres-Courtauld-Institute-Galleries.jpg 960w\" sizes=\"auto, (max-width: 100px) 100vw, 100px\" \/><\/a><strong>Los paisajes de Paul Cezanne<br \/>\n<\/strong>Los paisajes que inspiraron al pintor conocido en todo el mundo&#8230; + <a style=\"color: #ffffff;\" href=\"http:\/\/www.tours-in-provence.com\/es\/cezanne-paisajes\">m\u00e1s<\/a><\/span><\/p>\n<hr \/>\n<p style=\"text-align: center;\"><span style=\"color: #ffffff;\">&#8230; <strong><a style=\"color: #ffffff;\" href=\"http:\/\/www.tours-in-provence.com\/es\/circuito-individual\">y mucho m\u00e1s<\/a><\/strong><\/span><\/p>\n<p><span style=\"color: #dd9933;\">.<\/span>[\/vc_column_text][\/vc_column][vc_column width=\u00a0\u00bb1\/3&Prime;][vc_row_inner][vc_column_inner][vc_cta h2=\u00a0\u00bbParque Natural Regional del Luberon\u00a0\u00bb style=\u00a0\u00bb3d\u00a0\u00bb add_button=\u00a0\u00bbbottom\u00a0\u00bb btn_title=\u00a0\u00bbTARIFAS &#8211; RESERVAS\u00a0\u00bb btn_color=\u00a0\u00bbwarning\u00a0\u00bb btn_align=\u00a0\u00bbcenter\u00a0\u00bb add_icon=\u00a0\u00bbtop\u00a0\u00bb i_icon_fontawesome=\u00a0\u00bbfa fa-info\u00a0\u00bb i_color=\u00a0\u00bborange\u00a0\u00bb i_background_style=\u00a0\u00bbboxed\u00a0\u00bb i_background_color=\u00a0\u00bbwhite\u00a0\u00bb i_on_border=\u00a0\u00bbtrue\u00a0\u00bb btn_link=\u00a0\u00bburl:http%3A%2F%2Fwww.tours-in-provence.com%2Fes%2Freservar||\u00a0\u00bb btn_button_block=\u00a0\u00bbtrue\u00a0\u00bb btn_add_icon=\u00a0\u00bbtrue\u00a0\u00bb]<\/p>\n<h3>Tour de un d\u00eda<\/h3>\n<p>Inicio de la jornada a trav\u00e9s de los paisajes del Luberon a las 9h15 Regreso hacia las 16h.<\/p>\n<p>El almuerzo est\u00e1 previsto en las cercan\u00edas de las Gordes, en uno de los restaurantes que le aconsejare el mismo dia de su visita.<br \/>\nLas entradas en museos y el almuerzo no est\u00e1n incluidas en el precio del d\u00eda.<\/p>\n<p><a href=\"http:\/\/www.tours-in-provence.com\/es\/contacto\">P\u00f3ngase en contacto con nosotros si tiene alguna pregunta y para comprobar la disponibilidad.<\/a>[\/vc_cta][\/vc_column_inner][\/vc_row_inner][\/vc_column][vc_column width=\u00a0\u00bb1\/3&Prime;][vc_single_image image=\u00a0\u00bb4344&Prime; img_size=\u00a0\u00bbmedium\u00a0\u00bb alignment=\u00a0\u00bbcenter\u00a0\u00bb onclick=\u00a0\u00bbcustom_link\u00a0\u00bb link=\u00a0\u00bbhttp:\/\/www.tours-in-provence.com\/es\/guia-individual\u00a0\u00bb][vc_empty_space][vc_column_text]<\/p>\n<h3>\u00bfAlguna otra Pregunta?<\/h3>\n<p>[\/vc_column_text][vc_tta_accordion color=\u00a0\u00bbgreen\u00a0\u00bb active_section=\u00a0\u00bb\u00a0\u00bb collapsible_all=\u00a0\u00bbtrue\u00a0\u00bb][vc_tta_section title=\u00a0\u00bb\u00a1Deja un mensaje!\u00a0\u00bb tab_id=\u00a0\u00bb1463497319728-7ab31417-69ae\u00a0\u00bb][vc_column_text]\n<div class=\"wpcf7 no-js\" id=\"wpcf7-f4377-o1\" lang=\"fr-FR\" dir=\"ltr\" data-wpcf7-id=\"4377\">\n<div class=\"screen-reader-response\"><p role=\"status\" aria-live=\"polite\" aria-atomic=\"true\"><\/p> <ul><\/ul><\/div>\n<form action=\"\/es\/wp-json\/wp\/v2\/pages\/4901#wpcf7-f4377-o1\" method=\"post\" class=\"wpcf7-form init\" aria-label=\"Formulaire de contact\" novalidate=\"novalidate\" data-status=\"init\">\n<fieldset class=\"hidden-fields-container\"><input type=\"hidden\" name=\"_wpcf7\" value=\"4377\" \/><input type=\"hidden\" name=\"_wpcf7_version\" value=\"6.1.5\" \/><input type=\"hidden\" name=\"_wpcf7_locale\" value=\"fr_FR\" \/><input type=\"hidden\" name=\"_wpcf7_unit_tag\" value=\"wpcf7-f4377-o1\" \/><input type=\"hidden\" name=\"_wpcf7_container_post\" value=\"0\" \/><input type=\"hidden\" name=\"_wpcf7_posted_data_hash\" value=\"\" \/><input type=\"hidden\" name=\"_wpcf7_recaptcha_response\" value=\"\" \/>\n<\/fieldset>\n<p>Apellido*\n<\/p>\n<p><span class=\"wpcf7-form-control-wrap\" data-name=\"your-name\"><input size=\"40\" maxlength=\"400\" class=\"wpcf7-form-control wpcf7-text wpcf7-validates-as-required\" aria-required=\"true\" aria-invalid=\"false\" value=\"\" type=\"text\" name=\"your-name\" \/><\/span>\n<\/p>\n<p>E-mail*\n<\/p>\n<p><span class=\"wpcf7-form-control-wrap\" data-name=\"your-email\"><input size=\"40\" maxlength=\"400\" class=\"wpcf7-form-control wpcf7-email wpcf7-validates-as-required wpcf7-text wpcf7-validates-as-email\" aria-required=\"true\" aria-invalid=\"false\" value=\"\" type=\"email\" name=\"your-email\" \/><\/span>\n<\/p>\n<p>Objeto*\n<\/p>\n<p><span class=\"wpcf7-form-control-wrap\" data-name=\"your-subject\"><input size=\"40\" maxlength=\"400\" class=\"wpcf7-form-control wpcf7-text wpcf7-validates-as-required\" aria-required=\"true\" aria-invalid=\"false\" value=\"\" type=\"text\" name=\"your-subject\" \/><\/span>\n<\/p>\n<p>Mensage\n<\/p>\n<p><span class=\"wpcf7-form-control-wrap\" data-name=\"your-message\"><textarea cols=\"40\" rows=\"10\" maxlength=\"2000\" class=\"wpcf7-form-control wpcf7-textarea\" aria-invalid=\"false\" name=\"your-message\"><\/textarea><\/span>\n<\/p>\n<p> Copie los caracteres verdes abajo\n<\/p>\n<p><input type=\"hidden\" name=\"_wpcf7_captcha_challenge_captcha-118\" value=\"681313182\" \/><img loading=\"lazy\" decoding=\"async\" class=\"wpcf7-form-control wpcf7-captchac wpcf7-captcha-captcha-118\" width=\"84\" height=\"28\" alt=\"captcha\" src=\"https:\/\/www.tours-in-provence.com\/es\/wp-content\/uploads\/sites\/7\/wpcf7_captcha\/681313182.png\" \/><br \/>\n<span class=\"wpcf7-form-control-wrap\" data-name=\"captcha-118\"><input size=\"4\" maxlength=\"4\" class=\"wpcf7-form-control wpcf7-captchar\" autocomplete=\"off\" aria-invalid=\"false\" value=\"\" type=\"text\" name=\"captcha-118\" \/><\/span>\n<\/p>\n<p><input class=\"wpcf7-form-control wpcf7-submit has-spinner\" type=\"submit\" value=\"Enviar\" \/>\n<\/p><div class=\"wpcf7-response-output\" aria-hidden=\"true\"><\/div>\n<\/form>\n<\/div>\n[\/vc_column_text][\/vc_tta_section][\/vc_tta_accordion][\/vc_column][\/vc_row]<\/p>\n","protected":false},"excerpt":{"rendered":"<p>[vc_row][vc_column width=\u00a0\u00bb1\/2&Prime;][vc_empty_space height=\u00a0\u00bb15px\u00a0\u00bb][rev_slider_vc alias=\u00a0\u00bbluberon-ptt\u00a0\u00bb][vc_empty_space height=\u00a0\u00bb15px\u00a0\u00bb][vc_row_inner content_placement=\u00a0\u00bbmiddle\u00a0\u00bb css=\u00a0\u00bb.vc_custom_1464118205599{padding-left: 5px !important;}\u00a0\u00bb][vc_column_inner width=\u00a0\u00bb1\/2&Prime;][vc_single_image image=\u00a0\u00bb4591&Prime; img_size=\u00a0\u00bbmedium\u00a0\u00bb alignment=\u00a0\u00bbcenter\u00a0\u00bb style=\u00a0\u00bbvc_box_shadow\u00a0\u00bb onclick=\u00a0\u00bbimg_link_large\u00a0\u00bb img_link_target=\u00a0\u00bb_blank\u00a0\u00bb][\/vc_column_inner][vc_column_inner width=\u00a0\u00bb1\/2&Prime;][vc_message message_box_style=\u00a0\u00bb3d\u00a0\u00bb message_box_color=\u00a0\u00bbblue\u00a0\u00bb icon_fontawesome=\u00a0\u00bbfa fa-camera-retro\u00a0\u00bb]Ver el \u00e1lbum con las fotos de C\u00e9cile[\/vc_message][\/vc_column_inner][\/vc_row_inner][\/vc_column][vc_column width=\u00a0\u00bb1\/2&Prime;][vc_column_text] El Luberon y sus pueblos mas bellos El Luberon se sit\u00faa entre los Alpes y el Mediterr\u00e1neo, ofrece una gran diversidad de paisajes, por su distintos &#8230; <a class=\"excerpt-readmore\" href=\"https:\/\/www.tours-in-provence.com\/es\/circuito-luberon\">Read More<\/a><\/p>\n","protected":false},"author":1,"featured_media":0,"parent":0,"menu_order":0,"comment_status":"closed","ping_status":"closed","template":"","meta":{"footnotes":""},"class_list":["post-4901","page","type-page","status-publish","hentry"],"yoast_head":"<!-- This site is optimized with the Yoast SEO plugin v26.9 - https:\/\/yoast.com\/product\/yoast-seo-wordpress\/ -->\n<title>Luberon circuito individual con pueblos prestigioso Gordes, Roussillon<\/title>\n<meta name=\"description\" content=\"Luberon ofrece un circuito individual de pueblos prestigiosos tales como Gordes o Roussillon y de la abad\u00eda de S\u00e9nanque bordeado en junio de lavandas.\" \/>\n<meta name=\"robots\" content=\"index, follow, max-snippet:-1, max-image-preview:large, max-video-preview:-1\" \/>\n<link rel=\"canonical\" href=\"https:\/\/www.tours-in-provence.com\/es\/circuito-luberon\" \/>\n<meta property=\"og:locale\" content=\"fr_FR\" \/>\n<meta property=\"og:type\" content=\"article\" \/>\n<meta property=\"og:title\" content=\"Luberon circuito individual con pueblos prestigioso Gordes, Roussillon\" \/>\n<meta property=\"og:description\" content=\"Luberon ofrece un circuito individual de pueblos prestigiosos tales como Gordes o Roussillon y de la abad\u00eda de S\u00e9nanque bordeado en junio de lavandas.\" \/>\n<meta property=\"og:url\" content=\"https:\/\/www.tours-in-provence.com\/es\/circuito-luberon\" \/>\n<meta property=\"og:site_name\" content=\"Circuitos guiados\" \/>\n<meta property=\"article:modified_time\" content=\"2016-11-22T19:15:22+00:00\" \/>\n<meta property=\"og:image\" content=\"https:\/\/www.tours-in-provence.com\/es\/wp-content\/uploads\/sites\/7\/2016\/06\/vignoble.jpg\" \/>\n\t<meta property=\"og:image:width\" content=\"2000\" \/>\n\t<meta property=\"og:image:height\" content=\"1328\" \/>\n\t<meta property=\"og:image:type\" content=\"image\/jpeg\" \/>\n<meta name=\"twitter:card\" content=\"summary_large_image\" \/>\n<meta name=\"twitter:label1\" content=\"Dur\u00e9e de lecture estim\u00e9e\" \/>\n\t<meta name=\"twitter:data1\" content=\"4 minutes\" \/>\n<script type=\"application\/ld+json\" class=\"yoast-schema-graph\">{\"@context\":\"https:\/\/schema.org\",\"@graph\":[{\"@type\":\"WebPage\",\"@id\":\"https:\/\/www.tours-in-provence.com\/es\/circuito-luberon\",\"url\":\"https:\/\/www.tours-in-provence.com\/es\/circuito-luberon\",\"name\":\"Luberon circuito individual con pueblos prestigioso Gordes, Roussillon\",\"isPartOf\":{\"@id\":\"https:\/\/www.tours-in-provence.com\/es\/#website\"},\"primaryImageOfPage\":{\"@id\":\"https:\/\/www.tours-in-provence.com\/es\/circuito-luberon#primaryimage\"},\"image\":{\"@id\":\"https:\/\/www.tours-in-provence.com\/es\/circuito-luberon#primaryimage\"},\"thumbnailUrl\":\"http:\/\/www.tours-in-provence.com\/es\/wp-content\/uploads\/sites\/7\/2016\/06\/vignoble-150x150.jpg\",\"datePublished\":\"2016-10-12T08:41:19+00:00\",\"dateModified\":\"2016-11-22T19:15:22+00:00\",\"description\":\"Luberon ofrece un circuito individual de pueblos prestigiosos tales como Gordes o Roussillon y de la abad\u00eda de S\u00e9nanque bordeado en junio de lavandas.\",\"breadcrumb\":{\"@id\":\"https:\/\/www.tours-in-provence.com\/es\/circuito-luberon#breadcrumb\"},\"inLanguage\":\"fr-FR\",\"potentialAction\":[{\"@type\":\"ReadAction\",\"target\":[\"https:\/\/www.tours-in-provence.com\/es\/circuito-luberon\"]}]},{\"@type\":\"ImageObject\",\"inLanguage\":\"fr-FR\",\"@id\":\"https:\/\/www.tours-in-provence.com\/es\/circuito-luberon#primaryimage\",\"url\":\"http:\/\/www.tours-in-provence.com\/es\/wp-content\/uploads\/sites\/7\/2016\/06\/vignoble-150x150.jpg\",\"contentUrl\":\"http:\/\/www.tours-in-provence.com\/es\/wp-content\/uploads\/sites\/7\/2016\/06\/vignoble-150x150.jpg\"},{\"@type\":\"BreadcrumbList\",\"@id\":\"https:\/\/www.tours-in-provence.com\/es\/circuito-luberon#breadcrumb\",\"itemListElement\":[{\"@type\":\"ListItem\",\"position\":1,\"name\":\"Accueil\",\"item\":\"https:\/\/www.tours-in-provence.com\/es\/\"},{\"@type\":\"ListItem\",\"position\":2,\"name\":\"Luberon\"}]},{\"@type\":\"WebSite\",\"@id\":\"https:\/\/www.tours-in-provence.com\/es\/#website\",\"url\":\"https:\/\/www.tours-in-provence.com\/es\/\",\"name\":\"Circuitos guiados\",\"description\":\"Recorridos por Provenza con total libertad\",\"potentialAction\":[{\"@type\":\"SearchAction\",\"target\":{\"@type\":\"EntryPoint\",\"urlTemplate\":\"https:\/\/www.tours-in-provence.com\/es\/?s={search_term_string}\"},\"query-input\":{\"@type\":\"PropertyValueSpecification\",\"valueRequired\":true,\"valueName\":\"search_term_string\"}}],\"inLanguage\":\"fr-FR\"}]}<\/script>\n<!-- \/ Yoast SEO plugin. -->","yoast_head_json":{"title":"Luberon circuito individual con pueblos prestigioso Gordes, Roussillon","description":"Luberon ofrece un circuito individual de pueblos prestigiosos tales como Gordes o Roussillon y de la abad\u00eda de S\u00e9nanque bordeado en junio de lavandas.","robots":{"index":"index","follow":"follow","max-snippet":"max-snippet:-1","max-image-preview":"max-image-preview:large","max-video-preview":"max-video-preview:-1"},"canonical":"https:\/\/www.tours-in-provence.com\/es\/circuito-luberon","og_locale":"fr_FR","og_type":"article","og_title":"Luberon circuito individual con pueblos prestigioso Gordes, Roussillon","og_description":"Luberon ofrece un circuito individual de pueblos prestigiosos tales como Gordes o Roussillon y de la abad\u00eda de S\u00e9nanque bordeado en junio de lavandas.","og_url":"https:\/\/www.tours-in-provence.com\/es\/circuito-luberon","og_site_name":"Circuitos guiados","article_modified_time":"2016-11-22T19:15:22+00:00","og_image":[{"width":2000,"height":1328,"url":"https:\/\/www.tours-in-provence.com\/es\/wp-content\/uploads\/sites\/7\/2016\/06\/vignoble.jpg","type":"image\/jpeg"}],"twitter_card":"summary_large_image","twitter_misc":{"Dur\u00e9e de lecture estim\u00e9e":"4 minutes"},"schema":{"@context":"https:\/\/schema.org","@graph":[{"@type":"WebPage","@id":"https:\/\/www.tours-in-provence.com\/es\/circuito-luberon","url":"https:\/\/www.tours-in-provence.com\/es\/circuito-luberon","name":"Luberon circuito individual con pueblos prestigioso Gordes, Roussillon","isPartOf":{"@id":"https:\/\/www.tours-in-provence.com\/es\/#website"},"primaryImageOfPage":{"@id":"https:\/\/www.tours-in-provence.com\/es\/circuito-luberon#primaryimage"},"image":{"@id":"https:\/\/www.tours-in-provence.com\/es\/circuito-luberon#primaryimage"},"thumbnailUrl":"http:\/\/www.tours-in-provence.com\/es\/wp-content\/uploads\/sites\/7\/2016\/06\/vignoble-150x150.jpg","datePublished":"2016-10-12T08:41:19+00:00","dateModified":"2016-11-22T19:15:22+00:00","description":"Luberon ofrece un circuito individual de pueblos prestigiosos tales como Gordes o Roussillon y de la abad\u00eda de S\u00e9nanque bordeado en junio de lavandas.","breadcrumb":{"@id":"https:\/\/www.tours-in-provence.com\/es\/circuito-luberon#breadcrumb"},"inLanguage":"fr-FR","potentialAction":[{"@type":"ReadAction","target":["https:\/\/www.tours-in-provence.com\/es\/circuito-luberon"]}]},{"@type":"ImageObject","inLanguage":"fr-FR","@id":"https:\/\/www.tours-in-provence.com\/es\/circuito-luberon#primaryimage","url":"http:\/\/www.tours-in-provence.com\/es\/wp-content\/uploads\/sites\/7\/2016\/06\/vignoble-150x150.jpg","contentUrl":"http:\/\/www.tours-in-provence.com\/es\/wp-content\/uploads\/sites\/7\/2016\/06\/vignoble-150x150.jpg"},{"@type":"BreadcrumbList","@id":"https:\/\/www.tours-in-provence.com\/es\/circuito-luberon#breadcrumb","itemListElement":[{"@type":"ListItem","position":1,"name":"Accueil","item":"https:\/\/www.tours-in-provence.com\/es\/"},{"@type":"ListItem","position":2,"name":"Luberon"}]},{"@type":"WebSite","@id":"https:\/\/www.tours-in-provence.com\/es\/#website","url":"https:\/\/www.tours-in-provence.com\/es\/","name":"Circuitos guiados","description":"Recorridos por Provenza con total libertad","potentialAction":[{"@type":"SearchAction","target":{"@type":"EntryPoint","urlTemplate":"https:\/\/www.tours-in-provence.com\/es\/?s={search_term_string}"},"query-input":{"@type":"PropertyValueSpecification","valueRequired":true,"valueName":"search_term_string"}}],"inLanguage":"fr-FR"}]}},"_links":{"self":[{"href":"https:\/\/www.tours-in-provence.com\/es\/wp-json\/wp\/v2\/pages\/4901","targetHints":{"allow":["GET"]}}],"collection":[{"href":"https:\/\/www.tours-in-provence.com\/es\/wp-json\/wp\/v2\/pages"}],"about":[{"href":"https:\/\/www.tours-in-provence.com\/es\/wp-json\/wp\/v2\/types\/page"}],"author":[{"embeddable":true,"href":"https:\/\/www.tours-in-provence.com\/es\/wp-json\/wp\/v2\/users\/1"}],"replies":[{"embeddable":true,"href":"https:\/\/www.tours-in-provence.com\/es\/wp-json\/wp\/v2\/comments?post=4901"}],"version-history":[{"count":0,"href":"https:\/\/www.tours-in-provence.com\/es\/wp-json\/wp\/v2\/pages\/4901\/revisions"}],"wp:attachment":[{"href":"https:\/\/www.tours-in-provence.com\/es\/wp-json\/wp\/v2\/media?parent=4901"}],"curies":[{"name":"wp","href":"https:\/\/api.w.org\/{rel}","templated":true}]}}