{"id":4984,"date":"2016-10-19T17:35:49","date_gmt":"2016-10-19T15:35:49","guid":{"rendered":"http:\/\/www.tours-in-provence.com\/es\/reservations-circuits-provence-copy"},"modified":"2021-07-22T10:45:07","modified_gmt":"2021-07-22T08:45:07","slug":"reservar","status":"publish","type":"page","link":"https:\/\/www.tours-in-provence.com\/es\/reservar","title":{"rendered":"Reservar su visita guiada en la Provenza"},"content":{"rendered":"<p>[vc_row][vc_column width=\u00a0\u00bb1\/3&Prime;][vc_single_image image=\u00a0\u00bb5940&Prime; img_size=\u00a0\u00bblarge\u00a0\u00bb][\/vc_column][vc_column width=\u00a0\u00bb1\/3&Prime;][vc_column_text]<\/p>\n<h2>Precios Caminatas naturalistas con observaci\u00f3n de aves:<\/h2>\n<p>Descubra las aves en los caminos de los Alpilles, Sainte-Victoire y en la Camarga.<\/p>\n<ul>\n<li>Duraci\u00f3n de la caminata: 3h30.<\/li>\n<li>Equipo prestado por Tours in Provence: 6 pares de binoculares (8 \u00d7 32 y 8 \u00d7 42)<\/li>\n<li>Precio de esta actividad al aire libre: Adulto individual 35 \u20ac<\/li>\n<li>N\u00famero m\u00ednimo de participantes 6<\/li>\n<li>Cont\u00e1ctenos para conocer nuestras Ofertas Familiares.<\/li>\n<\/ul>\n<p><a href=\"https:\/\/www.tours-in-provence.com\/es\/contacto\">Cont\u00e1ctenos para disponibilidad.<\/a> Se le ofrecer\u00e1 un itinerario.[\/vc_column_text][\/vc_column][vc_column width=\u00a0\u00bb1\/3&Prime;][vc_single_image image=\u00a0\u00bb5941&Prime; img_size=\u00a0\u00bblarge\u00a0\u00bb][\/vc_column][\/vc_row][vc_row][vc_column width=\u00a0\u00bb1\/2&Prime;][vc_single_image image=\u00a0\u00bb5878&Prime; img_size=\u00a0\u00bblarge\u00a0\u00bb][\/vc_column][vc_column width=\u00a0\u00bb1\/2&Prime;][vc_column_text]<\/p>\n<h2><strong>Precios de los tours en la Provenza en una mini furgoneta privada<\/strong><\/h2>\n<h2>D\u00eda completo o medio d\u00eda por la Provenza.<\/h2>\n<p>C\u00e9cile, una gu\u00eda calificada, lo llevar\u00e1 en una camioneta privada con aire acondicionado.<br \/>\nPrograma del d\u00eda: visita de un sitio cultural, descubrimiento de un sitio natural, con observaci\u00f3n de aves y un momento de degustaci\u00f3n en una finca agr\u00edcola.<br \/>\nSalida desde Aix-en-Provence o St R\u00e9my-de-Provence.<br \/>\npor favor <a href=\"https:\/\/www.tours-in-provence.com\/es\/contacto\">cont\u00e1ctenos<\/a> para otras ciudades de salida.[\/vc_column_text][\/vc_column][\/vc_row][vc_row][vc_column width=\u00a0\u00bb1\/3&Prime;][vc_column_text]<\/p>\n<h2><u>Precio por un d\u00eda de 9:15 a.m. a 4:15 p.m.<\/u><\/h2>\n<p>su grupo cuenta:<br \/>\n2 a 4 personas = 380 \u20ac para su grupo.<br \/>\n5 a 7 personas = 440 \u20ac para su grupo.[\/vc_column_text][\/vc_column][vc_column width=\u00a0\u00bb1\/3&Prime;][vc_column_text]<\/p>\n<h2><u>Precio medio d\u00eda de 9.15 a 13.15 horas<\/u><\/h2>\n<p>su grupo cuenta:<br \/>\n2 a 4 personas = 190 \u20ac para su grupo.<br \/>\n5 a 7 personas = 250 \u20ac para su grupo.<\/p>\n<p>Como un medio d\u00eda no nos permite recorrer una gran distancia,<br \/>\ntiene la posibilidad de ampliar la jornada, 50 \u20ac por hora adicional.[\/vc_column_text][\/vc_column][vc_column width=\u00a0\u00bb1\/3&Prime;][vc_column_text]<\/p>\n<h3>La condici\u00f3n de precio:<\/h3>\n<p>Estos precios no incluyen: comidas, entradas a monumentos y museos y catas, que pueden ser de pago.<br \/>\nGratis para ni\u00f1os menores de 7 a\u00f1os.<\/p>\n<h3>Destino Verdon: salida solo desde Aix-en-Provence,<\/h3>\n<p>se requiere un d\u00eda de 9 a.m. a 5 p.m., por lo tanto, un suplemento de 50 \u20ac,<\/p>\n<p><a href=\"https:\/\/www.tours-in-provence.com\/es\/contacto\">Cont\u00e1ctenos para disponibilidad.<\/a>[\/vc_column_text][\/vc_column][\/vc_row][vc_row][vc_column width=\u00a0\u00bb1\/3&Prime; css=\u00a0\u00bb.vc_custom_1463492520031{background-color: #ededc2 !important;}\u00a0\u00bb][vc_column_text]<span style=\"color: #000000;\"><strong>Condiciones y procedimiento para reservar:<\/strong><\/span><br \/>\n<span style=\"color: #000000;\">Podr\u00e1 viajar en un un minivan particular <span class=\"Style7\">con aire acondicionado<\/span>, de 1 a 7 personas. Podr\u00e1 viajar por tanto solamente con su familia o con sus amigos. Se garantiza la salida desde 1 persona.<\/span><\/p>\n<p><span style=\"color: #000000;\">Las salidas est\u00e1n previstas a las 9h15 y los regresos hacia las 16h00. Las salidas y los regresos est\u00e1n garantizados desde su lugar de residencia, sin suplemento cuando se encuentra en un radio de 30 km alrededor de Aix-en-Provence, p\u00f3ngase en contacto con nosotros en caso de que tenga preguntas.<\/span><\/p>\n<h2><span style=\"color: #000000;\">Reservar<\/span><\/h2>\n<p><span style=\"color: #000000;\">Para formalizar la reserva de la jornada, deber\u00e1 abonar los gastos de inscripci\u00f3n de 25 \u20ac por persona, IVA incluido. El resto del importe deber\u00e1 abonarse el mismo d\u00eda, en met\u00e1lico. Los precios son en Euros, IVA incluido.<\/span><br \/>\n<span style=\"color: #000000;\">Si viaja con sus hijos, indique cu\u00e1les son sus edades para prever sillas para beb\u00e9s o cojines elevadores (de 9 meses a 4 a\u00f1os: silla para beb\u00e9 obligatoria, de 4 a\u00f1os a 18 kg: coj\u00edn elevador obligatorio).<\/span><\/p>\n<p><span style=\"color: #000000;\"><strong>Sistema de pago seguro :<\/strong><\/span><br \/>\n<span style=\"color: #000000;\">Hemos decidido utilizar el sistema de pago seguro de Paypal, que le garantiza la confidencialidad y la seguridad de las transacciones. P\u00f3ngase en contacto con nosotros en caso de dudas.<\/span><\/p>\n<p><span style=\"color: #000000;\">Las reservas pueden ser modificadas, pero no son reembolsables.<\/span><\/p>\n<p><span style=\"color: #000000;\">Si desea modificar las fechas de la jornada, trataremos de encontrar otra fecha en funci\u00f3n de su disponibilidad y de la agenda de Tours in Provence.<\/span><br \/>\n<span style=\"color: #000000;\">Tan s\u00f3lo aquellas cancelaciones realizadas con la presentaci\u00f3n de un certificado m\u00e9dico podr\u00e1n optar al que se reembolsen los gastos de inscripci\u00f3n en su totalidad.<\/span><\/p>\n<p><span style=\"color: #000000;\">En caso de que <a style=\"color: #000000;\" href=\"http:\/\/www.tours-in-provence.com\/es\/contacto\" target=\"_blank\" rel=\"noopener noreferrer\">Tours in Provence<\/a> deba cancelar la fecha de su reserva, proceder\u00edamos a reembolsar totalmente los gastos de inscripci\u00f3n.<\/span><br \/>\n<span style=\"color: #000000;\">P\u00f3ngase en contacto con nosotros en caso de dudas.<\/span><\/p>\n<p><span style=\"color: #000000;\">La responsabilidad del transportista Tours in Provence no se ver\u00e1 implicada en caso de perder o de olvidar sus efectos personales en el exterior o en el interior del veh\u00edculo.<\/span>[\/vc_column_text][\/vc_column][vc_column width=\u00a0\u00bb1\/3&Prime;][vc_column_text]<\/p>\n<blockquote>\n<h2><span style=\"color: #000000;\">Tarifas de los circuitos<strong><br \/>\n<\/strong><\/span><\/h2>\n<\/blockquote>\n<p><span style=\"color: #000000;\"><strong><strong class=\"gdcc\">\u00a0<\/strong><\/strong><\/span>[\/vc_column_text][vc_column_text css=\u00a0\u00bb.vc_custom_1616419456809{padding-top: 5px !important;padding-right: 25px !important;padding-bottom: 3px !important;padding-left: 25px !important;background-color: #ededaa !important;}\u00a0\u00bb]Solicita cotizaci\u00f3n, <a href=\"https:\/\/www.tours-in-provence.com\/es\/contacto\">cont\u00e1ctanos<\/a>[\/vc_column_text][vc_empty_space height=\u00a0\u00bb20px\u00a0\u00bb][vc_single_image image=\u00a0\u00bb4240&Prime; img_size=\u00a0\u00bbmedium\u00a0\u00bb alignment=\u00a0\u00bbcenter\u00a0\u00bb onclick=\u00a0\u00bbcustom_link\u00a0\u00bb link=\u00a0\u00bbhttp:\/\/www.tours-in-provence.com\/es\/contact\u00a0\u00bb][vc_empty_space height=\u00a0\u00bb40px\u00a0\u00bb][vc_column_text]<\/p>\n<blockquote>\n<h3><span style=\"color: #000000;\">TRASLADO PRIVADO <\/span><\/h3>\n<\/blockquote>\n<p><span style=\"color: #000000;\">Tours In Provence organiza su transporte en coche privado (mono-volumen Mercedes Viano) desde la ciudad de <strong class=\"rouge\">Aix-en-Provence<\/strong> con destino a ciudades y pueblos siguientes Avignon, St Remy, Arles, Nice&#8230;. Para conocer nuestras disponibilidades, gracias por enviara<strong> Tours in Provence un correo electr\u00f3nico<\/strong> con: la direcci\u00f3n es de origen y de destino,cuantas pasajeros son y equipaje tienen. Le contestare lo mas antes posible con las disponibilidades.<\/span>[\/vc_column_text][vc_empty_space][vc_tta_accordion color=\u00a0\u00bbvista-blue\u00a0\u00bb active_section=\u00a0\u00bb\u00a0\u00bb collapsible_all=\u00a0\u00bbtrue\u00a0\u00bb][vc_tta_section title=\u00a0\u00bbDestinos de traslados\u00a0\u00bb tab_id=\u00a0\u00bb1464039219782-57706064-bb1c\u00a0\u00bb][vc_column_text]<\/p>\n<ul>\n<li style=\"text-align: center;\"><span style=\"color: #000000;\">Avignon (1h) : 175\u20ac <\/span><\/li>\n<li style=\"text-align: center;\"><span style=\"color: #000000;\">Toulon (1h): 180\u20ac<\/span><\/li>\n<li style=\"text-align: center;\"><span style=\"color: #000000;\">Orange (1h): 180\u20ac<\/span><\/li>\n<li style=\"text-align: center;\"><span style=\"color: #000000;\">Gordes (1h) : 175\u20ac<\/span><\/li>\n<li style=\"text-align: center;\"><span style=\"color: #000000;\">Lourmarin (45mn) : 150\u20ac<\/span><\/li>\n<li style=\"text-align: center;\"><span style=\"color: #000000;\">N\u00eemes (1h30) : 165\u20ac<\/span><\/li>\n<li style=\"text-align: center;\"><span style=\"color: #000000;\">St R\u00e9my (1h) : 185\u20ac<\/span><\/li>\n<li style=\"text-align: center;\"><span style=\"color: #000000;\">Antibes (1h40) : 320\u20ac<\/span><\/li>\n<li style=\"text-align: center;\"><span style=\"color: #000000;\">Les Baux (1h) : 160\u20ac<\/span><\/li>\n<li style=\"text-align: center;\"><span style=\"color: #000000;\">Arles (1h) : 170\u20ac<\/span><\/li>\n<li style=\"text-align: center;\"><span style=\"color: #000000;\">Nice (2h) : 320\u20ac<\/span><\/li>\n<\/ul>\n<p style=\"text-align: center;\"><em>Precio \u00fanico de 1a 4 pasajeros y su equipaje. El transporte privado funciona de lunes a viernes, de 9:00 a 17:00 horas.<br \/>\n<\/em><\/p>\n<p style=\"text-align: center;\"><a class=\"maxbutton-2 maxbutton maxbutton-contact-ptt\" href=\"http:\/\/www.tours-in-provence.com\/es\/contacto\"><span class='mb-text'>Contacto<\/span><\/a><\/p>\n<p>[\/vc_column_text][\/vc_tta_section][\/vc_tta_accordion][\/vc_column][vc_column width=\u00a0\u00bb1\/3&Prime; css=\u00a0\u00bb.vc_custom_1478615064689{background-color: #ffc46d !important;}\u00a0\u00bb][vc_column_text]<strong><span style=\"color: #000000;\">RESERVAS<\/span><\/strong>[\/vc_column_text][vc_column_text]<span style=\"color: #000000;\"><strong>\u00bfComo hacer su reserva?<\/strong><\/span><\/p>\n<p><span style=\"color: #000000;\">1. Para comprobar la disponibilidad enviarnos un mensage y las fechas que desean reservar. <a class=\"maxbutton-2 maxbutton maxbutton-contact-ptt\" href=\"http:\/\/www.tours-in-provence.com\/es\/contacto\"><span class='mb-text'>Contacto<\/span><\/a><br \/>\n<\/span><\/p>\n<p><span style=\"color: #000000;\">2. Le contestamos lo antes posible para confirmarle la disponibilidad y su pre-reserva con Tours in Provence.<\/span><\/p>\n<p><span style=\"color: #000000;\">3. Confirmar su reserva, para pagar los gastos de inscripci\u00f3n utilice el pago seguro online de Paypal. (PayPal procesa de forma segura los pagos para Tours in Provence.)<\/span><\/p>\n<p><span style=\"color: #000000;\">4. Recibir\u00e1n un informe por mail con los detalles de su reserva.<\/span><\/p>\n<p><span style=\"color: #000000;\">5. Estamos atentos para cualquier detalle sobre su recorrido. Gracias.<\/span>[\/vc_column_text][vc_empty_space height=\u00a0\u00bb15px\u00a0\u00bb][vc_column_text]<span style=\"color: #000000;\"><strong>PAGO<\/strong><\/span><br \/>\n<span style=\"color: #000000;\"> Usted escogi\u00f3 su excursi\u00f3n, usted desea reservar y pagar los gastos de inscripci\u00f3n, usted puede hacerlo m\u00e1s abajo.<\/span><\/p>\n<form action=\"https:\/\/www.paypal.com\/cgi-bin\/webscr\" method=\"post\" target=\"_top\"><input name=\"cmd\" type=\"hidden\" value=\"_s-xclick\" \/><br \/>\n<input name=\"hosted_button_id\" type=\"hidden\" value=\"D3K7D43XX3RGJ\" \/><\/p>\n<table>\n<tbody>\n<tr>\n<td><input name=\"on0\" type=\"hidden\" value=\"Gastos de inscripci\u00f3n\" \/>Gastos de inscripci\u00f3n<\/td>\n<\/tr>\n<tr>\n<td><select name=\"os0\"><option value=\"1 pasajero\">1 pasajero \u20ac25,00 EUR<\/option><option value=\"2 pasajeros\">2 pasajeros \u20ac50,00 EUR<\/option><option value=\"3 pasajeros\">3 pasajeros \u20ac75,00 EUR<\/option><option value=\"4 pasajeros\">4 pasajeros \u20ac100,00 EUR<\/option><option value=\"5 pasajeros\">5 pasajeros \u20ac125,00 EUR<\/option><option value=\"6 pasajeros\">6 pasajeros \u20ac150,00 EUR<\/option><\/select><\/td>\n<\/tr>\n<\/tbody>\n<\/table>\n<p><input name=\"currency_code\" type=\"hidden\" value=\"EUR\" \/><br \/>\n<input alt=\"PayPal. La forma r\u00e1pida y segura de pagar en Internet.\" name=\"submit\" src=\"https:\/\/www.paypalobjects.com\/es_ES\/ES\/i\/btn\/btn_paynowCC_LG.gif\" type=\"image\" \/><br \/>\n<img loading=\"lazy\" decoding=\"async\" src=\"https:\/\/www.paypalobjects.com\/fr_FR\/i\/scr\/pixel.gif\" alt=\"\" width=\"1\" height=\"1\" border=\"0\" \/><\/p>\n<\/form>\n<p>[\/vc_column_text][vc_single_image image=\u00a0\u00bb4187&Prime; alignment=\u00a0\u00bbcenter\u00a0\u00bb][\/vc_column][\/vc_row]<\/p>\n","protected":false},"excerpt":{"rendered":"<p>[vc_row][vc_column width=\u00a0\u00bb1\/3&Prime;][vc_single_image image=\u00a0\u00bb5940&Prime; img_size=\u00a0\u00bblarge\u00a0\u00bb][\/vc_column][vc_column width=\u00a0\u00bb1\/3&Prime;][vc_column_text] Precios Caminatas naturalistas con observaci\u00f3n de aves: Descubra las aves en los caminos de los Alpilles, Sainte-Victoire y en la Camarga. Duraci\u00f3n de la caminata: 3h30. Equipo prestado por Tours in Provence: 6 pares de binoculares (8 \u00d7 32 y 8 \u00d7 42) Precio de esta actividad al aire libre: &#8230; <a class=\"excerpt-readmore\" href=\"https:\/\/www.tours-in-provence.com\/es\/reservar\">Read More<\/a><\/p>\n","protected":false},"author":1,"featured_media":0,"parent":0,"menu_order":0,"comment_status":"closed","ping_status":"closed","template":"","meta":{"footnotes":""},"class_list":["post-4984","page","type-page","status-publish","hentry"],"yoast_head":"<!-- This site is optimized with the Yoast SEO plugin v26.9 - https:\/\/yoast.com\/product\/yoast-seo-wordpress\/ -->\n<title>Reservar su visita guiada o translado en la Provenza con coche particular<\/title>\n<meta name=\"description\" content=\"Reservar su visita guiada en coche particular o tambi\u00e9n translados privados. Con Tours in Provence saca el m\u00e1ximo partido de su estancia en la Provenza.\" \/>\n<meta name=\"robots\" content=\"index, follow, max-snippet:-1, max-image-preview:large, max-video-preview:-1\" \/>\n<link rel=\"canonical\" href=\"https:\/\/www.tours-in-provence.com\/es\/reservar\" \/>\n<meta property=\"og:locale\" content=\"fr_FR\" \/>\n<meta property=\"og:type\" content=\"article\" \/>\n<meta property=\"og:title\" content=\"Reservar su visita guiada o translado en la Provenza con coche particular\" \/>\n<meta property=\"og:description\" content=\"Reservar su visita guiada en coche particular o tambi\u00e9n translados privados. Con Tours in Provence saca el m\u00e1ximo partido de su estancia en la Provenza.\" \/>\n<meta property=\"og:url\" content=\"https:\/\/www.tours-in-provence.com\/es\/reservar\" \/>\n<meta property=\"og:site_name\" content=\"Circuitos guiados\" \/>\n<meta property=\"article:modified_time\" content=\"2021-07-22T08:45:07+00:00\" \/>\n<meta property=\"og:image\" content=\"https:\/\/www.paypalobjects.com\/fr_FR\/i\/scr\/pixel.gif\" \/>\n<meta name=\"twitter:card\" content=\"summary_large_image\" \/>\n<meta name=\"twitter:label1\" content=\"Dur\u00e9e de lecture estim\u00e9e\" \/>\n\t<meta name=\"twitter:data1\" content=\"6 minutes\" \/>\n<script type=\"application\/ld+json\" class=\"yoast-schema-graph\">{\"@context\":\"https:\/\/schema.org\",\"@graph\":[{\"@type\":\"WebPage\",\"@id\":\"https:\/\/www.tours-in-provence.com\/es\/reservar\",\"url\":\"https:\/\/www.tours-in-provence.com\/es\/reservar\",\"name\":\"Reservar su visita guiada o translado en la Provenza con coche particular\",\"isPartOf\":{\"@id\":\"https:\/\/www.tours-in-provence.com\/es\/#website\"},\"primaryImageOfPage\":{\"@id\":\"https:\/\/www.tours-in-provence.com\/es\/reservar#primaryimage\"},\"image\":{\"@id\":\"https:\/\/www.tours-in-provence.com\/es\/reservar#primaryimage\"},\"thumbnailUrl\":\"https:\/\/www.paypalobjects.com\/fr_FR\/i\/scr\/pixel.gif\",\"datePublished\":\"2016-10-19T15:35:49+00:00\",\"dateModified\":\"2021-07-22T08:45:07+00:00\",\"description\":\"Reservar su visita guiada en coche particular o tambi\u00e9n translados privados. Con Tours in Provence saca el m\u00e1ximo partido de su estancia en la Provenza.\",\"breadcrumb\":{\"@id\":\"https:\/\/www.tours-in-provence.com\/es\/reservar#breadcrumb\"},\"inLanguage\":\"fr-FR\",\"potentialAction\":[{\"@type\":\"ReadAction\",\"target\":[\"https:\/\/www.tours-in-provence.com\/es\/reservar\"]}]},{\"@type\":\"ImageObject\",\"inLanguage\":\"fr-FR\",\"@id\":\"https:\/\/www.tours-in-provence.com\/es\/reservar#primaryimage\",\"url\":\"https:\/\/www.paypalobjects.com\/fr_FR\/i\/scr\/pixel.gif\",\"contentUrl\":\"https:\/\/www.paypalobjects.com\/fr_FR\/i\/scr\/pixel.gif\"},{\"@type\":\"BreadcrumbList\",\"@id\":\"https:\/\/www.tours-in-provence.com\/es\/reservar#breadcrumb\",\"itemListElement\":[{\"@type\":\"ListItem\",\"position\":1,\"name\":\"Accueil\",\"item\":\"https:\/\/www.tours-in-provence.com\/es\/\"},{\"@type\":\"ListItem\",\"position\":2,\"name\":\"Reservar su visita guiada en la Provenza\"}]},{\"@type\":\"WebSite\",\"@id\":\"https:\/\/www.tours-in-provence.com\/es\/#website\",\"url\":\"https:\/\/www.tours-in-provence.com\/es\/\",\"name\":\"Circuitos guiados\",\"description\":\"Recorridos por Provenza con total libertad\",\"potentialAction\":[{\"@type\":\"SearchAction\",\"target\":{\"@type\":\"EntryPoint\",\"urlTemplate\":\"https:\/\/www.tours-in-provence.com\/es\/?s={search_term_string}\"},\"query-input\":{\"@type\":\"PropertyValueSpecification\",\"valueRequired\":true,\"valueName\":\"search_term_string\"}}],\"inLanguage\":\"fr-FR\"}]}<\/script>\n<!-- \/ Yoast SEO plugin. -->","yoast_head_json":{"title":"Reservar su visita guiada o translado en la Provenza con coche particular","description":"Reservar su visita guiada en coche particular o tambi\u00e9n translados privados. Con Tours in Provence saca el m\u00e1ximo partido de su estancia en la Provenza.","robots":{"index":"index","follow":"follow","max-snippet":"max-snippet:-1","max-image-preview":"max-image-preview:large","max-video-preview":"max-video-preview:-1"},"canonical":"https:\/\/www.tours-in-provence.com\/es\/reservar","og_locale":"fr_FR","og_type":"article","og_title":"Reservar su visita guiada o translado en la Provenza con coche particular","og_description":"Reservar su visita guiada en coche particular o tambi\u00e9n translados privados. Con Tours in Provence saca el m\u00e1ximo partido de su estancia en la Provenza.","og_url":"https:\/\/www.tours-in-provence.com\/es\/reservar","og_site_name":"Circuitos guiados","article_modified_time":"2021-07-22T08:45:07+00:00","og_image":[{"url":"https:\/\/www.paypalobjects.com\/fr_FR\/i\/scr\/pixel.gif","type":"","width":"","height":""}],"twitter_card":"summary_large_image","twitter_misc":{"Dur\u00e9e de lecture estim\u00e9e":"6 minutes"},"schema":{"@context":"https:\/\/schema.org","@graph":[{"@type":"WebPage","@id":"https:\/\/www.tours-in-provence.com\/es\/reservar","url":"https:\/\/www.tours-in-provence.com\/es\/reservar","name":"Reservar su visita guiada o translado en la Provenza con coche particular","isPartOf":{"@id":"https:\/\/www.tours-in-provence.com\/es\/#website"},"primaryImageOfPage":{"@id":"https:\/\/www.tours-in-provence.com\/es\/reservar#primaryimage"},"image":{"@id":"https:\/\/www.tours-in-provence.com\/es\/reservar#primaryimage"},"thumbnailUrl":"https:\/\/www.paypalobjects.com\/fr_FR\/i\/scr\/pixel.gif","datePublished":"2016-10-19T15:35:49+00:00","dateModified":"2021-07-22T08:45:07+00:00","description":"Reservar su visita guiada en coche particular o tambi\u00e9n translados privados. Con Tours in Provence saca el m\u00e1ximo partido de su estancia en la Provenza.","breadcrumb":{"@id":"https:\/\/www.tours-in-provence.com\/es\/reservar#breadcrumb"},"inLanguage":"fr-FR","potentialAction":[{"@type":"ReadAction","target":["https:\/\/www.tours-in-provence.com\/es\/reservar"]}]},{"@type":"ImageObject","inLanguage":"fr-FR","@id":"https:\/\/www.tours-in-provence.com\/es\/reservar#primaryimage","url":"https:\/\/www.paypalobjects.com\/fr_FR\/i\/scr\/pixel.gif","contentUrl":"https:\/\/www.paypalobjects.com\/fr_FR\/i\/scr\/pixel.gif"},{"@type":"BreadcrumbList","@id":"https:\/\/www.tours-in-provence.com\/es\/reservar#breadcrumb","itemListElement":[{"@type":"ListItem","position":1,"name":"Accueil","item":"https:\/\/www.tours-in-provence.com\/es\/"},{"@type":"ListItem","position":2,"name":"Reservar su visita guiada en la Provenza"}]},{"@type":"WebSite","@id":"https:\/\/www.tours-in-provence.com\/es\/#website","url":"https:\/\/www.tours-in-provence.com\/es\/","name":"Circuitos guiados","description":"Recorridos por Provenza con total libertad","potentialAction":[{"@type":"SearchAction","target":{"@type":"EntryPoint","urlTemplate":"https:\/\/www.tours-in-provence.com\/es\/?s={search_term_string}"},"query-input":{"@type":"PropertyValueSpecification","valueRequired":true,"valueName":"search_term_string"}}],"inLanguage":"fr-FR"}]}},"_links":{"self":[{"href":"https:\/\/www.tours-in-provence.com\/es\/wp-json\/wp\/v2\/pages\/4984","targetHints":{"allow":["GET"]}}],"collection":[{"href":"https:\/\/www.tours-in-provence.com\/es\/wp-json\/wp\/v2\/pages"}],"about":[{"href":"https:\/\/www.tours-in-provence.com\/es\/wp-json\/wp\/v2\/types\/page"}],"author":[{"embeddable":true,"href":"https:\/\/www.tours-in-provence.com\/es\/wp-json\/wp\/v2\/users\/1"}],"replies":[{"embeddable":true,"href":"https:\/\/www.tours-in-provence.com\/es\/wp-json\/wp\/v2\/comments?post=4984"}],"version-history":[{"count":4,"href":"https:\/\/www.tours-in-provence.com\/es\/wp-json\/wp\/v2\/pages\/4984\/revisions"}],"predecessor-version":[{"id":5942,"href":"https:\/\/www.tours-in-provence.com\/es\/wp-json\/wp\/v2\/pages\/4984\/revisions\/5942"}],"wp:attachment":[{"href":"https:\/\/www.tours-in-provence.com\/es\/wp-json\/wp\/v2\/media?parent=4984"}],"curies":[{"name":"wp","href":"https:\/\/api.w.org\/{rel}","templated":true}]}}