{"id":4105,"date":"2016-04-27T14:03:28","date_gmt":"2016-04-27T12:03:28","guid":{"rendered":"http:\/\/www.tours-in-provence.com\/fr\/?page_id=4105"},"modified":"2020-02-27T00:11:29","modified_gmt":"2020-02-26T23:11:29","slug":"guide-circuit-individuel","status":"publish","type":"page","link":"https:\/\/www.tours-in-provence.com\/fr\/guide-circuit-individuel","title":{"rendered":"Votre Guide . Votre voiture . Votre Circuit en Provence"},"content":{"rendered":"<p>[vc_row css=\u00a0\u00bb.vc_custom_1464360469166{background-color: #f1edc5 !important;}\u00a0\u00bb][vc_column width=\u00a0\u00bb1\/2&Prime;][vc_single_image image=\u00a0\u00bb7&Prime; img_size=\u00a0\u00bblarge\u00a0\u00bb title=\u00a0\u00bbC\u00e9cile, Votre guide\u00a0\u00bb][vc_empty_space height=\u00a0\u00bb15px\u00a0\u00bb][vc_row_inner][vc_column_inner width=\u00a0\u00bb1\/2&Prime;][vc_column_text]<strong><span style=\"color: #000000;\"><em>Tours in Provence<br \/>\n<\/em>est une marque d\u00e9pos\u00e9e.<\/span><\/strong><br \/>\n<span style=\"color: #000000;\"><strong>.<\/strong> Dipl\u00f4me de Guide R\u00e9gional Interpr\u00e8te ( anglais espagnol ).<br \/>\n<strong>.<\/strong> Carte Professionnelle de Guide &#8211; Conferencier d\u00e9livr\u00e9e par Le Minist\u00e8re Charg\u00e9 du Tourisme et Le Minist\u00e8re Charg\u00e9 de La Culture. . Certificat et de Capacit\u00e9 Professionnelle de Transport National et International par Route de Personnes<br \/>\n<strong>.<\/strong> Licencen\u00b0 2020\/93\/0000175<br \/>\n<\/span>[\/vc_column_text][\/vc_column_inner][vc_column_inner el_class=\u00a0\u00bbcadreguide\u00a0\u00bb width=\u00a0\u00bb1\/2&Prime;][vc_empty_space][vc_column_text]<span style=\"color: #000000;\">Pour les \u00e9v\u00e9nements ponctuels comme :<\/span><br \/>\n<span style=\"color: #000000;\"><strong>. les sortie ornitho<\/strong><\/span><br \/>\n<span style=\"color: #000000;\"><strong>. la qu\u00eate de l\u2019or noir: la truffe \u2026<\/strong><\/span><br \/>\n<a href=\"http:\/\/www.tours-in-provence.com\/fr\/contact\">Nous contacter pour connaitre nos offres et les disponibilit\u00e9s. <\/a>[\/vc_column_text][\/vc_column_inner][\/vc_row_inner][vc_empty_space height=\u00a0\u00bb15px\u00a0\u00bb][vc_column_text]<\/p>\n<h3>T\u00e9moignages :<\/h3>\n<p><em>\u00ab\u00a0Nous avons eu une journ\u00e9e merveilleuse dans\u00a0Luberon\u00a0avec Cecile. C\u00e9cile est venue nous chercher \u00e0 l&rsquo;Isle-sur-la-Sorgue o\u00f9 nous s\u00e9journions, de l\u00e0 nous avons visit\u00e9 Gordes et l&rsquo;abbaye, Roussillon et Goult. Nous avons opt\u00e9 pour un pique-nique et C\u00e9cile a trouv\u00e9 un endroit charmant sous un ch\u00eane entour\u00e9 de champs de lavande. Bien que la lavande n&rsquo;\u00e9tait pas en fleur les cerisiers \u00e9taient\u00a0 eux en fleur, c&rsquo;\u00e9tait idyllique et quelque chose qui sera un moment fort de notre voyage.<\/em><br \/>\n<em>C\u00e9cile \u00e9tait tr\u00e8s agr\u00e9able, bien inform\u00e9 et a r\u00e9pondu tr\u00e8s rapidement \u00e0 nos emails. Nous recommandons fortement son service de voyage.\u00a0\u00bb\u00a0Rosiegirl_59\u00a0Perth Australia<\/em><\/p>\n<p><em>\u00ab\u00a0Nous avons pass\u00e9 une super journ\u00e9e (en famille), notre guide C\u00e9cile nous \u00e0 fait d\u00e9couvrir cet endroit magnifique, la Camargue. (faune et flore). C\u00e9cile est \u00e0 la fois passionn\u00e9e par la nature mais \u00e9galement par sa r\u00e9gion. Tr\u00e8s professionnelle et \u00e0 l&rsquo;\u00e9coute !\u00a0Gentillesse et passion sont les mots \u00e0 retenir de ce \u00ab\u00a0tours\u00a0\u00bb !\u00a0\u00a0A faire en ouvrant grand les yeux et les oreilles! Bonnes vacances \u00e0 toutes et tous.\u00a0\u00bb Commentaires sur Tripadvisor.Isak<\/em>[\/vc_column_text][\/vc_column][vc_column width=\u00a0\u00bb1\/2&Prime;][vc_empty_space height=\u00a0\u00bb15px\u00a0\u00bb][vc_column_text]<\/p>\n<h2><span style=\"color: #000000;\">Votre Guide touristique en Provence<\/span><\/h2>\n<p><span style=\"color: #000000;\">En choisissant de passer une journ\u00e9e avec Tours in Provence, vous d\u00e9couvrirez <span class=\"Style8\">les sites exceptionnels de Provence, \u00e0 votre rythme. <\/span><\/span><\/p>\n<h3>A votre rythme<\/h3>\n<p><span style=\"color: #000000;\">Vous voyagerez en <strong><span class=\"Style8\">voiture priv\u00e9e, climatis\u00e9e<\/span><\/strong>. Je serai \u00e0 votre \u00e9coute afin de comprendre et r\u00e9pondre \u00e0 <strong>vos souhaits de Provence<\/strong>.<\/span><\/p>\n<p><span style=\"color: #000000;\">Nous vous ferons <span class=\"Style8\">d\u00e9couvrir notre Provence,<\/span> <\/span><span class=\"Style8\"><span style=\"color: #000000;\">ses traditions, son patrimoine, le savoir-faire de ses artisans, son dynamisme culturel\u2026<\/span> <\/span><\/p>\n<h3>Un Guide professionnel<\/h3>\n<p><span style=\"color: #000000;\"><strong>N\u00e9e \u00e0 Aix-en-Provence<\/strong>, je connais bien ma r\u00e9gion que j\u2019aime red\u00e9couvrir \u00e0 chaque saison. Je parle couramment Anglais et Espagnol puisque j\u2019ai v\u00e9cu et travaill\u00e9 \u00e0 Londres et Barcelone dans le tourisme pendant 10 ans.<\/span><\/p>\n<p><span style=\"color: #000000;\">C\u2019est <strong>avec grand plaisir et professionnalisme<\/strong> que je vous accueille pour visiter la Provence.<\/span><br \/>\n<span style=\"color: #000000;\">Cette journ\u00e9e est exclusivement pour vous, dessin\u00e9e pour votre famille, pens\u00e9e pour\u00a0 vos amis.<\/span><\/p>\n<p><span style=\"color: #000000;\"><strong><span class=\"Style9\">A tr\u00e8s bient\u00f4t avec Tours in Provence !<\/span><\/strong><\/span><\/p>\n<p style=\"text-align: center;\"><strong><a href=\"http:\/\/www.tours-in-provence.com\/fr\/contact\">C\u00e9cile<\/a><\/strong><\/p>\n<p>[\/vc_column_text][vc_empty_space height=\u00a0\u00bb10px\u00a0\u00bb][vc_single_image image=\u00a0\u00bb5362&Prime; img_size=\u00a0\u00bblarge\u00a0\u00bb onclick=\u00a0\u00bbcustom_link\u00a0\u00bb link=\u00a0\u00bbhttp:\/\/www.tours-in-provence.com\/fr\/alpilles-arles-van-gogh\u00a0\u00bb][\/vc_column][\/vc_row][vc_row][vc_column][vc_single_image image=\u00a0\u00bb4977&Prime; img_size=\u00a0\u00bbfull\u00a0\u00bb][\/vc_column][\/vc_row]<\/p>\n","protected":false},"excerpt":{"rendered":"<p>[vc_row css=\u00a0\u00bb.vc_custom_1464360469166{background-color: #f1edc5 !important;}\u00a0\u00bb][vc_column width=\u00a0\u00bb1\/2&Prime;][vc_single_image image=\u00a0\u00bb7&Prime; img_size=\u00a0\u00bblarge\u00a0\u00bb title=\u00a0\u00bbC\u00e9cile, Votre guide\u00a0\u00bb][vc_empty_space height=\u00a0\u00bb15px\u00a0\u00bb][vc_row_inner][vc_column_inner width=\u00a0\u00bb1\/2&Prime;][vc_column_text]Tours in Provence est une marque d\u00e9pos\u00e9e. . Dipl\u00f4me de Guide R\u00e9gional Interpr\u00e8te ( anglais espagnol ). . Carte Professionnelle de Guide &#8211; Conferencier d\u00e9livr\u00e9e par Le Minist\u00e8re Charg\u00e9 du Tourisme et Le Minist\u00e8re Charg\u00e9 de La Culture. . Certificat et de Capacit\u00e9 Professionnelle &#8230; <a class=\"excerpt-readmore\" href=\"https:\/\/www.tours-in-provence.com\/fr\/guide-circuit-individuel\">Read More<\/a><\/p>\n","protected":false},"author":1,"featured_media":0,"parent":0,"menu_order":0,"comment_status":"closed","ping_status":"closed","template":"","meta":{"footnotes":""},"class_list":["post-4105","page","type-page","status-publish","hentry"],"yoast_head":"<!-- This site is optimized with the Yoast SEO plugin v26.9 - https:\/\/yoast.com\/product\/yoast-seo-wordpress\/ -->\n<title>Guide individuel, votre voiture, votre circuit en Provence<\/title>\n<meta name=\"description\" content=\"C\u00e9cile, guide et chauffeur particulier propose des circuits d&#039;une journ\u00e9e et des transferts priv\u00e9s en Provence dans minivan climatis\u00e9 pour 7 personnes maxi.\" \/>\n<meta name=\"robots\" content=\"index, follow, max-snippet:-1, max-image-preview:large, max-video-preview:-1\" \/>\n<link rel=\"canonical\" href=\"https:\/\/www.tours-in-provence.com\/fr\/guide-circuit-individuel\" \/>\n<meta property=\"og:locale\" content=\"fr_FR\" \/>\n<meta property=\"og:type\" content=\"article\" \/>\n<meta property=\"og:title\" content=\"Guide individuel, votre voiture, votre circuit en Provence\" \/>\n<meta property=\"og:description\" content=\"C\u00e9cile, guide et chauffeur particulier propose des circuits d&#039;une journ\u00e9e et des transferts priv\u00e9s en Provence dans minivan climatis\u00e9 pour 7 personnes maxi.\" \/>\n<meta property=\"og:url\" content=\"https:\/\/www.tours-in-provence.com\/fr\/guide-circuit-individuel\" \/>\n<meta property=\"og:site_name\" content=\"Circuits touristiques\" \/>\n<meta property=\"article:modified_time\" content=\"2020-02-26T23:11:29+00:00\" \/>\n<meta name=\"twitter:card\" content=\"summary_large_image\" \/>\n<meta name=\"twitter:label1\" content=\"Dur\u00e9e de lecture estim\u00e9e\" \/>\n\t<meta name=\"twitter:data1\" content=\"3 minutes\" \/>\n<script type=\"application\/ld+json\" class=\"yoast-schema-graph\">{\"@context\":\"https:\/\/schema.org\",\"@graph\":[{\"@type\":\"WebPage\",\"@id\":\"https:\/\/www.tours-in-provence.com\/fr\/guide-circuit-individuel\",\"url\":\"https:\/\/www.tours-in-provence.com\/fr\/guide-circuit-individuel\",\"name\":\"Guide individuel, votre voiture, votre circuit en Provence\",\"isPartOf\":{\"@id\":\"https:\/\/www.tours-in-provence.com\/fr\/#website\"},\"datePublished\":\"2016-04-27T12:03:28+00:00\",\"dateModified\":\"2020-02-26T23:11:29+00:00\",\"description\":\"C\u00e9cile, guide et chauffeur particulier propose des circuits d'une journ\u00e9e et des transferts priv\u00e9s en Provence dans minivan climatis\u00e9 pour 7 personnes maxi.\",\"breadcrumb\":{\"@id\":\"https:\/\/www.tours-in-provence.com\/fr\/guide-circuit-individuel#breadcrumb\"},\"inLanguage\":\"fr-FR\",\"potentialAction\":[{\"@type\":\"ReadAction\",\"target\":[\"https:\/\/www.tours-in-provence.com\/fr\/guide-circuit-individuel\"]}]},{\"@type\":\"BreadcrumbList\",\"@id\":\"https:\/\/www.tours-in-provence.com\/fr\/guide-circuit-individuel#breadcrumb\",\"itemListElement\":[{\"@type\":\"ListItem\",\"position\":1,\"name\":\"Accueil\",\"item\":\"https:\/\/www.tours-in-provence.com\/fr\/\"},{\"@type\":\"ListItem\",\"position\":2,\"name\":\"Votre Guide . Votre voiture . Votre Circuit en Provence\"}]},{\"@type\":\"WebSite\",\"@id\":\"https:\/\/www.tours-in-provence.com\/fr\/#website\",\"url\":\"https:\/\/www.tours-in-provence.com\/fr\/\",\"name\":\"Circuits touristiques\",\"description\":\"Circuits touristiques en toute libert\u00e9\",\"potentialAction\":[{\"@type\":\"SearchAction\",\"target\":{\"@type\":\"EntryPoint\",\"urlTemplate\":\"https:\/\/www.tours-in-provence.com\/fr\/?s={search_term_string}\"},\"query-input\":{\"@type\":\"PropertyValueSpecification\",\"valueRequired\":true,\"valueName\":\"search_term_string\"}}],\"inLanguage\":\"fr-FR\"}]}<\/script>\n<!-- \/ Yoast SEO plugin. -->","yoast_head_json":{"title":"Guide individuel, votre voiture, votre circuit en Provence","description":"C\u00e9cile, guide et chauffeur particulier propose des circuits d'une journ\u00e9e et des transferts priv\u00e9s en Provence dans minivan climatis\u00e9 pour 7 personnes maxi.","robots":{"index":"index","follow":"follow","max-snippet":"max-snippet:-1","max-image-preview":"max-image-preview:large","max-video-preview":"max-video-preview:-1"},"canonical":"https:\/\/www.tours-in-provence.com\/fr\/guide-circuit-individuel","og_locale":"fr_FR","og_type":"article","og_title":"Guide individuel, votre voiture, votre circuit en Provence","og_description":"C\u00e9cile, guide et chauffeur particulier propose des circuits d'une journ\u00e9e et des transferts priv\u00e9s en Provence dans minivan climatis\u00e9 pour 7 personnes maxi.","og_url":"https:\/\/www.tours-in-provence.com\/fr\/guide-circuit-individuel","og_site_name":"Circuits touristiques","article_modified_time":"2020-02-26T23:11:29+00:00","twitter_card":"summary_large_image","twitter_misc":{"Dur\u00e9e de lecture estim\u00e9e":"3 minutes"},"schema":{"@context":"https:\/\/schema.org","@graph":[{"@type":"WebPage","@id":"https:\/\/www.tours-in-provence.com\/fr\/guide-circuit-individuel","url":"https:\/\/www.tours-in-provence.com\/fr\/guide-circuit-individuel","name":"Guide individuel, votre voiture, votre circuit en Provence","isPartOf":{"@id":"https:\/\/www.tours-in-provence.com\/fr\/#website"},"datePublished":"2016-04-27T12:03:28+00:00","dateModified":"2020-02-26T23:11:29+00:00","description":"C\u00e9cile, guide et chauffeur particulier propose des circuits d'une journ\u00e9e et des transferts priv\u00e9s en Provence dans minivan climatis\u00e9 pour 7 personnes maxi.","breadcrumb":{"@id":"https:\/\/www.tours-in-provence.com\/fr\/guide-circuit-individuel#breadcrumb"},"inLanguage":"fr-FR","potentialAction":[{"@type":"ReadAction","target":["https:\/\/www.tours-in-provence.com\/fr\/guide-circuit-individuel"]}]},{"@type":"BreadcrumbList","@id":"https:\/\/www.tours-in-provence.com\/fr\/guide-circuit-individuel#breadcrumb","itemListElement":[{"@type":"ListItem","position":1,"name":"Accueil","item":"https:\/\/www.tours-in-provence.com\/fr\/"},{"@type":"ListItem","position":2,"name":"Votre Guide . Votre voiture . Votre Circuit en Provence"}]},{"@type":"WebSite","@id":"https:\/\/www.tours-in-provence.com\/fr\/#website","url":"https:\/\/www.tours-in-provence.com\/fr\/","name":"Circuits touristiques","description":"Circuits touristiques en toute libert\u00e9","potentialAction":[{"@type":"SearchAction","target":{"@type":"EntryPoint","urlTemplate":"https:\/\/www.tours-in-provence.com\/fr\/?s={search_term_string}"},"query-input":{"@type":"PropertyValueSpecification","valueRequired":true,"valueName":"search_term_string"}}],"inLanguage":"fr-FR"}]}},"_links":{"self":[{"href":"https:\/\/www.tours-in-provence.com\/fr\/wp-json\/wp\/v2\/pages\/4105","targetHints":{"allow":["GET"]}}],"collection":[{"href":"https:\/\/www.tours-in-provence.com\/fr\/wp-json\/wp\/v2\/pages"}],"about":[{"href":"https:\/\/www.tours-in-provence.com\/fr\/wp-json\/wp\/v2\/types\/page"}],"author":[{"embeddable":true,"href":"https:\/\/www.tours-in-provence.com\/fr\/wp-json\/wp\/v2\/users\/1"}],"replies":[{"embeddable":true,"href":"https:\/\/www.tours-in-provence.com\/fr\/wp-json\/wp\/v2\/comments?post=4105"}],"version-history":[{"count":1,"href":"https:\/\/www.tours-in-provence.com\/fr\/wp-json\/wp\/v2\/pages\/4105\/revisions"}],"predecessor-version":[{"id":6013,"href":"https:\/\/www.tours-in-provence.com\/fr\/wp-json\/wp\/v2\/pages\/4105\/revisions\/6013"}],"wp:attachment":[{"href":"https:\/\/www.tours-in-provence.com\/fr\/wp-json\/wp\/v2\/media?parent=4105"}],"curies":[{"name":"wp","href":"https:\/\/api.w.org\/{rel}","templated":true}]}}