{"id":4113,"date":"2016-04-27T14:04:24","date_gmt":"2016-04-27T12:04:24","guid":{"rendered":"http:\/\/www.tours-in-provence.com\/fr\/?page_id=4113"},"modified":"2016-11-13T17:46:40","modified_gmt":"2016-11-13T16:46:40","slug":"album-photos","status":"publish","type":"page","link":"https:\/\/www.tours-in-provence.com\/fr\/album-photos","title":{"rendered":"Album Photos de Provence"},"content":{"rendered":"<p><span style=\"color: #000000;\">RETROUVEZ TOUS LES CIRCUITS PROPOSES PAR TOURS IN PROVENCE!<\/span><\/p>\n<h3><a href=\"http:\/\/www.tours-in-provence.com\/fr\/alpilles-arles-van-gogh\">Les Alpilles <\/a>:<\/h3>\n<p>Les Alpilles et Arles<\/p>\n<h3><a href=\"http:\/\/www.tours-in-provence.com\/fr\/circuit-verdon\">Les Gorges du Verdon <\/a>:<\/h3>\n<p>Points de vue saisissants, paysage grandiose, le canyon du Verdon est l\u2019un des plus beaux sites naturels de Provence.<\/p>\n<h3><a href=\"http:\/\/www.tours-in-provence.com\/fr\/circuit-luberon\">Le Luberon <\/a>:<\/h3>\n<div class=\"intro-text-wrap row\">\n<div class=\"intro-text columns twelve\">\n<div>\n<div class=\"post-titles entry-header\">Parc Naturel R\u00e9gional du Luberon<\/div>\n<\/div>\n<div class=\"row main-row\">Cette r\u00e9gion situ\u00e9e entre les Alpes et la M\u00e9diterran\u00e9e offre une grande diversit\u00e9 de paysages.<\/div>\n<\/div>\n<\/div>\n<h3><a href=\"http:\/\/www.tours-in-provence.com\/fr\/circuit-camargue\">La Camargue <\/a>:<\/h3>\n<p>La Camargue est fa\u00e7onn\u00e9e par l\u2019action conjugu\u00e9e du fleuve Rh\u00f4ne, de la mer M\u00e9diterran\u00e9e et du Mistral.<\/p>\n<h3><a href=\"http:\/\/www.tours-in-provence.com\/fr\/circuit-individuel\">Circuit individuel Provence<\/a><\/h3>\n<p>&nbsp;<\/p>\n","protected":false},"excerpt":{"rendered":"<p>RETROUVEZ TOUS LES CIRCUITS PROPOSES PAR TOURS IN PROVENCE! Les Alpilles : Les Alpilles et Arles Les Gorges du Verdon : Points de vue saisissants, paysage grandiose, le canyon du Verdon est l\u2019un des plus beaux sites naturels de Provence. Le Luberon : Parc Naturel R\u00e9gional du Luberon Cette r\u00e9gion situ\u00e9e entre les Alpes et &#8230; <a class=\"excerpt-readmore\" href=\"https:\/\/www.tours-in-provence.com\/fr\/album-photos\">Read More<\/a><\/p>\n","protected":false},"author":1,"featured_media":0,"parent":0,"menu_order":0,"comment_status":"closed","ping_status":"closed","template":"","meta":{"footnotes":""},"class_list":["post-4113","page","type-page","status-publish","hentry"],"yoast_head":"<!-- This site is optimized with the Yoast SEO plugin v26.9 - https:\/\/yoast.com\/product\/yoast-seo-wordpress\/ -->\n<title>Album Photos Provence, Alpilles, Camargue, Luberon<\/title>\n<meta name=\"description\" content=\"Album Photos de Tours in Provence Alpilles, Camargue, Luberon, paysages grandioses, sites insolites, riche patrimoine Arles, Aix, Marseille, Avignon ...\" \/>\n<meta name=\"robots\" content=\"index, follow, max-snippet:-1, max-image-preview:large, max-video-preview:-1\" \/>\n<link rel=\"canonical\" href=\"https:\/\/www.tours-in-provence.com\/fr\/album-photos\" \/>\n<meta property=\"og:locale\" content=\"fr_FR\" \/>\n<meta property=\"og:type\" content=\"article\" \/>\n<meta property=\"og:title\" content=\"Album Photos Provence, Alpilles, Camargue, Luberon\" \/>\n<meta property=\"og:description\" content=\"Album Photos de Tours in Provence Alpilles, Camargue, Luberon, paysages grandioses, sites insolites, riche patrimoine Arles, Aix, Marseille, Avignon ...\" \/>\n<meta property=\"og:url\" content=\"https:\/\/www.tours-in-provence.com\/fr\/album-photos\" \/>\n<meta property=\"og:site_name\" content=\"Circuits touristiques\" \/>\n<meta property=\"article:modified_time\" content=\"2016-11-13T16:46:40+00:00\" \/>\n<meta name=\"twitter:card\" content=\"summary_large_image\" \/>\n<script type=\"application\/ld+json\" class=\"yoast-schema-graph\">{\"@context\":\"https:\/\/schema.org\",\"@graph\":[{\"@type\":\"WebPage\",\"@id\":\"https:\/\/www.tours-in-provence.com\/fr\/album-photos\",\"url\":\"https:\/\/www.tours-in-provence.com\/fr\/album-photos\",\"name\":\"Album Photos Provence, Alpilles, Camargue, Luberon\",\"isPartOf\":{\"@id\":\"https:\/\/www.tours-in-provence.com\/fr\/#website\"},\"datePublished\":\"2016-04-27T12:04:24+00:00\",\"dateModified\":\"2016-11-13T16:46:40+00:00\",\"description\":\"Album Photos de Tours in Provence Alpilles, Camargue, Luberon, paysages grandioses, sites insolites, riche patrimoine Arles, Aix, Marseille, Avignon ...\",\"breadcrumb\":{\"@id\":\"https:\/\/www.tours-in-provence.com\/fr\/album-photos#breadcrumb\"},\"inLanguage\":\"fr-FR\",\"potentialAction\":[{\"@type\":\"ReadAction\",\"target\":[\"https:\/\/www.tours-in-provence.com\/fr\/album-photos\"]}]},{\"@type\":\"BreadcrumbList\",\"@id\":\"https:\/\/www.tours-in-provence.com\/fr\/album-photos#breadcrumb\",\"itemListElement\":[{\"@type\":\"ListItem\",\"position\":1,\"name\":\"Accueil\",\"item\":\"https:\/\/www.tours-in-provence.com\/fr\/\"},{\"@type\":\"ListItem\",\"position\":2,\"name\":\"Album Photos de Provence\"}]},{\"@type\":\"WebSite\",\"@id\":\"https:\/\/www.tours-in-provence.com\/fr\/#website\",\"url\":\"https:\/\/www.tours-in-provence.com\/fr\/\",\"name\":\"Circuits touristiques\",\"description\":\"Circuits touristiques en toute libert\u00e9\",\"potentialAction\":[{\"@type\":\"SearchAction\",\"target\":{\"@type\":\"EntryPoint\",\"urlTemplate\":\"https:\/\/www.tours-in-provence.com\/fr\/?s={search_term_string}\"},\"query-input\":{\"@type\":\"PropertyValueSpecification\",\"valueRequired\":true,\"valueName\":\"search_term_string\"}}],\"inLanguage\":\"fr-FR\"}]}<\/script>\n<!-- \/ Yoast SEO plugin. -->","yoast_head_json":{"title":"Album Photos Provence, Alpilles, Camargue, Luberon","description":"Album Photos de Tours in Provence Alpilles, Camargue, Luberon, paysages grandioses, sites insolites, riche patrimoine Arles, Aix, Marseille, Avignon ...","robots":{"index":"index","follow":"follow","max-snippet":"max-snippet:-1","max-image-preview":"max-image-preview:large","max-video-preview":"max-video-preview:-1"},"canonical":"https:\/\/www.tours-in-provence.com\/fr\/album-photos","og_locale":"fr_FR","og_type":"article","og_title":"Album Photos Provence, Alpilles, Camargue, Luberon","og_description":"Album Photos de Tours in Provence Alpilles, Camargue, Luberon, paysages grandioses, sites insolites, riche patrimoine Arles, Aix, Marseille, Avignon ...","og_url":"https:\/\/www.tours-in-provence.com\/fr\/album-photos","og_site_name":"Circuits touristiques","article_modified_time":"2016-11-13T16:46:40+00:00","twitter_card":"summary_large_image","schema":{"@context":"https:\/\/schema.org","@graph":[{"@type":"WebPage","@id":"https:\/\/www.tours-in-provence.com\/fr\/album-photos","url":"https:\/\/www.tours-in-provence.com\/fr\/album-photos","name":"Album Photos Provence, Alpilles, Camargue, Luberon","isPartOf":{"@id":"https:\/\/www.tours-in-provence.com\/fr\/#website"},"datePublished":"2016-04-27T12:04:24+00:00","dateModified":"2016-11-13T16:46:40+00:00","description":"Album Photos de Tours in Provence Alpilles, Camargue, Luberon, paysages grandioses, sites insolites, riche patrimoine Arles, Aix, Marseille, Avignon ...","breadcrumb":{"@id":"https:\/\/www.tours-in-provence.com\/fr\/album-photos#breadcrumb"},"inLanguage":"fr-FR","potentialAction":[{"@type":"ReadAction","target":["https:\/\/www.tours-in-provence.com\/fr\/album-photos"]}]},{"@type":"BreadcrumbList","@id":"https:\/\/www.tours-in-provence.com\/fr\/album-photos#breadcrumb","itemListElement":[{"@type":"ListItem","position":1,"name":"Accueil","item":"https:\/\/www.tours-in-provence.com\/fr\/"},{"@type":"ListItem","position":2,"name":"Album Photos de Provence"}]},{"@type":"WebSite","@id":"https:\/\/www.tours-in-provence.com\/fr\/#website","url":"https:\/\/www.tours-in-provence.com\/fr\/","name":"Circuits touristiques","description":"Circuits touristiques en toute libert\u00e9","potentialAction":[{"@type":"SearchAction","target":{"@type":"EntryPoint","urlTemplate":"https:\/\/www.tours-in-provence.com\/fr\/?s={search_term_string}"},"query-input":{"@type":"PropertyValueSpecification","valueRequired":true,"valueName":"search_term_string"}}],"inLanguage":"fr-FR"}]}},"_links":{"self":[{"href":"https:\/\/www.tours-in-provence.com\/fr\/wp-json\/wp\/v2\/pages\/4113","targetHints":{"allow":["GET"]}}],"collection":[{"href":"https:\/\/www.tours-in-provence.com\/fr\/wp-json\/wp\/v2\/pages"}],"about":[{"href":"https:\/\/www.tours-in-provence.com\/fr\/wp-json\/wp\/v2\/types\/page"}],"author":[{"embeddable":true,"href":"https:\/\/www.tours-in-provence.com\/fr\/wp-json\/wp\/v2\/users\/1"}],"replies":[{"embeddable":true,"href":"https:\/\/www.tours-in-provence.com\/fr\/wp-json\/wp\/v2\/comments?post=4113"}],"version-history":[{"count":0,"href":"https:\/\/www.tours-in-provence.com\/fr\/wp-json\/wp\/v2\/pages\/4113\/revisions"}],"wp:attachment":[{"href":"https:\/\/www.tours-in-provence.com\/fr\/wp-json\/wp\/v2\/media?parent=4113"}],"curies":[{"name":"wp","href":"https:\/\/api.w.org\/{rel}","templated":true}]}}