{"id":4542,"date":"2016-05-24T19:06:40","date_gmt":"2016-05-24T17:06:40","guid":{"rendered":"http:\/\/www.tours-in-provence.com\/fr\/alpilles-copy"},"modified":"2026-01-21T12:08:18","modified_gmt":"2026-01-21T11:08:18","slug":"circuit-camargue","status":"publish","type":"page","link":"https:\/\/www.tours-in-provence.com\/fr\/circuit-camargue","title":{"rendered":"Excursion en Camargue"},"content":{"rendered":"<p>[vc_row][vc_column width=\u00a0\u00bb1\/2&Prime;][vc_empty_space height=\u00a0\u00bb15px\u00a0\u00bb][rev_slider_vc alias=\u00a0\u00bbcamargue-ptt\u00a0\u00bb][vc_empty_space height=\u00a0\u00bb15px\u00a0\u00bb][vc_row_inner content_placement=\u00a0\u00bbmiddle\u00a0\u00bb css=\u00a0\u00bb.vc_custom_1464118205599{padding-left: 5px !important;}\u00a0\u00bb][vc_column_inner width=\u00a0\u00bb1\/2&Prime;][vc_single_image image=\u00a0\u00bb4591&Prime; img_size=\u00a0\u00bbmedium\u00a0\u00bb alignment=\u00a0\u00bbcenter\u00a0\u00bb style=\u00a0\u00bbvc_box_shadow\u00a0\u00bb onclick=\u00a0\u00bbimg_link_large\u00a0\u00bb img_link_target=\u00a0\u00bb_blank\u00a0\u00bb][\/vc_column_inner][vc_column_inner width=\u00a0\u00bb1\/2&Prime;][vc_message message_box_style=\u00a0\u00bb3d\u00a0\u00bb message_box_color=\u00a0\u00bbblue\u00a0\u00bb icon_fontawesome=\u00a0\u00bbfa fa-camera-retro\u00a0\u00bb]<span style=\"color: #333333\"><a style=\"color: #333333\" href=\"http:\/\/www.tours-in-provence.com\/fr\/album-photos\">Pour plus de photos voir l\u2019album de C\u00e9cile<\/a><\/span>[\/vc_message][\/vc_column_inner][\/vc_row_inner][\/vc_column][vc_column width=\u00a0\u00bb1\/2&Prime;][vc_column_text]<\/p>\n<h3>Explorer la Camargue !<\/h3>\n<p><span style=\"color: #000000\">La Camargue, cette <strong>immense plaine<\/strong> alluvionnaire, n\u00e9e et fa\u00e7onn\u00e9e par l\u2019action conjugu\u00e9e du fleuve Rh\u00f4ne, de la mer M\u00e9diterran\u00e9e et du Mistral, nous surprendra par la richesse de sa <strong>flore et faune<\/strong>.<\/span><br \/>\n<span style=\"color: #000000\">Le delta du Rh\u00f4ne paysage unique en France, le <strong>Parc naturel de Camargue<\/strong> a \u00e9t\u00e9 cr\u00e9\u00e9 en 1970 mais la nature y est sauvegard\u00e9e depuis 1928 date de cr\u00e9ation de la R\u00e9serve nationale.<\/span><\/p>\n<p><span style=\"color: #000000\"><strong>La riziculture<\/strong> dessine le paysage camarguais et contribue \u00e0 l\u2019\u00e9quilibre \u00e9cologique du delta. En effet, elle apporte la quantit\u00e9 n\u00e9cessaire d\u2019eau douce \u00e0 cet eco-syst\u00e8me fragile. L\u2019appellation : Riz de Camargue<\/span><br \/>\n<span style=\"color: #000000\">t\u00e9moigne de l\u2019originalit\u00e9 de ce produit du terroir.<\/span><br \/>\n<span style=\"color: #000000\">Les flamants roses, les chevaux et les taureaux sont les symboles incontournables.<\/span><\/p>\n<p><span style=\"color: #000000\">Vous pourrez aussi <a href=\"https:\/\/www.tours-in-provence.com\/fr\/circuit-ornithologique\">observer de nombreux oiseaux<\/a> migrateurs qui trouvent dans cette zone humide, riche en alluvions, l\u2019endroit id\u00e9al pour y s\u00e9journer au printemps et en automne. Les amateurs pourront les d\u00e9couvrir depuis le la r\u00e9serve ornithologique de Pont de Gau au cours d\u2019un circuit nature. La Camargue est le <strong>paradis pour les oiseaux<\/strong> de nombreux y sont s\u00e9dentaires d\u2019autre de passage. Cette zone humide est un endroit id\u00e9al pour observer les grande migrations surtout celle des grues. Nous pourrons observer des Flamants Roses, Echasses Blanches, Avocettes, Rousserolles, Cygnes sauvages et bien d\u2019autres.<img loading=\"lazy\" decoding=\"async\" class=\"alignright wp-image-4577 size-thumbnail\" src=\"http:\/\/www.tours-in-provence.com\/fr\/wp-content\/uploads\/sites\/9\/2016\/05\/flamant-rose-150x150.jpg\" alt=\"flamant-rose\" width=\"150\" height=\"150\" \/><\/span><\/p>\n<p><span style=\"color: #000000\">Nous irons aux <strong>Saintes-Maries-de-la-Mer<\/strong>, haut lieu de p\u00e8lerinage et de traditions proven\u00e7ales, ce village situ\u00e9 entre ciel et mer poss\u00e8de une \u00e9glise-forteresse du IX\u00e8me si\u00e8cle et un mus\u00e9e consacr\u00e9 aux traditions camarguaises.<\/span><\/p>\n<p>&nbsp;<\/p>\n<p><span style=\"color: #000000\"><strong>Option:<\/strong> monter \u00e0 cheval<br \/>\n<\/span><\/p>\n<p><span style=\"color: #000000\"><strong>Option:<\/strong> mus\u00e9e ornithologique Pont de Gau.<\/span>[\/vc_column_text][vc_empty_space height=\u00a0\u00bb15px\u00a0\u00bb][vc_row_inner][vc_column_inner width=\u00a0\u00bb1\/3&Prime;][\/vc_column_inner][vc_column_inner width=\u00a0\u00bb1\/3&Prime;][vc_btn title=\u00a0\u00bbTARIFS &amp; INFORMATIONS\u00a0\u00bb color=\u00a0\u00bbwarning\u00a0\u00bb align=\u00a0\u00bbcenter\u00a0\u00bb link=\u00a0\u00bburl:http%3A%2F%2Fwww.tours-in-provence.com%2Ffr%2Freservation-circuit-provence||\u00a0\u00bb][\/vc_column_inner][vc_column_inner width=\u00a0\u00bb1\/3&Prime;][\/vc_column_inner][\/vc_row_inner][\/vc_column][\/vc_row][vc_row css=\u00a0\u00bb.vc_custom_1463128062500{background-color: #dd9933 !important;}\u00a0\u00bb][vc_column width=\u00a0\u00bb1\/3&Prime;][vc_empty_space height=\u00a0\u00bb5px\u00a0\u00bb][vc_column_text]<\/p>\n<h3><span style=\"color: #ffffff\">Id\u00e9es de Circuits \u00e0 la Carte<\/span><\/h3>\n<hr \/>\n<p><span style=\"color: #ffffff\"> <a style=\"color: #ffffff\" href=\"http:\/\/paca.lpo.fr\/\" target=\"_blank\" rel=\"noopener noreferrer\"><img loading=\"lazy\" decoding=\"async\" class=\"alignleft wp-image-5309\" src=\"http:\/\/www.tours-in-provence.com\/fr\/wp-content\/uploads\/sites\/9\/2016\/05\/lpo-paca-150x150.jpg\" alt=\"oiseaux camargue\" width=\"73\" height=\"73\" srcset=\"https:\/\/www.tours-in-provence.com\/fr\/wp-content\/uploads\/sites\/9\/2016\/05\/lpo-paca-150x150.jpg 150w, https:\/\/www.tours-in-provence.com\/fr\/wp-content\/uploads\/sites\/9\/2016\/05\/lpo-paca.jpg 225w\" sizes=\"auto, (max-width: 73px) 100vw, 73px\" \/><\/a><strong>Ligue pour la Protection des Oiseaux<br \/>\n<\/strong>Sauvegarde de la faune sauvage. Action pour la biodiversit\u00e9<br \/>\n+ <a style=\"color: #ffffff\" href=\"http:\/\/paca.lpo.fr\/\">en savoir plus<\/a><\/span><\/p>\n<hr \/>\n<p><span style=\"color: #ffffff\"> <a style=\"color: #ffffff\" href=\"http:\/\/www.tours-in-provence.com\/fr\/vins\"><img loading=\"lazy\" decoding=\"async\" class=\"alignleft wp-image-4779\" src=\"http:\/\/www.tours-in-provence.com\/fr\/wp-content\/uploads\/sites\/9\/2016\/06\/vignoble-150x150.jpg\" alt=\"vins\" width=\"100\" height=\"66\" srcset=\"https:\/\/www.tours-in-provence.com\/fr\/wp-content\/uploads\/sites\/9\/2016\/06\/vignoble-300x199.jpg 300w, https:\/\/www.tours-in-provence.com\/fr\/wp-content\/uploads\/sites\/9\/2016\/06\/vignoble-768x510.jpg 768w, https:\/\/www.tours-in-provence.com\/fr\/wp-content\/uploads\/sites\/9\/2016\/06\/vignoble-1024x680.jpg 1024w, https:\/\/www.tours-in-provence.com\/fr\/wp-content\/uploads\/sites\/9\/2016\/06\/vignoble.jpg 2000w\" sizes=\"auto, (max-width: 100px) 100vw, 100px\" \/><\/a><strong>Vins de Provence<br \/>\n<\/strong>Circuit des vignobles. D\u00e9gustation de vins Ros\u00e9 &#8230;<br \/>\n+ <a style=\"color: #ffffff\" href=\"http:\/\/www.tours-in-provence.com\/fr\/vins\">en savoir plus<\/a><\/span><\/p>\n<hr \/>\n<p><span style=\"color: #ffffff\"> <a style=\"color: #ffffff\" href=\"http:\/\/www.tours-in-provence.com\/fr\/circuit-mediterranee\"><img loading=\"lazy\" decoding=\"async\" class=\"alignleft wp-image-4872\" src=\"http:\/\/www.tours-in-provence.com\/fr\/wp-content\/uploads\/sites\/9\/2016\/10\/cassis-sea-side-150x150.jpg\" alt=\"cassis-mer\" width=\"100\" height=\"75\" srcset=\"https:\/\/www.tours-in-provence.com\/fr\/wp-content\/uploads\/sites\/9\/2016\/10\/cassis-sea-side-300x225.jpg 300w, https:\/\/www.tours-in-provence.com\/fr\/wp-content\/uploads\/sites\/9\/2016\/10\/cassis-sea-side-768x576.jpg 768w, https:\/\/www.tours-in-provence.com\/fr\/wp-content\/uploads\/sites\/9\/2016\/10\/cassis-sea-side-1024x768.jpg 1024w, https:\/\/www.tours-in-provence.com\/fr\/wp-content\/uploads\/sites\/9\/2016\/10\/cassis-sea-side.jpg 1038w\" sizes=\"auto, (max-width: 100px) 100vw, 100px\" \/><\/a><strong>Une journ\u00e9e sur la c\u00f4te mediterran\u00e9enne<br \/>\n<\/strong>Visite de Cassis et la m\u00e9tropole de Marseille &#8230;<br \/>\n+ <a style=\"color: #ffffff\" href=\"http:\/\/www.tours-in-provence.com\/fr\/circuit-mediterranee\">en savoir plus<\/a><\/span><\/p>\n<hr \/>\n<p><span style=\"color: #ffffff\"> <a style=\"color: #ffffff\" href=\"http:\/\/www.tours-in-provence.com\/fr\/van-gogh-arles-st-remy\"><img loading=\"lazy\" decoding=\"async\" class=\"alignleft wp-image-4980\" src=\"http:\/\/www.tours-in-provence.com\/fr\/wp-content\/uploads\/sites\/9\/2016\/10\/van-gogh-la-moisson-gd-150x150.jpg\" alt=\"van-gogh-la-moisson\" width=\"100\" height=\"66\" srcset=\"https:\/\/www.tours-in-provence.com\/fr\/wp-content\/uploads\/sites\/9\/2016\/10\/van-gogh-la-moisson-gd-300x199.jpg 300w, https:\/\/www.tours-in-provence.com\/fr\/wp-content\/uploads\/sites\/9\/2016\/10\/van-gogh-la-moisson-gd-768x510.jpg 768w, https:\/\/www.tours-in-provence.com\/fr\/wp-content\/uploads\/sites\/9\/2016\/10\/van-gogh-la-moisson-gd-1024x680.jpg 1024w, https:\/\/www.tours-in-provence.com\/fr\/wp-content\/uploads\/sites\/9\/2016\/10\/van-gogh-la-moisson-gd.jpg 2000w\" sizes=\"auto, (max-width: 100px) 100vw, 100px\" \/><\/a><strong> Van Gogh Arles St R\u00e9my<br \/>\n<\/strong>A Arles rt St R\u00e9my, Van Gogh a peint des oeuvres ma\u00eetresses &#8230; + <a style=\"color: #ffffff\" href=\"http:\/\/www.tours-in-provence.com\/fr\/van-gogh-arles-st-remy\">en savoir plus<\/a><\/span><\/p>\n<hr \/>\n<p><span style=\"color: #ffffff\"> <a style=\"color: #ffffff\" href=\"http:\/\/www.tours-in-provence.com\/fr\/cezanne-paysages\"><img loading=\"lazy\" decoding=\"async\" class=\"alignleft wp-image-4910\" src=\"http:\/\/www.tours-in-provence.com\/fr\/wp-content\/uploads\/sites\/9\/2015\/07\/La-montagne-Sainte-Victoire-au-grand-pin-Vers-1887-huile-sur-toile-66-x-90-cm-Londres-Courtauld-Institute-Galleries-150x150.jpg\" alt=\"la-montagne-sainte-victoire\" width=\"100\" height=\"73\" srcset=\"https:\/\/www.tours-in-provence.com\/fr\/wp-content\/uploads\/sites\/9\/2015\/07\/La-montagne-Sainte-Victoire-au-grand-pin-Vers-1887-huile-sur-toile-66-x-90-cm-Londres-Courtauld-Institute-Galleries-300x220.jpg 300w, https:\/\/www.tours-in-provence.com\/fr\/wp-content\/uploads\/sites\/9\/2015\/07\/La-montagne-Sainte-Victoire-au-grand-pin-Vers-1887-huile-sur-toile-66-x-90-cm-Londres-Courtauld-Institute-Galleries-768x562.jpg 768w, https:\/\/www.tours-in-provence.com\/fr\/wp-content\/uploads\/sites\/9\/2015\/07\/La-montagne-Sainte-Victoire-au-grand-pin-Vers-1887-huile-sur-toile-66-x-90-cm-Londres-Courtauld-Institute-Galleries.jpg 960w\" sizes=\"auto, (max-width: 100px) 100vw, 100px\" \/><\/a><strong>Les paysages de Paul Cezanne<br \/>\n<\/strong>Les paysages qui ont inspir\u00e9 le peintre connu dans le monde entier&#8230; + <a style=\"color: #ffffff\" href=\"http:\/\/www.tours-in-provence.com\/fr\/cezanne-paysages\">en savoir plus<\/a><\/span><\/p>\n<hr \/>\n<p style=\"text-align: center\"><span style=\"color: #ffffff\">&#8230; <strong><a style=\"color: #ffffff\" href=\"http:\/\/www.tours-in-provence.com\/fr\/circuit-individuel\">et bien d&rsquo;autres excursions encore<\/a><\/strong><\/span><\/p>\n<p><span style=\"color: #dd9933\">.<\/span>[\/vc_column_text][\/vc_column][vc_column width=\u00a0\u00bb1\/3&Prime;][vc_row_inner][vc_column_inner][vc_cta h2=\u00a0\u00bbCamargue\u00a0\u00bb style=\u00a0\u00bb3d\u00a0\u00bb add_button=\u00a0\u00bbbottom\u00a0\u00bb btn_title=\u00a0\u00bbTARIFS &#8211; RESERVATIONS\u00a0\u00bb btn_color=\u00a0\u00bbwarning\u00a0\u00bb btn_align=\u00a0\u00bbcenter\u00a0\u00bb add_icon=\u00a0\u00bbtop\u00a0\u00bb i_icon_fontawesome=\u00a0\u00bbfa fa-info\u00a0\u00bb i_color=\u00a0\u00bborange\u00a0\u00bb i_background_style=\u00a0\u00bbboxed\u00a0\u00bb i_background_color=\u00a0\u00bbwhite\u00a0\u00bb i_on_border=\u00a0\u00bbtrue\u00a0\u00bb btn_link=\u00a0\u00bburl:http%3A%2F%2Fwww.tours-in-provence.com%2Ffr%2Freservation-circuit-provence||\u00a0\u00bb btn_button_block=\u00a0\u00bbtrue\u00a0\u00bb btn_add_icon=\u00a0\u00bbtrue\u00a0\u00bb]<\/p>\n<h3>Circuit d&rsquo;une journ\u00e9e<\/h3>\n<p>D\u00e9part pour cette journ\u00e9e en Camargue 9h15 Retour vers 17h.<br \/>\nLe d\u00e9jeuner est en suppl\u00e9ment, lors de votre r\u00e9servation, nous vous proposerons une liste de restaurants s\u00e9lectionn\u00e9s pour leur cuisine reflet du terroir. Faites votre choix, Tours in Provence r\u00e9serve votre table.<\/p>\n<p><em>Il est recommand\u00e9 de s\u2019habiller l\u00e9ger, en pantalon et t-shirt ou chemise manches longues et pr\u00e9voir un chapeau en \u00e9t\u00e9 . Pensez au r\u00e9pulsif contre les moustiques, au coupe-vent si vous venez au printemps et en automne. Prenez des jumelles pour observer les oiseaux, votre appareil photo pour vos souvenirs ! Je prendrai mes jumelles aussi.<\/em><\/p>\n<p><a href=\"http:\/\/www.tours-in-provence.com\/fr\/contact\">Prenez contact avec nous pour conna\u00eetre les disponibilit\u00e9s<\/a>[\/vc_cta][\/vc_column_inner][\/vc_row_inner][\/vc_column][vc_column width=\u00a0\u00bb1\/3&Prime;][vc_single_image image=\u00a0\u00bb4344&Prime; img_size=\u00a0\u00bbmedium\u00a0\u00bb alignment=\u00a0\u00bbcenter\u00a0\u00bb onclick=\u00a0\u00bbcustom_link\u00a0\u00bb link=\u00a0\u00bbhttp:\/\/www.tours-in-provence.com\/fr\/reservation-circuit-provence\u00a0\u00bb][vc_empty_space][vc_column_text]<\/p>\n<h3>Encore une question ?<\/h3>\n<p>[\/vc_column_text][vc_tta_accordion color=\u00a0\u00bbgreen\u00a0\u00bb active_section=\u00a0\u00bb\u00a0\u00bb collapsible_all=\u00a0\u00bbtrue\u00a0\u00bb][vc_tta_section title=\u00a0\u00bbLaissez un message !\u00a0\u00bb tab_id=\u00a0\u00bb1463497319728-7ab31417-69ae\u00a0\u00bb][vc_column_text]\n<div class=\"wpcf7 no-js\" id=\"wpcf7-f4377-o1\" lang=\"fr-FR\" dir=\"ltr\" data-wpcf7-id=\"4377\">\n<div class=\"screen-reader-response\"><p role=\"status\" aria-live=\"polite\" aria-atomic=\"true\"><\/p> <ul><\/ul><\/div>\n<form action=\"\/fr\/wp-json\/wp\/v2\/pages\/4542#wpcf7-f4377-o1\" method=\"post\" class=\"wpcf7-form init\" aria-label=\"Formulaire de contact\" novalidate=\"novalidate\" data-status=\"init\">\n<fieldset class=\"hidden-fields-container\"><input type=\"hidden\" name=\"_wpcf7\" value=\"4377\" \/><input type=\"hidden\" name=\"_wpcf7_version\" value=\"6.1.5\" \/><input type=\"hidden\" name=\"_wpcf7_locale\" value=\"fr_FR\" \/><input type=\"hidden\" name=\"_wpcf7_unit_tag\" value=\"wpcf7-f4377-o1\" \/><input type=\"hidden\" name=\"_wpcf7_container_post\" value=\"0\" \/><input type=\"hidden\" name=\"_wpcf7_posted_data_hash\" value=\"\" \/><input type=\"hidden\" name=\"_wpcf7_recaptcha_response\" value=\"\" \/>\n<\/fieldset>\n<p>Nom*\n<\/p>\n<p><span class=\"wpcf7-form-control-wrap\" data-name=\"your-name\"><input size=\"40\" maxlength=\"400\" class=\"wpcf7-form-control wpcf7-text wpcf7-validates-as-required\" aria-required=\"true\" aria-invalid=\"false\" value=\"\" type=\"text\" name=\"your-name\" \/><\/span>\n<\/p>\n<p>E-mail*\n<\/p>\n<p><span class=\"wpcf7-form-control-wrap\" data-name=\"your-email\"><input size=\"40\" maxlength=\"400\" class=\"wpcf7-form-control wpcf7-email wpcf7-validates-as-required wpcf7-text wpcf7-validates-as-email\" aria-required=\"true\" aria-invalid=\"false\" value=\"\" type=\"email\" name=\"your-email\" \/><\/span>\n<\/p>\n<p>Objet*\n<\/p>\n<p><span class=\"wpcf7-form-control-wrap\" data-name=\"your-subject\"><input size=\"40\" maxlength=\"400\" class=\"wpcf7-form-control wpcf7-text wpcf7-validates-as-required\" aria-required=\"true\" aria-invalid=\"false\" value=\"\" type=\"text\" name=\"your-subject\" \/><\/span>\n<\/p>\n<p>Message\n<\/p>\n<p><span class=\"wpcf7-form-control-wrap\" data-name=\"your-message\"><textarea cols=\"40\" rows=\"10\" maxlength=\"2000\" class=\"wpcf7-form-control wpcf7-textarea\" aria-invalid=\"false\" name=\"your-message\"><\/textarea><\/span>\n<\/p>\n<p><input class=\"wpcf7-form-control wpcf7-submit has-spinner\" type=\"submit\" value=\"Envoyer\" \/>\n<\/p><div class=\"wpcf7-response-output\" aria-hidden=\"true\"><\/div>\n<\/form>\n<\/div>\n[\/vc_column_text][\/vc_tta_section][\/vc_tta_accordion][\/vc_column][\/vc_row]<\/p>\n","protected":false},"excerpt":{"rendered":"<p>[vc_row][vc_column width=\u00a0\u00bb1\/2&Prime;][vc_empty_space height=\u00a0\u00bb15px\u00a0\u00bb][rev_slider_vc alias=\u00a0\u00bbcamargue-ptt\u00a0\u00bb][vc_empty_space height=\u00a0\u00bb15px\u00a0\u00bb][vc_row_inner content_placement=\u00a0\u00bbmiddle\u00a0\u00bb css=\u00a0\u00bb.vc_custom_1464118205599{padding-left: 5px !important;}\u00a0\u00bb][vc_column_inner width=\u00a0\u00bb1\/2&Prime;][vc_single_image image=\u00a0\u00bb4591&Prime; img_size=\u00a0\u00bbmedium\u00a0\u00bb alignment=\u00a0\u00bbcenter\u00a0\u00bb style=\u00a0\u00bbvc_box_shadow\u00a0\u00bb onclick=\u00a0\u00bbimg_link_large\u00a0\u00bb img_link_target=\u00a0\u00bb_blank\u00a0\u00bb][\/vc_column_inner][vc_column_inner width=\u00a0\u00bb1\/2&Prime;][vc_message message_box_style=\u00a0\u00bb3d\u00a0\u00bb message_box_color=\u00a0\u00bbblue\u00a0\u00bb icon_fontawesome=\u00a0\u00bbfa fa-camera-retro\u00a0\u00bb]Pour plus de photos voir l\u2019album de C\u00e9cile[\/vc_message][\/vc_column_inner][\/vc_row_inner][\/vc_column][vc_column width=\u00a0\u00bb1\/2&Prime;][vc_column_text] Explorer la Camargue ! La Camargue, cette immense plaine alluvionnaire, n\u00e9e et fa\u00e7onn\u00e9e par l\u2019action conjugu\u00e9e du fleuve Rh\u00f4ne, de la mer M\u00e9diterran\u00e9e et du Mistral, &#8230; <a class=\"excerpt-readmore\" href=\"https:\/\/www.tours-in-provence.com\/fr\/circuit-camargue\">Read More<\/a><\/p>\n","protected":false},"author":1,"featured_media":0,"parent":0,"menu_order":0,"comment_status":"closed","ping_status":"closed","template":"","meta":{"footnotes":""},"class_list":["post-4542","page","type-page","status-publish","hentry"],"yoast_head":"<!-- This site is optimized with the Yoast SEO plugin v26.9 - https:\/\/yoast.com\/product\/yoast-seo-wordpress\/ -->\n<title>Camargue circuit individul entre le delta du Rh\u00f4ne et mer M\u00e9diterran\u00e9e<\/title>\n<meta name=\"description\" content=\"Paysage exceptionnel entre entre le Rh\u00f4ne et la mer M\u00e9diterran\u00e9e. Vous verrez des Flamants, Chevaux, Taureaux lors de votre circuit individuel en Camargue.\" \/>\n<meta name=\"robots\" content=\"index, follow, max-snippet:-1, max-image-preview:large, max-video-preview:-1\" \/>\n<link rel=\"canonical\" href=\"https:\/\/www.tours-in-provence.com\/fr\/circuit-camargue\" \/>\n<meta property=\"og:locale\" content=\"fr_FR\" \/>\n<meta property=\"og:type\" content=\"article\" \/>\n<meta property=\"og:title\" content=\"Camargue circuit individul entre le delta du Rh\u00f4ne et mer M\u00e9diterran\u00e9e\" \/>\n<meta property=\"og:description\" content=\"Paysage exceptionnel entre entre le Rh\u00f4ne et la mer M\u00e9diterran\u00e9e. Vous verrez des Flamants, Chevaux, Taureaux lors de votre circuit individuel en Camargue.\" \/>\n<meta property=\"og:url\" content=\"https:\/\/www.tours-in-provence.com\/fr\/circuit-camargue\" \/>\n<meta property=\"og:site_name\" content=\"Circuits touristiques\" \/>\n<meta property=\"article:modified_time\" content=\"2026-01-21T11:08:18+00:00\" \/>\n<meta property=\"og:image\" content=\"http:\/\/www.tours-in-provence.com\/fr\/wp-content\/uploads\/sites\/9\/2016\/05\/flamant-rose-150x150.jpg\" \/>\n<meta name=\"twitter:card\" content=\"summary_large_image\" \/>\n<meta name=\"twitter:label1\" content=\"Dur\u00e9e de lecture estim\u00e9e\" \/>\n\t<meta name=\"twitter:data1\" content=\"4 minutes\" \/>\n<script type=\"application\/ld+json\" class=\"yoast-schema-graph\">{\"@context\":\"https:\/\/schema.org\",\"@graph\":[{\"@type\":\"WebPage\",\"@id\":\"https:\/\/www.tours-in-provence.com\/fr\/circuit-camargue\",\"url\":\"https:\/\/www.tours-in-provence.com\/fr\/circuit-camargue\",\"name\":\"Camargue circuit individul entre le delta du Rh\u00f4ne et mer M\u00e9diterran\u00e9e\",\"isPartOf\":{\"@id\":\"https:\/\/www.tours-in-provence.com\/fr\/#website\"},\"primaryImageOfPage\":{\"@id\":\"https:\/\/www.tours-in-provence.com\/fr\/circuit-camargue#primaryimage\"},\"image\":{\"@id\":\"https:\/\/www.tours-in-provence.com\/fr\/circuit-camargue#primaryimage\"},\"thumbnailUrl\":\"http:\/\/www.tours-in-provence.com\/fr\/wp-content\/uploads\/sites\/9\/2016\/05\/flamant-rose-150x150.jpg\",\"datePublished\":\"2016-05-24T17:06:40+00:00\",\"dateModified\":\"2026-01-21T11:08:18+00:00\",\"description\":\"Paysage exceptionnel entre entre le Rh\u00f4ne et la mer M\u00e9diterran\u00e9e. Vous verrez des Flamants, Chevaux, Taureaux lors de votre circuit individuel en Camargue.\",\"breadcrumb\":{\"@id\":\"https:\/\/www.tours-in-provence.com\/fr\/circuit-camargue#breadcrumb\"},\"inLanguage\":\"fr-FR\",\"potentialAction\":[{\"@type\":\"ReadAction\",\"target\":[\"https:\/\/www.tours-in-provence.com\/fr\/circuit-camargue\"]}]},{\"@type\":\"ImageObject\",\"inLanguage\":\"fr-FR\",\"@id\":\"https:\/\/www.tours-in-provence.com\/fr\/circuit-camargue#primaryimage\",\"url\":\"http:\/\/www.tours-in-provence.com\/fr\/wp-content\/uploads\/sites\/9\/2016\/05\/flamant-rose-150x150.jpg\",\"contentUrl\":\"http:\/\/www.tours-in-provence.com\/fr\/wp-content\/uploads\/sites\/9\/2016\/05\/flamant-rose-150x150.jpg\"},{\"@type\":\"BreadcrumbList\",\"@id\":\"https:\/\/www.tours-in-provence.com\/fr\/circuit-camargue#breadcrumb\",\"itemListElement\":[{\"@type\":\"ListItem\",\"position\":1,\"name\":\"Accueil\",\"item\":\"https:\/\/www.tours-in-provence.com\/fr\/\"},{\"@type\":\"ListItem\",\"position\":2,\"name\":\"Excursion en Camargue\"}]},{\"@type\":\"WebSite\",\"@id\":\"https:\/\/www.tours-in-provence.com\/fr\/#website\",\"url\":\"https:\/\/www.tours-in-provence.com\/fr\/\",\"name\":\"Circuits touristiques\",\"description\":\"Circuits touristiques en toute libert\u00e9\",\"potentialAction\":[{\"@type\":\"SearchAction\",\"target\":{\"@type\":\"EntryPoint\",\"urlTemplate\":\"https:\/\/www.tours-in-provence.com\/fr\/?s={search_term_string}\"},\"query-input\":{\"@type\":\"PropertyValueSpecification\",\"valueRequired\":true,\"valueName\":\"search_term_string\"}}],\"inLanguage\":\"fr-FR\"}]}<\/script>\n<!-- \/ Yoast SEO plugin. -->","yoast_head_json":{"title":"Camargue circuit individul entre le delta du Rh\u00f4ne et mer M\u00e9diterran\u00e9e","description":"Paysage exceptionnel entre entre le Rh\u00f4ne et la mer M\u00e9diterran\u00e9e. Vous verrez des Flamants, Chevaux, Taureaux lors de votre circuit individuel en Camargue.","robots":{"index":"index","follow":"follow","max-snippet":"max-snippet:-1","max-image-preview":"max-image-preview:large","max-video-preview":"max-video-preview:-1"},"canonical":"https:\/\/www.tours-in-provence.com\/fr\/circuit-camargue","og_locale":"fr_FR","og_type":"article","og_title":"Camargue circuit individul entre le delta du Rh\u00f4ne et mer M\u00e9diterran\u00e9e","og_description":"Paysage exceptionnel entre entre le Rh\u00f4ne et la mer M\u00e9diterran\u00e9e. Vous verrez des Flamants, Chevaux, Taureaux lors de votre circuit individuel en Camargue.","og_url":"https:\/\/www.tours-in-provence.com\/fr\/circuit-camargue","og_site_name":"Circuits touristiques","article_modified_time":"2026-01-21T11:08:18+00:00","og_image":[{"url":"http:\/\/www.tours-in-provence.com\/fr\/wp-content\/uploads\/sites\/9\/2016\/05\/flamant-rose-150x150.jpg","type":"","width":"","height":""}],"twitter_card":"summary_large_image","twitter_misc":{"Dur\u00e9e de lecture estim\u00e9e":"4 minutes"},"schema":{"@context":"https:\/\/schema.org","@graph":[{"@type":"WebPage","@id":"https:\/\/www.tours-in-provence.com\/fr\/circuit-camargue","url":"https:\/\/www.tours-in-provence.com\/fr\/circuit-camargue","name":"Camargue circuit individul entre le delta du Rh\u00f4ne et mer M\u00e9diterran\u00e9e","isPartOf":{"@id":"https:\/\/www.tours-in-provence.com\/fr\/#website"},"primaryImageOfPage":{"@id":"https:\/\/www.tours-in-provence.com\/fr\/circuit-camargue#primaryimage"},"image":{"@id":"https:\/\/www.tours-in-provence.com\/fr\/circuit-camargue#primaryimage"},"thumbnailUrl":"http:\/\/www.tours-in-provence.com\/fr\/wp-content\/uploads\/sites\/9\/2016\/05\/flamant-rose-150x150.jpg","datePublished":"2016-05-24T17:06:40+00:00","dateModified":"2026-01-21T11:08:18+00:00","description":"Paysage exceptionnel entre entre le Rh\u00f4ne et la mer M\u00e9diterran\u00e9e. Vous verrez des Flamants, Chevaux, Taureaux lors de votre circuit individuel en Camargue.","breadcrumb":{"@id":"https:\/\/www.tours-in-provence.com\/fr\/circuit-camargue#breadcrumb"},"inLanguage":"fr-FR","potentialAction":[{"@type":"ReadAction","target":["https:\/\/www.tours-in-provence.com\/fr\/circuit-camargue"]}]},{"@type":"ImageObject","inLanguage":"fr-FR","@id":"https:\/\/www.tours-in-provence.com\/fr\/circuit-camargue#primaryimage","url":"http:\/\/www.tours-in-provence.com\/fr\/wp-content\/uploads\/sites\/9\/2016\/05\/flamant-rose-150x150.jpg","contentUrl":"http:\/\/www.tours-in-provence.com\/fr\/wp-content\/uploads\/sites\/9\/2016\/05\/flamant-rose-150x150.jpg"},{"@type":"BreadcrumbList","@id":"https:\/\/www.tours-in-provence.com\/fr\/circuit-camargue#breadcrumb","itemListElement":[{"@type":"ListItem","position":1,"name":"Accueil","item":"https:\/\/www.tours-in-provence.com\/fr\/"},{"@type":"ListItem","position":2,"name":"Excursion en Camargue"}]},{"@type":"WebSite","@id":"https:\/\/www.tours-in-provence.com\/fr\/#website","url":"https:\/\/www.tours-in-provence.com\/fr\/","name":"Circuits touristiques","description":"Circuits touristiques en toute libert\u00e9","potentialAction":[{"@type":"SearchAction","target":{"@type":"EntryPoint","urlTemplate":"https:\/\/www.tours-in-provence.com\/fr\/?s={search_term_string}"},"query-input":{"@type":"PropertyValueSpecification","valueRequired":true,"valueName":"search_term_string"}}],"inLanguage":"fr-FR"}]}},"_links":{"self":[{"href":"https:\/\/www.tours-in-provence.com\/fr\/wp-json\/wp\/v2\/pages\/4542","targetHints":{"allow":["GET"]}}],"collection":[{"href":"https:\/\/www.tours-in-provence.com\/fr\/wp-json\/wp\/v2\/pages"}],"about":[{"href":"https:\/\/www.tours-in-provence.com\/fr\/wp-json\/wp\/v2\/types\/page"}],"author":[{"embeddable":true,"href":"https:\/\/www.tours-in-provence.com\/fr\/wp-json\/wp\/v2\/users\/1"}],"replies":[{"embeddable":true,"href":"https:\/\/www.tours-in-provence.com\/fr\/wp-json\/wp\/v2\/comments?post=4542"}],"version-history":[{"count":2,"href":"https:\/\/www.tours-in-provence.com\/fr\/wp-json\/wp\/v2\/pages\/4542\/revisions"}],"predecessor-version":[{"id":7076,"href":"https:\/\/www.tours-in-provence.com\/fr\/wp-json\/wp\/v2\/pages\/4542\/revisions\/7076"}],"wp:attachment":[{"href":"https:\/\/www.tours-in-provence.com\/fr\/wp-json\/wp\/v2\/media?parent=4542"}],"curies":[{"name":"wp","href":"https:\/\/api.w.org\/{rel}","templated":true}]}}