{"id":4641,"date":"2016-05-26T22:50:13","date_gmt":"2016-05-26T20:50:13","guid":{"rendered":"http:\/\/www.tours-in-provence.com\/fr\/circuits-individuels-provence-copy"},"modified":"2016-11-10T16:21:34","modified_gmt":"2016-11-10T15:21:34","slug":"contact","status":"publish","type":"page","link":"https:\/\/www.tours-in-provence.com\/fr\/contact","title":{"rendered":"Contact"},"content":{"rendered":"<p>[vc_row][vc_column width=\u00a0\u00bb1\/2&Prime;][vc_empty_space height=\u00a0\u00bb15px\u00a0\u00bb][vc_row_inner][vc_column_inner][vc_column_text]<span style=\"color: #000000;\"><a href=\"http:\/\/www.tours-in-provence.com\/fr\/circuit-individuel\"><strong>Visiter la Provence<\/strong><\/a> avec Tours in Provence c&rsquo;est voyager avec une <a href=\"http:\/\/www.tours-in-provence.com\/fr\/guide-circuit-individuel\"><strong>guide touristique dipl\u00f4m\u00e9e<\/strong><\/a> de Provence en voiture priv\u00e9e et climatis\u00e9e.<br \/>\n<\/span>Prenez contact avec nous pour conna\u00eetre les possibilit\u00e9s et disponibilit\u00e9s, laissez-nous un message ![\/vc_column_text][\/vc_column_inner][\/vc_row_inner][vc_single_image image=\u00a0\u00bb4645&Prime; img_size=\u00a0\u00bblarge\u00a0\u00bb onclick=\u00a0\u00bbcustom_link\u00a0\u00bb title=\u00a0\u00bbCircuits en Provence\u00a0\u00bb link=\u00a0\u00bbhttp:\/\/www.tours-in-provence.com\/fr\/circuit-individuel\u00a0\u00bb][vc_empty_space height=\u00a0\u00bb15px\u00a0\u00bb][vc_column_text]<em> \u00ab <strong>Nous avons tous aim\u00e9 la visite en Camargue.<\/strong><br \/>\nNotre guide C\u00e9cile,nous a fait partager sa passion,pour les belles choses de la nature,nous avons bien pris le temps d&rsquo;observer(taureaux,chevaux et flamants roses) C\u00e9cile est douce, attentionn\u00e9e et tr\u00e8s professionnelle. Nous repartirons\u2026. \u00bbCommentaires sur <strong>Tripadvisor<\/strong>. MM St Remy de Provence <\/em><\/p>\n<p><strong>\u201cD\u00e9gustation avec C\u00e9cile\u201d<\/strong><br \/>\n\u00ab Nous sommes une famille de 6 et nous avons pass\u00e9 2 jours fantastiques avec C\u00e9cile. S\u00e9journant \u00e0 Bonnieux nous avons visit\u00e9 plusieurs \u00e9tablissements vinicoles dans la r\u00e9gion. Elle a savamment mix\u00e9 la visite des jardins spectaculaires, des d\u00e9jeuner avec de beaux menus, une promenade \u00e0 Aix\u2026la d\u00e9couverte du beau village de Gordes. Ce que nous avons pr\u00e9f\u00e9r\u00e9, et notre d\u00e9gustation de vin au Clos de Trias. Elle est bien inform\u00e9 sur sa r\u00e9gion et son histoire, et a choisi de belles caves pour nos visites. Les deux journ\u00e9es \u00e9taient d\u00e9tendus, sans h\u00e2te, jamais nous avons senti que nous \u00e9tions tenu par un horaire. En esp\u00e9rant que cet avis vous soit utile. Nous reviendrons en Provence! et nous contacterons certainement C\u00e9cile \u00bb Avis sur <strong>Trip advisor<\/strong> Debbie W<br \/>\nSavannah, Georgia[\/vc_column_text][vc_empty_space height=\u00a0\u00bb15px\u00a0\u00bb][vc_single_image image=\u00a0\u00bb4638&Prime; img_size=\u00a0\u00bblarge\u00a0\u00bb onclick=\u00a0\u00bbcustom_link\u00a0\u00bb link=\u00a0\u00bbhttp:\/\/www.tours-in-provence.com\/fr\/cezanne-paysages\u00a0\u00bb][vc_empty_space height=\u00a0\u00bb15px\u00a0\u00bb][vc_row_inner content_placement=\u00a0\u00bbmiddle\u00a0\u00bb css=\u00a0\u00bb.vc_custom_1464118205599{padding-left: 5px !important;}\u00a0\u00bb][vc_column_inner width=\u00a0\u00bb1\/2&Prime;][vc_single_image image=\u00a0\u00bb4591&Prime; img_size=\u00a0\u00bbmedium\u00a0\u00bb alignment=\u00a0\u00bbcenter\u00a0\u00bb style=\u00a0\u00bbvc_box_shadow\u00a0\u00bb onclick=\u00a0\u00bbcustom_link\u00a0\u00bb img_link_target=\u00a0\u00bb_blank\u00a0\u00bb link=\u00a0\u00bbhttp:\/\/www.tours-in-provence.com\/fr\/album-photos\u00a0\u00bb][\/vc_column_inner][vc_column_inner width=\u00a0\u00bb1\/2&Prime;][vc_message message_box_style=\u00a0\u00bb3d\u00a0\u00bb message_box_color=\u00a0\u00bbblue\u00a0\u00bb icon_fontawesome=\u00a0\u00bbfa fa-camera-retro\u00a0\u00bb]<span style=\"color: #333333;\"><a style=\"color: #333333;\" href=\"http:\/\/www.tours-in-provence.com\/fr\/album-photos\">Pour plus de photos voir l&rsquo;album de C\u00e9cile<\/a><\/span>[\/vc_message][\/vc_column_inner][\/vc_row_inner][vc_empty_space height=\u00a0\u00bb5px\u00a0\u00bb][\/vc_column][vc_column width=\u00a0\u00bb1\/2&Prime; css=\u00a0\u00bb.vc_custom_1464551345831{background-color: #f1edc5 !important;}\u00a0\u00bb][vc_column_text]<\/p>\n<h3><span style=\"color: #000000;\">Prenez contact avec Votre guide personnel C\u00e9cile<br \/>\n<\/span><\/h3>\n<p>Laissez un message ! Je vous r\u00e9pondrai tr\u00e8s vite..[\/vc_column_text][vc_empty_space height=\u00a0\u00bb15px\u00a0\u00bb][vc_row_inner][vc_column_inner width=\u00a0\u00bb1\/4&Prime;][vc_column_text][\/vc_column_text][\/vc_column_inner][vc_column_inner width=\u00a0\u00bb1\/2&Prime;][vc_column_text]\n<div class=\"wpcf7 no-js\" id=\"wpcf7-f4649-o1\" lang=\"fr-FR\" dir=\"ltr\" data-wpcf7-id=\"4649\">\n<div class=\"screen-reader-response\"><p role=\"status\" aria-live=\"polite\" aria-atomic=\"true\"><\/p> <ul><\/ul><\/div>\n<form action=\"\/fr\/wp-json\/wp\/v2\/pages\/4641#wpcf7-f4649-o1\" method=\"post\" class=\"wpcf7-form init\" aria-label=\"Formulaire de contact\" novalidate=\"novalidate\" data-status=\"init\">\n<fieldset class=\"hidden-fields-container\"><input type=\"hidden\" name=\"_wpcf7\" value=\"4649\" \/><input type=\"hidden\" name=\"_wpcf7_version\" value=\"6.1.5\" \/><input type=\"hidden\" name=\"_wpcf7_locale\" value=\"fr_FR\" \/><input type=\"hidden\" name=\"_wpcf7_unit_tag\" value=\"wpcf7-f4649-o1\" \/><input type=\"hidden\" name=\"_wpcf7_container_post\" value=\"0\" \/><input type=\"hidden\" name=\"_wpcf7_posted_data_hash\" value=\"\" \/><input type=\"hidden\" name=\"_wpcf7_recaptcha_response\" value=\"\" \/>\n<\/fieldset>\n<p>Nom *\n<\/p>\n<p><span class=\"wpcf7-form-control-wrap\" data-name=\"your-name\"><input size=\"40\" maxlength=\"400\" class=\"wpcf7-form-control wpcf7-text wpcf7-validates-as-required\" aria-required=\"true\" aria-invalid=\"false\" value=\"\" type=\"text\" name=\"your-name\" \/><\/span>\n<\/p>\n<p>Pr\u00e9nom\n<\/p>\n<p><span class=\"wpcf7-form-control-wrap\" data-name=\"text-78\"><input size=\"40\" maxlength=\"400\" class=\"wpcf7-form-control wpcf7-text\" aria-invalid=\"false\" value=\"\" type=\"text\" name=\"text-78\" \/><\/span>\n<\/p>\n<p>Adresse\n<\/p>\n<p><span class=\"wpcf7-form-control-wrap\" data-name=\"text-797\"><input size=\"40\" maxlength=\"400\" class=\"wpcf7-form-control wpcf7-text\" aria-invalid=\"false\" value=\"\" type=\"text\" name=\"text-797\" \/><\/span>\n<\/p>\n<p>Code Postal\n<\/p>\n<p><span class=\"wpcf7-form-control-wrap\" data-name=\"text-240\"><input size=\"40\" maxlength=\"400\" class=\"wpcf7-form-control wpcf7-text\" aria-invalid=\"false\" value=\"\" type=\"text\" name=\"text-240\" \/><\/span>\n<\/p>\n<p>Ville\n<\/p>\n<p><span class=\"wpcf7-form-control-wrap\" data-name=\"text-571\"><input size=\"40\" maxlength=\"400\" class=\"wpcf7-form-control wpcf7-text\" aria-invalid=\"false\" value=\"\" type=\"text\" name=\"text-571\" \/><\/span>\n<\/p>\n<p>Pays\n<\/p>\n<p><span class=\"wpcf7-form-control-wrap\" data-name=\"text-9\"><input size=\"40\" maxlength=\"400\" class=\"wpcf7-form-control wpcf7-text\" aria-invalid=\"false\" value=\"\" type=\"text\" name=\"text-9\" \/><\/span>\n<\/p>\n<p>T\u00e9l\u00e9phone\n<\/p>\n<p><span class=\"wpcf7-form-control-wrap\" data-name=\"text-594\"><input size=\"40\" maxlength=\"400\" class=\"wpcf7-form-control wpcf7-text\" aria-invalid=\"false\" value=\"\" type=\"text\" name=\"text-594\" \/><\/span>\n<\/p>\n<p>E-mail *\n<\/p>\n<p><span class=\"wpcf7-form-control-wrap\" data-name=\"your-email\"><input size=\"40\" maxlength=\"400\" class=\"wpcf7-form-control wpcf7-email wpcf7-validates-as-required wpcf7-text wpcf7-validates-as-email\" aria-required=\"true\" aria-invalid=\"false\" value=\"\" type=\"email\" name=\"your-email\" \/><\/span>\n<\/p>\n<p>Nombre de passagers\n<\/p>\n<p><span class=\"wpcf7-form-control-wrap\" data-name=\"text-82\"><input size=\"40\" maxlength=\"400\" class=\"wpcf7-form-control wpcf7-text\" aria-invalid=\"false\" value=\"\" type=\"text\" name=\"text-82\" \/><\/span>\n<\/p>\n<p>Dates de votre voyage en Provence\n<\/p>\n<p><span class=\"wpcf7-form-control-wrap\" data-name=\"text-853\"><input size=\"40\" maxlength=\"400\" class=\"wpcf7-form-control wpcf7-text\" aria-invalid=\"false\" value=\"\" type=\"text\" name=\"text-853\" \/><\/span>\n<\/p>\n<p>Objet\n<\/p>\n<p><span class=\"wpcf7-form-control-wrap\" data-name=\"your-subject\"><input size=\"40\" maxlength=\"400\" class=\"wpcf7-form-control wpcf7-text\" aria-invalid=\"false\" value=\"\" type=\"text\" name=\"your-subject\" \/><\/span>\n<\/p>\n<p>Votre Message\n<\/p>\n<p><span class=\"wpcf7-form-control-wrap\" data-name=\"your-message\"><textarea cols=\"40\" rows=\"10\" maxlength=\"2000\" class=\"wpcf7-form-control wpcf7-textarea\" aria-invalid=\"false\" name=\"your-message\"><\/textarea><\/span>\n<\/p>\n<p><input class=\"wpcf7-form-control wpcf7-submit has-spinner\" type=\"submit\" value=\"Envoyer\" \/>\n<\/p><div class=\"wpcf7-response-output\" aria-hidden=\"true\"><\/div>\n<\/form>\n<\/div>\n[\/vc_column_text][\/vc_column_inner][vc_column_inner width=\u00a0\u00bb1\/4&Prime;][\/vc_column_inner][\/vc_row_inner][\/vc_column][\/vc_row]<\/p>\n","protected":false},"excerpt":{"rendered":"<p>[vc_row][vc_column width=\u00a0\u00bb1\/2&Prime;][vc_empty_space height=\u00a0\u00bb15px\u00a0\u00bb][vc_row_inner][vc_column_inner][vc_column_text]Visiter la Provence avec Tours in Provence c&rsquo;est voyager avec une guide touristique dipl\u00f4m\u00e9e de Provence en voiture priv\u00e9e et climatis\u00e9e. Prenez contact avec nous pour conna\u00eetre les possibilit\u00e9s et disponibilit\u00e9s, laissez-nous un message ![\/vc_column_text][\/vc_column_inner][\/vc_row_inner][vc_single_image image=\u00a0\u00bb4645&Prime; img_size=\u00a0\u00bblarge\u00a0\u00bb onclick=\u00a0\u00bbcustom_link\u00a0\u00bb title=\u00a0\u00bbCircuits en Provence\u00a0\u00bb link=\u00a0\u00bbhttp:\/\/www.tours-in-provence.com\/fr\/circuit-individuel\u00a0\u00bb][vc_empty_space height=\u00a0\u00bb15px\u00a0\u00bb][vc_column_text] \u00ab Nous avons tous aim\u00e9 la visite en Camargue. Notre &#8230; <a class=\"excerpt-readmore\" href=\"https:\/\/www.tours-in-provence.com\/fr\/contact\">Read More<\/a><\/p>\n","protected":false},"author":1,"featured_media":0,"parent":0,"menu_order":0,"comment_status":"closed","ping_status":"closed","template":"","meta":{"footnotes":""},"class_list":["post-4641","page","type-page","status-publish","hentry"],"yoast_head":"<!-- This site is optimized with the Yoast SEO plugin v26.9 - https:\/\/yoast.com\/product\/yoast-seo-wordpress\/ -->\n<title>Contact Guide personnel en Provence avec voiture priv\u00e9e et climatis\u00e9e<\/title>\n<meta name=\"description\" content=\"Prenez contact avec Tours in Provence pour un circuit \u00e0 votre rythme en Provence, avec guide personnel et voiture priv\u00e9e climatis\u00e9e.\" \/>\n<meta name=\"robots\" content=\"index, follow, max-snippet:-1, max-image-preview:large, max-video-preview:-1\" \/>\n<link rel=\"canonical\" href=\"https:\/\/www.tours-in-provence.com\/fr\/contact\" \/>\n<meta property=\"og:locale\" content=\"fr_FR\" \/>\n<meta property=\"og:type\" content=\"article\" \/>\n<meta property=\"og:title\" content=\"Contact Guide personnel en Provence avec voiture priv\u00e9e et climatis\u00e9e\" \/>\n<meta property=\"og:description\" content=\"Prenez contact avec Tours in Provence pour un circuit \u00e0 votre rythme en Provence, avec guide personnel et voiture priv\u00e9e climatis\u00e9e.\" \/>\n<meta property=\"og:url\" content=\"https:\/\/www.tours-in-provence.com\/fr\/contact\" \/>\n<meta property=\"og:site_name\" content=\"Circuits touristiques\" \/>\n<meta property=\"article:modified_time\" content=\"2016-11-10T15:21:34+00:00\" \/>\n<meta name=\"twitter:card\" content=\"summary_large_image\" \/>\n<meta name=\"twitter:label1\" content=\"Dur\u00e9e de lecture estim\u00e9e\" \/>\n\t<meta name=\"twitter:data1\" content=\"3 minutes\" \/>\n<script type=\"application\/ld+json\" class=\"yoast-schema-graph\">{\"@context\":\"https:\/\/schema.org\",\"@graph\":[{\"@type\":\"WebPage\",\"@id\":\"https:\/\/www.tours-in-provence.com\/fr\/contact\",\"url\":\"https:\/\/www.tours-in-provence.com\/fr\/contact\",\"name\":\"Contact Guide personnel en Provence avec voiture priv\u00e9e et climatis\u00e9e\",\"isPartOf\":{\"@id\":\"https:\/\/www.tours-in-provence.com\/fr\/#website\"},\"datePublished\":\"2016-05-26T20:50:13+00:00\",\"dateModified\":\"2016-11-10T15:21:34+00:00\",\"description\":\"Prenez contact avec Tours in Provence pour un circuit \u00e0 votre rythme en Provence, avec guide personnel et voiture priv\u00e9e climatis\u00e9e.\",\"breadcrumb\":{\"@id\":\"https:\/\/www.tours-in-provence.com\/fr\/contact#breadcrumb\"},\"inLanguage\":\"fr-FR\",\"potentialAction\":[{\"@type\":\"ReadAction\",\"target\":[\"https:\/\/www.tours-in-provence.com\/fr\/contact\"]}]},{\"@type\":\"BreadcrumbList\",\"@id\":\"https:\/\/www.tours-in-provence.com\/fr\/contact#breadcrumb\",\"itemListElement\":[{\"@type\":\"ListItem\",\"position\":1,\"name\":\"Accueil\",\"item\":\"https:\/\/www.tours-in-provence.com\/fr\/\"},{\"@type\":\"ListItem\",\"position\":2,\"name\":\"Contact\"}]},{\"@type\":\"WebSite\",\"@id\":\"https:\/\/www.tours-in-provence.com\/fr\/#website\",\"url\":\"https:\/\/www.tours-in-provence.com\/fr\/\",\"name\":\"Circuits touristiques\",\"description\":\"Circuits touristiques en toute libert\u00e9\",\"potentialAction\":[{\"@type\":\"SearchAction\",\"target\":{\"@type\":\"EntryPoint\",\"urlTemplate\":\"https:\/\/www.tours-in-provence.com\/fr\/?s={search_term_string}\"},\"query-input\":{\"@type\":\"PropertyValueSpecification\",\"valueRequired\":true,\"valueName\":\"search_term_string\"}}],\"inLanguage\":\"fr-FR\"}]}<\/script>\n<!-- \/ Yoast SEO plugin. -->","yoast_head_json":{"title":"Contact Guide personnel en Provence avec voiture priv\u00e9e et climatis\u00e9e","description":"Prenez contact avec Tours in Provence pour un circuit \u00e0 votre rythme en Provence, avec guide personnel et voiture priv\u00e9e climatis\u00e9e.","robots":{"index":"index","follow":"follow","max-snippet":"max-snippet:-1","max-image-preview":"max-image-preview:large","max-video-preview":"max-video-preview:-1"},"canonical":"https:\/\/www.tours-in-provence.com\/fr\/contact","og_locale":"fr_FR","og_type":"article","og_title":"Contact Guide personnel en Provence avec voiture priv\u00e9e et climatis\u00e9e","og_description":"Prenez contact avec Tours in Provence pour un circuit \u00e0 votre rythme en Provence, avec guide personnel et voiture priv\u00e9e climatis\u00e9e.","og_url":"https:\/\/www.tours-in-provence.com\/fr\/contact","og_site_name":"Circuits touristiques","article_modified_time":"2016-11-10T15:21:34+00:00","twitter_card":"summary_large_image","twitter_misc":{"Dur\u00e9e de lecture estim\u00e9e":"3 minutes"},"schema":{"@context":"https:\/\/schema.org","@graph":[{"@type":"WebPage","@id":"https:\/\/www.tours-in-provence.com\/fr\/contact","url":"https:\/\/www.tours-in-provence.com\/fr\/contact","name":"Contact Guide personnel en Provence avec voiture priv\u00e9e et climatis\u00e9e","isPartOf":{"@id":"https:\/\/www.tours-in-provence.com\/fr\/#website"},"datePublished":"2016-05-26T20:50:13+00:00","dateModified":"2016-11-10T15:21:34+00:00","description":"Prenez contact avec Tours in Provence pour un circuit \u00e0 votre rythme en Provence, avec guide personnel et voiture priv\u00e9e climatis\u00e9e.","breadcrumb":{"@id":"https:\/\/www.tours-in-provence.com\/fr\/contact#breadcrumb"},"inLanguage":"fr-FR","potentialAction":[{"@type":"ReadAction","target":["https:\/\/www.tours-in-provence.com\/fr\/contact"]}]},{"@type":"BreadcrumbList","@id":"https:\/\/www.tours-in-provence.com\/fr\/contact#breadcrumb","itemListElement":[{"@type":"ListItem","position":1,"name":"Accueil","item":"https:\/\/www.tours-in-provence.com\/fr\/"},{"@type":"ListItem","position":2,"name":"Contact"}]},{"@type":"WebSite","@id":"https:\/\/www.tours-in-provence.com\/fr\/#website","url":"https:\/\/www.tours-in-provence.com\/fr\/","name":"Circuits touristiques","description":"Circuits touristiques en toute libert\u00e9","potentialAction":[{"@type":"SearchAction","target":{"@type":"EntryPoint","urlTemplate":"https:\/\/www.tours-in-provence.com\/fr\/?s={search_term_string}"},"query-input":{"@type":"PropertyValueSpecification","valueRequired":true,"valueName":"search_term_string"}}],"inLanguage":"fr-FR"}]}},"_links":{"self":[{"href":"https:\/\/www.tours-in-provence.com\/fr\/wp-json\/wp\/v2\/pages\/4641","targetHints":{"allow":["GET"]}}],"collection":[{"href":"https:\/\/www.tours-in-provence.com\/fr\/wp-json\/wp\/v2\/pages"}],"about":[{"href":"https:\/\/www.tours-in-provence.com\/fr\/wp-json\/wp\/v2\/types\/page"}],"author":[{"embeddable":true,"href":"https:\/\/www.tours-in-provence.com\/fr\/wp-json\/wp\/v2\/users\/1"}],"replies":[{"embeddable":true,"href":"https:\/\/www.tours-in-provence.com\/fr\/wp-json\/wp\/v2\/comments?post=4641"}],"version-history":[{"count":0,"href":"https:\/\/www.tours-in-provence.com\/fr\/wp-json\/wp\/v2\/pages\/4641\/revisions"}],"wp:attachment":[{"href":"https:\/\/www.tours-in-provence.com\/fr\/wp-json\/wp\/v2\/media?parent=4641"}],"curies":[{"name":"wp","href":"https:\/\/api.w.org\/{rel}","templated":true}]}}