{"id":4984,"date":"2016-10-19T17:35:49","date_gmt":"2016-10-19T15:35:49","guid":{"rendered":"http:\/\/www.tours-in-provence.com\/fr\/reservations-circuits-provence-copy"},"modified":"2021-07-06T14:50:59","modified_gmt":"2021-07-06T12:50:59","slug":"reservation-circuit-provence","status":"publish","type":"page","link":"https:\/\/www.tours-in-provence.com\/fr\/reservation-circuit-provence","title":{"rendered":"Tarifs et r\u00e9servation de votre Circuit en Provence"},"content":{"rendered":"<p>[vc_row][vc_column width=\u00a0\u00bb1\/3&Prime;][vc_single_image image=\u00a0\u00bb6194&Prime; img_size=\u00a0\u00bbfull\u00a0\u00bb][\/vc_column][vc_column width=\u00a0\u00bb1\/3&Prime;][vc_column_text]<\/p>\n<h2>Tarifs Balades naturalistes avec observation des oiseaux :<\/h2>\n<p>D\u00e9couvrez les oiseaux sur les sentiers des Alpilles, de la Sainte-Victoire, et en Camargue.<\/p>\n<ul>\n<li>Dur\u00e9e de la randonn\u00e9e: 3h30.<\/li>\n<li>Mat\u00e9riel pr\u00eat\u00e9 par Tours in Provence: 6 paires de jumelles (8\u00d732 et 8\u00d742)<\/li>\n<li>Tarif pour cette activit\u00e9 de plein air: Adulte individuel 35\u20ac<\/li>\n<li>Nombre de participants minimum 6<\/li>\n<li>Nous contactez pour conna\u00eetre nos Offres Famille.<\/li>\n<\/ul>\n<p>Contactez-nous pour connaitre les disponibilit\u00e9s. Un itin\u00e9raire vous sera propos\u00e9.[\/vc_column_text][\/vc_column][vc_column width=\u00a0\u00bb1\/3&Prime;][vc_single_image image=\u00a0\u00bb5987&Prime; img_size=\u00a0\u00bbfull\u00a0\u00bb][\/vc_column][\/vc_row][vc_row][\/vc_row][vc_row][\/vc_row][vc_row][vc_column width=\u00a0\u00bb1\/2&Prime;][vc_single_image image=\u00a0\u00bb6017&Prime; img_size=\u00a0\u00bbfull\u00a0\u00bb][\/vc_column][vc_column width=\u00a0\u00bb1\/2&Prime;][vc_column_text]<\/p>\n<h2>Tarifs des circuits en Provence en mini van priv\u00e9<\/h2>\n<p>[\/vc_column_text][vc_column_text]<\/p>\n<h2><strong>Journ\u00e9es ou 1\/2 journ\u00e9es en Provence. <\/strong><\/h2>\n<p>&nbsp;<\/p>\n<p><strong>Ces journ\u00e9es sont organis\u00e9es autour d\u2019une visite d\u2019un site culturel, la d\u00e9couverte d\u2019un site naturel, avec observation des oiseaux, et un moment de d\u00e9gustation dans un domaine agricole.<\/strong><\/p>\n<p>Au d\u00e9part et retour, d\u2019Aix-en-Provence ou de St R\u00e9my-de-Provence.<\/p>\n<p>Nous consulter pour d\u2019autres villes de d\u00e9part.<\/p>\n<h4>Qui est votre guide\u00a0 ?<\/h4>\n<p>C\u00e9cile, guide dipl\u00f4m\u00e9e, parle 3 langues : le\u00a0 fran\u00e7ais, l&rsquo;anglais et l&rsquo;espagnol.<\/p>\n<p><a href=\"https:\/\/www.tours-in-provence.com\/fr\/guide-circuit-individuel\">En savoir +<\/a>[\/vc_column_text][\/vc_column][\/vc_row][vc_row][vc_column width=\u00a0\u00bb1\/3&Prime;][vc_column_text]<\/p>\n<h3><u>Tarif pour une 1\/2 journ\u00e9e 9h15 \u00e0 13h15,<\/u><\/h3>\n<p><u>Votre groupe est compos\u00e9 de: <\/u><\/p>\n<p>2 \u00e0 4 personnes = 190\u20ac pour votre groupe.<\/p>\n<p>5 \u00e0 7 personnes = 250\u20ac pour votre groupe.<\/p>\n<p>Une 1\/2 journ\u00e9e ne permet pas de parcourir de grande distance.<\/p>\n<p>Possibilit\u00e9 de prolonger la journ\u00e9e, 50\u20ac par heure suppl\u00e9mentaire.[\/vc_column_text][\/vc_column][vc_column width=\u00a0\u00bb1\/3&Prime;][vc_column_text]<\/p>\n<h3><u>Tarif pour une Journ\u00e9e de 9h15 \u00e0 16h15<\/u><\/h3>\n<p>Votre groupe est compos\u00e9 de:<\/p>\n<p>2 \u00e0 4 personnes = 380\u20ac pour votre groupe.<\/p>\n<p>5 \u00e0 7 personnes = 440\u20ac pour votre groupe.<\/p>\n<p>[\/vc_column_text][\/vc_column][vc_column width=\u00a0\u00bb1\/3&Prime;][vc_column_text]<\/p>\n<h3>Le condition tarifaires:<\/h3>\n<p>Ces tarifs n\u2019incluent pas: les repas, les entr\u00e9es pour les monuments et mus\u00e9es et les d\u00e9gustations, qui pourraient \u00eatres payantes.<\/p>\n<p>Gratuit pour les enfants -7 ans.<\/p>\n<p>&nbsp;<\/p>\n<h3>Destination Verdon: d\u00e9part d\u2019Aix-en-Provence uniquement,<\/h3>\n<p>une journ\u00e9e de 9h \u00e0 17h s\u2019impose, donc compt\u00e9 un suppl\u00e9ment de 50\u20ac,<\/p>\n<p><a href=\"https:\/\/www.tours-in-provence.com\/fr\/contact\">Contactez-nous<\/a> pour connaitre les disponibilit\u00e9s un itin\u00e9raire vous sera propos\u00e9.[\/vc_column_text][\/vc_column][\/vc_row][vc_row][vc_column width=\u00a0\u00bb1\/3&Prime; css=\u00a0\u00bb.vc_custom_1463492520031{background-color: #ededc2 !important;}\u00a0\u00bb][vc_column_text]<span style=\"color: #000000;\"><strong>Conditions et fonctionnement de r\u00e9servation :<\/strong><\/span><br \/>\n<span style=\"color: #000000;\">Vous voyagerez en minivan de 7 places, climatis\u00e9. Vous voyagerez donc uniquement avec vos amis, votre famille. D\u00e9part garanti \u00e0 partir d\u20191 personne.<\/span><\/p>\n<p><span style=\"color: #000000;\">Les d\u00e9parts sont pr\u00e9vus \u00e0 9h15 et les retours vers les 16h00. Les d\u00e9parts et les retours sont garantis de votre lieu de r\u00e9sidence, sans suppl\u00e9ment si celui ci se trouve dans un rayon de 30km autour d\u2019Aix-en-Provence, pour d\u2019\u00e9ventuelles questions contactez nous.<\/span><\/p>\n<h2><span style=\"color: #000000;\">La r\u00e9servation :<\/span><\/h2>\n<p><span style=\"color: #000000;\">Afin de r\u00e9server cette journ\u00e9e, nous vous demandons le r\u00e8glement des frais d\u2019inscription de 25\u20ac TTC par personne. Le solde sera \u00e0 r\u00e9gler le jour m\u00eame en esp\u00e8ces ou par transfert bancaire avant le circuit. Les prix sont en Euro TTC.<\/span><br \/>\n<span style=\"color: #000000;\">Si vous voyagez avec vos enfants, pr\u00e9cisez nous leur \u00e2ges, afin de pr\u00e9voir des si\u00e8ges b\u00e9b\u00e9 ou rehausseurs (de 9 mois \u00e0 4 ans : si\u00e8ge b\u00e9b\u00e9 obligatoire, de 4 ans \u00e0 18kg : rehausseurs obligatoire).<\/span><\/p>\n<p><span style=\"color: #000000;\"><strong>Syst\u00e8me de paiement s\u00e9curis\u00e9 :<\/strong><\/span><br \/>\n<span style=\"color: #000000;\">Nous avons choisi le syst\u00e8me de paiement s\u00e9curis\u00e9, vous donnant tout les garanties de confidentialit\u00e9 et de s\u00e9curit\u00e9 des transactions. Pour d\u2019\u00e9ventuelles questions contactez-nous.<\/span><\/p>\n<p><span style=\"color: #000000;\">Le r\u00e9servations sont modifiables mais non remboursables.<\/span><br \/>\n<span style=\"color: #000000;\">Si vous souhaitez modifier les dates de cette journ\u00e9e, nous chercherons alors ensemble une autre date en fonction de vos disponibilit\u00e9s et de l&rsquo;agenda de Tours in Provence.<\/span><br \/>\n<span style=\"color: #000000;\">Seules les annulations justifi\u00e9es par un certificat m\u00e9dical, entra\u00eenerons le remboursement \u00e0 100% des frais d\u2019inscription.<\/span><\/p>\n<p><span style=\"color: #000000;\">Si Tours in Provence devait annuler la date de votre r\u00e9servation, nous proc\u00e9derions au remboursement total des frais d\u2019inscription.<\/span><br \/>\n<span style=\"color: #000000;\">Pour d\u2019\u00e9ventuelles questions contactez nous.<\/span><\/p>\n<p><span style=\"color: #000000;\">La responsabilit\u00e9 du transporteur Tours in Provence ne peut \u00eatre engag\u00e9e en cas de perte ou oubli de vos effets personnels hors et \u00e0 l\u2019int\u00e9rieur du v\u00e9hicule.<\/span>[\/vc_column_text][\/vc_column][vc_column width=\u00a0\u00bb1\/3&Prime;][vc_column_text]<\/p>\n<blockquote>\n<h2><span style=\"color: #000000;\">Comment r\u00e9server les circuits ?<br \/>\n<\/span><\/h2>\n<\/blockquote>\n<p><span style=\"color: #000000;\"><strong><strong class=\"gdcc\">\u00a0<\/strong><\/strong><\/span>[\/vc_column_text][vc_column_text css=\u00a0\u00bb.vc_custom_1616419329919{padding-top: 5px !important;padding-right: 25px !important;padding-bottom: 3px !important;padding-left: 25px !important;background-color: #ededaa !important;}\u00a0\u00bb]Demander un devis, <a href=\"https:\/\/www.tours-in-provence.com\/fr\/contact\">contactez-nous<\/a>[\/vc_column_text][vc_empty_space height=\u00a0\u00bb20px\u00a0\u00bb][vc_single_image image=\u00a0\u00bb4240&Prime; img_size=\u00a0\u00bbmedium\u00a0\u00bb alignment=\u00a0\u00bbcenter\u00a0\u00bb onclick=\u00a0\u00bbcustom_link\u00a0\u00bb link=\u00a0\u00bbhttp:\/\/www.tours-in-provence.com\/fr\/contact\u00a0\u00bb][vc_empty_space height=\u00a0\u00bb40px\u00a0\u00bb][vc_empty_space][\/vc_column][vc_column width=\u00a0\u00bb1\/3&Prime; css=\u00a0\u00bb.vc_custom_1478518781021{background-color: #ffc46d !important;}\u00a0\u00bb][vc_column_text]<strong><span style=\"color: #ffffff;\">RESERVATIONS<\/span><\/strong>[\/vc_column_text][vc_column_text el_class=\u00a0\u00bbcadreresa\u00a0\u00bb]<span style=\"color: #000000;\"><strong>Comment r\u00e9server votre circuit avec Tours in Provence ?<\/strong><\/span><\/p>\n<p><span style=\"color: #000000;\">1. Prenez contact avec nous pour conna\u00eetre les disponibilit\u00e9s. N&rsquo;oubliez pas d&rsquo;indiquer les dates que vous souhaitez.\u00a0 <a class=\"maxbutton-2 maxbutton maxbutton-contact-ptt\" href=\"http:\/\/www.tours-in-provence.com\/fr\/contact\"><span class='mb-text'>Contact<\/span><\/a><br \/>\n<\/span><\/p>\n<p><span style=\"color: #000000;\">2. Vous recevrez dans les plus bref d\u00e9lais la confirmation de la disponibilit\u00e9 et votre pr\u00e9 r\u00e9servation<\/span><\/p>\n<p><span style=\"color: #000000;\">3. Proc\u00e9der au r\u00e8glement des frais d&rsquo;inscription en ligne, gr\u00e2ce au service de paiement en ligne s\u00e9curise Paypal.<br \/>\n(PayPal traite de mani\u00e8re s\u00e9curis\u00e9e les paiements de Tours in Provence.)<\/span><\/p>\n<p><span style=\"color: #000000;\">4. Vous recevrez ensuite, un e-mail de confirmation de votre r\u00e9servation avec tous les d\u00e9tails n\u00e9cessaires.<\/span><\/p>\n<p><span style=\"color: #000000;\">5. Nous contacter pour toutes questions sur votre r\u00e9servation et pour pr\u00e9parer votre journ\u00e9e, c&rsquo;est au plus vite que l&rsquo;\u00e9quipe de Tours in Provence vous r\u00e9pondra.<\/span>[\/vc_column_text][vc_empty_space height=\u00a0\u00bb15px\u00a0\u00bb][vc_column_text]<span style=\"color: #000000;\"><strong>PAIEMENT<\/strong><\/span><br \/>\n<span style=\"color: #000000;\">Vous avez choisi votre excursion, vous souhaitez r\u00e9server et <strong>r\u00e9gler les frais d&rsquo;inscription<\/strong>, vous pouvez le faire ci-dessous.<\/span><\/p>\n<form action=\"https:\/\/www.paypal.com\/cgi-bin\/webscr\" method=\"post\" target=\"_top\"><input name=\"cmd\" type=\"hidden\" value=\"_s-xclick\" \/><br \/>\n<input name=\"hosted_button_id\" type=\"hidden\" value=\"E7XXWC294MU2U\" \/><\/p>\n<table>\n<tbody>\n<tr>\n<td><input name=\"on0\" type=\"hidden\" value=\"Acompte\" \/>Acompte<\/td>\n<\/tr>\n<tr>\n<td><select name=\"os0\"><option value=\"1 passager\">1 passager \u20ac25,00 EUR<\/option><option value=\"2 passagers\">2 passagers \u20ac50,00 EUR<\/option><option value=\"3 passagers\">3 passagers \u20ac75,00 EUR<\/option><option value=\"4 passagers\">4 passagers \u20ac100,00 EUR<\/option><option value=\"5 passagers\">5 passagers \u20ac125,00 EUR<\/option><option value=\"6 passagers\">6 passagers \u20ac150,00 EUR<\/option><\/select><\/td>\n<\/tr>\n<\/tbody>\n<\/table>\n<p><input name=\"currency_code\" type=\"hidden\" value=\"EUR\" \/><br \/>\n<input alt=\"PayPal, le r\u00e9flexe s\u00e9curit\u00e9 pour payer en ligne\" name=\"submit\" src=\"https:\/\/www.paypalobjects.com\/fr_FR\/FR\/i\/btn\/btn_paynowCC_LG.gif\" type=\"image\" \/><br \/>\n<img loading=\"lazy\" decoding=\"async\" src=\"https:\/\/www.paypalobjects.com\/fr_FR\/i\/scr\/pixel.gif\" alt=\"\" width=\"1\" height=\"1\" border=\"0\" \/><\/p>\n<\/form>\n<p>[\/vc_column_text][vc_single_image image=\u00a0\u00bb4187&Prime; alignment=\u00a0\u00bbcenter\u00a0\u00bb][\/vc_column][\/vc_row]<\/p>\n","protected":false},"excerpt":{"rendered":"<p>[vc_row][vc_column width=\u00a0\u00bb1\/3&Prime;][vc_single_image image=\u00a0\u00bb6194&Prime; img_size=\u00a0\u00bbfull\u00a0\u00bb][\/vc_column][vc_column width=\u00a0\u00bb1\/3&Prime;][vc_column_text] Tarifs Balades naturalistes avec observation des oiseaux : D\u00e9couvrez les oiseaux sur les sentiers des Alpilles, de la Sainte-Victoire, et en Camargue. Dur\u00e9e de la randonn\u00e9e: 3h30. Mat\u00e9riel pr\u00eat\u00e9 par Tours in Provence: 6 paires de jumelles (8\u00d732 et 8\u00d742) Tarif pour cette activit\u00e9 de plein air: Adulte individuel 35\u20ac &#8230; <a class=\"excerpt-readmore\" href=\"https:\/\/www.tours-in-provence.com\/fr\/reservation-circuit-provence\">Read More<\/a><\/p>\n","protected":false},"author":1,"featured_media":0,"parent":0,"menu_order":0,"comment_status":"closed","ping_status":"closed","template":"","meta":{"footnotes":""},"class_list":["post-4984","page","type-page","status-publish","hentry"],"yoast_head":"<!-- This site is optimized with the Yoast SEO plugin v26.9 - https:\/\/yoast.com\/product\/yoast-seo-wordpress\/ -->\n<title>R\u00e9servation Visite Guid\u00e9e en Provence avec voiture priv\u00e9e et climatis\u00e9e<\/title>\n<meta name=\"description\" content=\"R\u00e9servation et visite guid\u00e9e en Provence \u00e0 bord d&#039;un minivan priv\u00e9 climatis\u00e9, 7 personnes maximum.Tours in Provence vous propose aussi des transferts priv\u00e9s\" \/>\n<meta name=\"robots\" content=\"index, follow, max-snippet:-1, max-image-preview:large, max-video-preview:-1\" \/>\n<link rel=\"canonical\" href=\"https:\/\/www.tours-in-provence.com\/fr\/reservation-circuit-provence\" \/>\n<meta property=\"og:locale\" content=\"fr_FR\" \/>\n<meta property=\"og:type\" content=\"article\" \/>\n<meta property=\"og:title\" content=\"R\u00e9servation Visite Guid\u00e9e en Provence avec voiture priv\u00e9e et climatis\u00e9e\" \/>\n<meta property=\"og:description\" content=\"R\u00e9servation et visite guid\u00e9e en Provence \u00e0 bord d&#039;un minivan priv\u00e9 climatis\u00e9, 7 personnes maximum.Tours in Provence vous propose aussi des transferts priv\u00e9s\" \/>\n<meta property=\"og:url\" content=\"https:\/\/www.tours-in-provence.com\/fr\/reservation-circuit-provence\" \/>\n<meta property=\"og:site_name\" content=\"Circuits touristiques\" \/>\n<meta property=\"article:modified_time\" content=\"2021-07-06T12:50:59+00:00\" \/>\n<meta property=\"og:image\" content=\"https:\/\/www.paypalobjects.com\/fr_FR\/i\/scr\/pixel.gif\" \/>\n<meta name=\"twitter:card\" content=\"summary_large_image\" \/>\n<meta name=\"twitter:label1\" content=\"Dur\u00e9e de lecture estim\u00e9e\" \/>\n\t<meta name=\"twitter:data1\" content=\"5 minutes\" \/>\n<script type=\"application\/ld+json\" class=\"yoast-schema-graph\">{\"@context\":\"https:\/\/schema.org\",\"@graph\":[{\"@type\":\"WebPage\",\"@id\":\"https:\/\/www.tours-in-provence.com\/fr\/reservation-circuit-provence\",\"url\":\"https:\/\/www.tours-in-provence.com\/fr\/reservation-circuit-provence\",\"name\":\"R\u00e9servation Visite Guid\u00e9e en Provence avec voiture priv\u00e9e et climatis\u00e9e\",\"isPartOf\":{\"@id\":\"https:\/\/www.tours-in-provence.com\/fr\/#website\"},\"primaryImageOfPage\":{\"@id\":\"https:\/\/www.tours-in-provence.com\/fr\/reservation-circuit-provence#primaryimage\"},\"image\":{\"@id\":\"https:\/\/www.tours-in-provence.com\/fr\/reservation-circuit-provence#primaryimage\"},\"thumbnailUrl\":\"https:\/\/www.paypalobjects.com\/fr_FR\/i\/scr\/pixel.gif\",\"datePublished\":\"2016-10-19T15:35:49+00:00\",\"dateModified\":\"2021-07-06T12:50:59+00:00\",\"description\":\"R\u00e9servation et visite guid\u00e9e en Provence \u00e0 bord d'un minivan priv\u00e9 climatis\u00e9, 7 personnes maximum.Tours in Provence vous propose aussi des transferts priv\u00e9s\",\"breadcrumb\":{\"@id\":\"https:\/\/www.tours-in-provence.com\/fr\/reservation-circuit-provence#breadcrumb\"},\"inLanguage\":\"fr-FR\",\"potentialAction\":[{\"@type\":\"ReadAction\",\"target\":[\"https:\/\/www.tours-in-provence.com\/fr\/reservation-circuit-provence\"]}]},{\"@type\":\"ImageObject\",\"inLanguage\":\"fr-FR\",\"@id\":\"https:\/\/www.tours-in-provence.com\/fr\/reservation-circuit-provence#primaryimage\",\"url\":\"https:\/\/www.paypalobjects.com\/fr_FR\/i\/scr\/pixel.gif\",\"contentUrl\":\"https:\/\/www.paypalobjects.com\/fr_FR\/i\/scr\/pixel.gif\"},{\"@type\":\"BreadcrumbList\",\"@id\":\"https:\/\/www.tours-in-provence.com\/fr\/reservation-circuit-provence#breadcrumb\",\"itemListElement\":[{\"@type\":\"ListItem\",\"position\":1,\"name\":\"Accueil\",\"item\":\"https:\/\/www.tours-in-provence.com\/fr\/\"},{\"@type\":\"ListItem\",\"position\":2,\"name\":\"Tarifs et r\u00e9servation de votre Circuit en Provence\"}]},{\"@type\":\"WebSite\",\"@id\":\"https:\/\/www.tours-in-provence.com\/fr\/#website\",\"url\":\"https:\/\/www.tours-in-provence.com\/fr\/\",\"name\":\"Circuits touristiques\",\"description\":\"Circuits touristiques en toute libert\u00e9\",\"potentialAction\":[{\"@type\":\"SearchAction\",\"target\":{\"@type\":\"EntryPoint\",\"urlTemplate\":\"https:\/\/www.tours-in-provence.com\/fr\/?s={search_term_string}\"},\"query-input\":{\"@type\":\"PropertyValueSpecification\",\"valueRequired\":true,\"valueName\":\"search_term_string\"}}],\"inLanguage\":\"fr-FR\"}]}<\/script>\n<!-- \/ Yoast SEO plugin. -->","yoast_head_json":{"title":"R\u00e9servation Visite Guid\u00e9e en Provence avec voiture priv\u00e9e et climatis\u00e9e","description":"R\u00e9servation et visite guid\u00e9e en Provence \u00e0 bord d'un minivan priv\u00e9 climatis\u00e9, 7 personnes maximum.Tours in Provence vous propose aussi des transferts priv\u00e9s","robots":{"index":"index","follow":"follow","max-snippet":"max-snippet:-1","max-image-preview":"max-image-preview:large","max-video-preview":"max-video-preview:-1"},"canonical":"https:\/\/www.tours-in-provence.com\/fr\/reservation-circuit-provence","og_locale":"fr_FR","og_type":"article","og_title":"R\u00e9servation Visite Guid\u00e9e en Provence avec voiture priv\u00e9e et climatis\u00e9e","og_description":"R\u00e9servation et visite guid\u00e9e en Provence \u00e0 bord d'un minivan priv\u00e9 climatis\u00e9, 7 personnes maximum.Tours in Provence vous propose aussi des transferts priv\u00e9s","og_url":"https:\/\/www.tours-in-provence.com\/fr\/reservation-circuit-provence","og_site_name":"Circuits touristiques","article_modified_time":"2021-07-06T12:50:59+00:00","og_image":[{"url":"https:\/\/www.paypalobjects.com\/fr_FR\/i\/scr\/pixel.gif","type":"","width":"","height":""}],"twitter_card":"summary_large_image","twitter_misc":{"Dur\u00e9e de lecture estim\u00e9e":"5 minutes"},"schema":{"@context":"https:\/\/schema.org","@graph":[{"@type":"WebPage","@id":"https:\/\/www.tours-in-provence.com\/fr\/reservation-circuit-provence","url":"https:\/\/www.tours-in-provence.com\/fr\/reservation-circuit-provence","name":"R\u00e9servation Visite Guid\u00e9e en Provence avec voiture priv\u00e9e et climatis\u00e9e","isPartOf":{"@id":"https:\/\/www.tours-in-provence.com\/fr\/#website"},"primaryImageOfPage":{"@id":"https:\/\/www.tours-in-provence.com\/fr\/reservation-circuit-provence#primaryimage"},"image":{"@id":"https:\/\/www.tours-in-provence.com\/fr\/reservation-circuit-provence#primaryimage"},"thumbnailUrl":"https:\/\/www.paypalobjects.com\/fr_FR\/i\/scr\/pixel.gif","datePublished":"2016-10-19T15:35:49+00:00","dateModified":"2021-07-06T12:50:59+00:00","description":"R\u00e9servation et visite guid\u00e9e en Provence \u00e0 bord d'un minivan priv\u00e9 climatis\u00e9, 7 personnes maximum.Tours in Provence vous propose aussi des transferts priv\u00e9s","breadcrumb":{"@id":"https:\/\/www.tours-in-provence.com\/fr\/reservation-circuit-provence#breadcrumb"},"inLanguage":"fr-FR","potentialAction":[{"@type":"ReadAction","target":["https:\/\/www.tours-in-provence.com\/fr\/reservation-circuit-provence"]}]},{"@type":"ImageObject","inLanguage":"fr-FR","@id":"https:\/\/www.tours-in-provence.com\/fr\/reservation-circuit-provence#primaryimage","url":"https:\/\/www.paypalobjects.com\/fr_FR\/i\/scr\/pixel.gif","contentUrl":"https:\/\/www.paypalobjects.com\/fr_FR\/i\/scr\/pixel.gif"},{"@type":"BreadcrumbList","@id":"https:\/\/www.tours-in-provence.com\/fr\/reservation-circuit-provence#breadcrumb","itemListElement":[{"@type":"ListItem","position":1,"name":"Accueil","item":"https:\/\/www.tours-in-provence.com\/fr\/"},{"@type":"ListItem","position":2,"name":"Tarifs et r\u00e9servation de votre Circuit en Provence"}]},{"@type":"WebSite","@id":"https:\/\/www.tours-in-provence.com\/fr\/#website","url":"https:\/\/www.tours-in-provence.com\/fr\/","name":"Circuits touristiques","description":"Circuits touristiques en toute libert\u00e9","potentialAction":[{"@type":"SearchAction","target":{"@type":"EntryPoint","urlTemplate":"https:\/\/www.tours-in-provence.com\/fr\/?s={search_term_string}"},"query-input":{"@type":"PropertyValueSpecification","valueRequired":true,"valueName":"search_term_string"}}],"inLanguage":"fr-FR"}]}},"_links":{"self":[{"href":"https:\/\/www.tours-in-provence.com\/fr\/wp-json\/wp\/v2\/pages\/4984","targetHints":{"allow":["GET"]}}],"collection":[{"href":"https:\/\/www.tours-in-provence.com\/fr\/wp-json\/wp\/v2\/pages"}],"about":[{"href":"https:\/\/www.tours-in-provence.com\/fr\/wp-json\/wp\/v2\/types\/page"}],"author":[{"embeddable":true,"href":"https:\/\/www.tours-in-provence.com\/fr\/wp-json\/wp\/v2\/users\/1"}],"replies":[{"embeddable":true,"href":"https:\/\/www.tours-in-provence.com\/fr\/wp-json\/wp\/v2\/comments?post=4984"}],"version-history":[{"count":19,"href":"https:\/\/www.tours-in-provence.com\/fr\/wp-json\/wp\/v2\/pages\/4984\/revisions"}],"predecessor-version":[{"id":6197,"href":"https:\/\/www.tours-in-provence.com\/fr\/wp-json\/wp\/v2\/pages\/4984\/revisions\/6197"}],"wp:attachment":[{"href":"https:\/\/www.tours-in-provence.com\/fr\/wp-json\/wp\/v2\/media?parent=4984"}],"curies":[{"name":"wp","href":"https:\/\/api.w.org\/{rel}","templated":true}]}}