{"id":4989,"date":"2016-10-19T22:52:29","date_gmt":"2016-10-19T20:52:29","guid":{"rendered":"http:\/\/www.tours-in-provence.com\/fr\/mentions-legales-copy"},"modified":"2016-11-22T18:22:28","modified_gmt":"2016-11-22T17:22:28","slug":"mentions","status":"publish","type":"page","link":"https:\/\/www.tours-in-provence.com\/fr\/mentions","title":{"rendered":"Mentions l\u00e9gales"},"content":{"rendered":"<p>[vc_row][vc_column width=\u00a0\u00bb1\/2&Prime;][vc_empty_space height=\u00a0\u00bb15px\u00a0\u00bb][vc_single_image image=\u00a0\u00bb4732&Prime; img_size=\u00a0\u00bblarge\u00a0\u00bb onclick=\u00a0\u00bbcustom_link\u00a0\u00bb link=\u00a0\u00bbhttp:\/\/www.tours-in-provence.com\/fr\/circuit-individuel\u00a0\u00bb][vc_empty_space height=\u00a0\u00bb15px\u00a0\u00bb][vc_column_text]<strong>Tous droits r\u00e9serv\u00e9s:<\/strong><br \/>\nL\u2019ensemble des \u00e9l\u00e9ments figurant sur notre site sont prot\u00e9g\u00e9s par les dispositions du Code de la Propri\u00e9t\u00e9 Intellectuelle. En cons\u00e9quence, toute reproduction de ceux-ci, totale ou partielle, ou imitation, sans notre accord expr\u00e8s, pr\u00e9alable et \u00e9crit, est interdite.<br \/>\nIl est formellement interdit de collecter et d\u2019utiliser les informations disponibles sur le site \u00e0 des fins commerciales.<br \/>\nCette interdiction s\u2019\u00e9tend notamment, sans que cette liste ne soit limitative, \u00e0 tout \u00e9l\u00e9ment r\u00e9dactionnel figurant sur le site, \u00e0 la pr\u00e9sentation des \u00e9crans, aux logiciels n\u00e9cessaires \u00e0 l\u2019exploitation, aux logos, images, photos, graphiques, de quelque nature qu\u2019ils soient.[\/vc_column_text][\/vc_column][vc_column width=\u00a0\u00bb1\/2&Prime; css=\u00a0\u00bb.vc_custom_1464551345831{background-color: #f1edc5 !important;}\u00a0\u00bb][vc_column_text]<\/p>\n<h3><span style=\"color: #000000;\"><strong>Tours in Provence est une marque d\u00e9pos\u00e9e<\/strong><\/span><\/h3>\n<p>[\/vc_column_text][vc_empty_space height=\u00a0\u00bb15px\u00a0\u00bb][vc_column_text]<span style=\"color: #000000;\"><strong>. Guide R\u00e9gional Interpr\u00e8te dipl\u00f4m\u00e9e ( anglais, espagnol ), bas\u00e9e \u00e0 Aix en Provence<br \/>\n<\/strong>Carte Professionnelle de Guide &#8211; Conferencier d\u00e9livr\u00e9e par Le Minist\u00e8re Charg\u00e9 du Tourisme et Le Minist\u00e8re Charg\u00e9 de La Culture. <\/span><br \/>\n<span style=\"color: #000000;\">T\u00e9l\u00e9phone : +33 (0) 6 24 19 29 91<\/span><\/p>\n<p><span style=\"color: #000000;\"><strong>. <\/strong><\/span><span style=\"color: #000000;\"><strong>Certificat et de Capacit\u00e9<\/strong> Professionnelle de Transport National et International par Route de Personnes. Licence n\u00b02013\/93 0000036<\/span><\/p>\n<p><span style=\"color: #000000;\">NAF: 4939B<br \/>\nAssurance R.C.C de Transporteur Routier de Personnes v\u00e9hicule de 8 places maximum.<br \/>\nSIREN \/ SIRET 552 902 444 00010<\/span><\/p>\n<p><span style=\"color: #000000;\"><strong>Cr\u00e9dits Photos<\/strong> : <a style=\"color: #000000;\" href=\"http:\/\/www.tours-in-provence.com\/fr\/contact\">Tours in Provence<\/a><br \/>\nLes photos sont non-contractuelles.<br \/>\n<\/span><\/p>\n<p><span style=\"color: #000000;\"><strong>Les liens<\/strong> fonctionnaient lorsque nous les avons \u00e9tablis.<br \/>\nIl se peut que des pages aient disparu au moment o\u00f9 vous les consultez.<br \/>\nMerci de nous en informer, nous ferons le n\u00e9cessaire. Certains liens sont donn\u00e9s \u00e0 titre d&rsquo;information et n&rsquo;engagent pas la responsabilit\u00e9 de Tours in Provence.<\/span><\/p>\n<p><span style=\"color: #000000;\"><strong>H\u00e9bergement <\/strong>:<br \/>\nOVH &#8211; SAS &#8211; 2 rue Kellermann &#8211; 59100 Roubaix France<br \/>\n<\/span><\/p>\n<p><span style=\"color: #000000;\"><strong>Conception et r\u00e9alisation<\/strong> :<br \/>\n<a style=\"color: #000000;\" href=\"http:\/\/www.wimex-webcom.com\/\" target=\"_blank\">wimex-webcom<\/a><br \/>\n<\/span>[\/vc_column_text][vc_empty_space height=\u00a0\u00bb15px\u00a0\u00bb][\/vc_column][\/vc_row]<\/p>\n","protected":false},"excerpt":{"rendered":"<p>[vc_row][vc_column width=\u00a0\u00bb1\/2&Prime;][vc_empty_space height=\u00a0\u00bb15px\u00a0\u00bb][vc_single_image image=\u00a0\u00bb4732&Prime; img_size=\u00a0\u00bblarge\u00a0\u00bb onclick=\u00a0\u00bbcustom_link\u00a0\u00bb link=\u00a0\u00bbhttp:\/\/www.tours-in-provence.com\/fr\/circuit-individuel\u00a0\u00bb][vc_empty_space height=\u00a0\u00bb15px\u00a0\u00bb][vc_column_text]Tous droits r\u00e9serv\u00e9s: L\u2019ensemble des \u00e9l\u00e9ments figurant sur notre site sont prot\u00e9g\u00e9s par les dispositions du Code de la Propri\u00e9t\u00e9 Intellectuelle. En cons\u00e9quence, toute reproduction de ceux-ci, totale ou partielle, ou imitation, sans notre accord expr\u00e8s, pr\u00e9alable et \u00e9crit, est interdite. Il est formellement interdit de collecter et &#8230; <a class=\"excerpt-readmore\" href=\"https:\/\/www.tours-in-provence.com\/fr\/mentions\">Read More<\/a><\/p>\n","protected":false},"author":1,"featured_media":0,"parent":0,"menu_order":0,"comment_status":"closed","ping_status":"closed","template":"","meta":{"footnotes":""},"class_list":["post-4989","page","type-page","status-publish","hentry"],"yoast_head":"<!-- This site is optimized with the Yoast SEO plugin v26.9 - https:\/\/yoast.com\/product\/yoast-seo-wordpress\/ -->\n<title>Mentions l\u00e9gales Visites en Provence - Tours in Provence<\/title>\n<meta name=\"description\" content=\"Mentions l\u00e9gales Visites en Provence - Tours in Provence\" \/>\n<meta name=\"robots\" content=\"index, follow, max-snippet:-1, max-image-preview:large, max-video-preview:-1\" \/>\n<link rel=\"canonical\" href=\"https:\/\/www.tours-in-provence.com\/fr\/mentions\" \/>\n<meta property=\"og:locale\" content=\"fr_FR\" \/>\n<meta property=\"og:type\" content=\"article\" \/>\n<meta property=\"og:title\" content=\"Mentions l\u00e9gales Visites en Provence - Tours in Provence\" \/>\n<meta property=\"og:description\" content=\"Mentions l\u00e9gales Visites en Provence - Tours in Provence\" \/>\n<meta property=\"og:url\" content=\"https:\/\/www.tours-in-provence.com\/fr\/mentions\" \/>\n<meta property=\"og:site_name\" content=\"Circuits touristiques\" \/>\n<meta property=\"article:modified_time\" content=\"2016-11-22T17:22:28+00:00\" \/>\n<meta name=\"twitter:card\" content=\"summary_large_image\" \/>\n<meta name=\"twitter:label1\" content=\"Dur\u00e9e de lecture estim\u00e9e\" \/>\n\t<meta name=\"twitter:data1\" content=\"2 minutes\" \/>\n<script type=\"application\/ld+json\" class=\"yoast-schema-graph\">{\"@context\":\"https:\/\/schema.org\",\"@graph\":[{\"@type\":\"WebPage\",\"@id\":\"https:\/\/www.tours-in-provence.com\/fr\/mentions\",\"url\":\"https:\/\/www.tours-in-provence.com\/fr\/mentions\",\"name\":\"Mentions l\u00e9gales Visites en Provence - Tours in Provence\",\"isPartOf\":{\"@id\":\"https:\/\/www.tours-in-provence.com\/fr\/#website\"},\"datePublished\":\"2016-10-19T20:52:29+00:00\",\"dateModified\":\"2016-11-22T17:22:28+00:00\",\"description\":\"Mentions l\u00e9gales Visites en Provence - Tours in Provence\",\"breadcrumb\":{\"@id\":\"https:\/\/www.tours-in-provence.com\/fr\/mentions#breadcrumb\"},\"inLanguage\":\"fr-FR\",\"potentialAction\":[{\"@type\":\"ReadAction\",\"target\":[\"https:\/\/www.tours-in-provence.com\/fr\/mentions\"]}]},{\"@type\":\"BreadcrumbList\",\"@id\":\"https:\/\/www.tours-in-provence.com\/fr\/mentions#breadcrumb\",\"itemListElement\":[{\"@type\":\"ListItem\",\"position\":1,\"name\":\"Accueil\",\"item\":\"https:\/\/www.tours-in-provence.com\/fr\/\"},{\"@type\":\"ListItem\",\"position\":2,\"name\":\"Mentions l\u00e9gales\"}]},{\"@type\":\"WebSite\",\"@id\":\"https:\/\/www.tours-in-provence.com\/fr\/#website\",\"url\":\"https:\/\/www.tours-in-provence.com\/fr\/\",\"name\":\"Circuits touristiques\",\"description\":\"Circuits touristiques en toute libert\u00e9\",\"potentialAction\":[{\"@type\":\"SearchAction\",\"target\":{\"@type\":\"EntryPoint\",\"urlTemplate\":\"https:\/\/www.tours-in-provence.com\/fr\/?s={search_term_string}\"},\"query-input\":{\"@type\":\"PropertyValueSpecification\",\"valueRequired\":true,\"valueName\":\"search_term_string\"}}],\"inLanguage\":\"fr-FR\"}]}<\/script>\n<!-- \/ Yoast SEO plugin. -->","yoast_head_json":{"title":"Mentions l\u00e9gales Visites en Provence - Tours in Provence","description":"Mentions l\u00e9gales Visites en Provence - Tours in Provence","robots":{"index":"index","follow":"follow","max-snippet":"max-snippet:-1","max-image-preview":"max-image-preview:large","max-video-preview":"max-video-preview:-1"},"canonical":"https:\/\/www.tours-in-provence.com\/fr\/mentions","og_locale":"fr_FR","og_type":"article","og_title":"Mentions l\u00e9gales Visites en Provence - Tours in Provence","og_description":"Mentions l\u00e9gales Visites en Provence - Tours in Provence","og_url":"https:\/\/www.tours-in-provence.com\/fr\/mentions","og_site_name":"Circuits touristiques","article_modified_time":"2016-11-22T17:22:28+00:00","twitter_card":"summary_large_image","twitter_misc":{"Dur\u00e9e de lecture estim\u00e9e":"2 minutes"},"schema":{"@context":"https:\/\/schema.org","@graph":[{"@type":"WebPage","@id":"https:\/\/www.tours-in-provence.com\/fr\/mentions","url":"https:\/\/www.tours-in-provence.com\/fr\/mentions","name":"Mentions l\u00e9gales Visites en Provence - Tours in Provence","isPartOf":{"@id":"https:\/\/www.tours-in-provence.com\/fr\/#website"},"datePublished":"2016-10-19T20:52:29+00:00","dateModified":"2016-11-22T17:22:28+00:00","description":"Mentions l\u00e9gales Visites en Provence - Tours in Provence","breadcrumb":{"@id":"https:\/\/www.tours-in-provence.com\/fr\/mentions#breadcrumb"},"inLanguage":"fr-FR","potentialAction":[{"@type":"ReadAction","target":["https:\/\/www.tours-in-provence.com\/fr\/mentions"]}]},{"@type":"BreadcrumbList","@id":"https:\/\/www.tours-in-provence.com\/fr\/mentions#breadcrumb","itemListElement":[{"@type":"ListItem","position":1,"name":"Accueil","item":"https:\/\/www.tours-in-provence.com\/fr\/"},{"@type":"ListItem","position":2,"name":"Mentions l\u00e9gales"}]},{"@type":"WebSite","@id":"https:\/\/www.tours-in-provence.com\/fr\/#website","url":"https:\/\/www.tours-in-provence.com\/fr\/","name":"Circuits touristiques","description":"Circuits touristiques en toute libert\u00e9","potentialAction":[{"@type":"SearchAction","target":{"@type":"EntryPoint","urlTemplate":"https:\/\/www.tours-in-provence.com\/fr\/?s={search_term_string}"},"query-input":{"@type":"PropertyValueSpecification","valueRequired":true,"valueName":"search_term_string"}}],"inLanguage":"fr-FR"}]}},"_links":{"self":[{"href":"https:\/\/www.tours-in-provence.com\/fr\/wp-json\/wp\/v2\/pages\/4989","targetHints":{"allow":["GET"]}}],"collection":[{"href":"https:\/\/www.tours-in-provence.com\/fr\/wp-json\/wp\/v2\/pages"}],"about":[{"href":"https:\/\/www.tours-in-provence.com\/fr\/wp-json\/wp\/v2\/types\/page"}],"author":[{"embeddable":true,"href":"https:\/\/www.tours-in-provence.com\/fr\/wp-json\/wp\/v2\/users\/1"}],"replies":[{"embeddable":true,"href":"https:\/\/www.tours-in-provence.com\/fr\/wp-json\/wp\/v2\/comments?post=4989"}],"version-history":[{"count":0,"href":"https:\/\/www.tours-in-provence.com\/fr\/wp-json\/wp\/v2\/pages\/4989\/revisions"}],"wp:attachment":[{"href":"https:\/\/www.tours-in-provence.com\/fr\/wp-json\/wp\/v2\/media?parent=4989"}],"curies":[{"name":"wp","href":"https:\/\/api.w.org\/{rel}","templated":true}]}}